{"id":1092,"date":"2020-07-23T09:39:32","date_gmt":"2020-07-23T12:39:32","guid":{"rendered":"http:\/\/medgen.com.br\/portal\/?page_id=1092"},"modified":"2021-02-11T10:02:14","modified_gmt":"2021-02-11T13:02:14","slug":"duvidas-frequentes","status":"publish","type":"page","link":"https:\/\/medgen.com.br\/portal\/duvidas-frequentes\/","title":{"rendered":"D\u00favidas Frequentes"},"content":{"rendered":"\t\t<div data-elementor-type=\"wp-page\" data-elementor-id=\"1092\" class=\"elementor elementor-1092\">\n\t\t\t\t\t\t<section class=\"elementor-section elementor-top-section elementor-element elementor-element-7c333b7c elementor-section-boxed elementor-section-height-default elementor-section-height-default\" data-id=\"7c333b7c\" data-element_type=\"section\">\n\t\t\t\t\t\t<div class=\"elementor-container elementor-column-gap-default\">\n\t\t\t\t\t<div class=\"elementor-column elementor-col-100 elementor-top-column elementor-element elementor-element-4e4b170\" data-id=\"4e4b170\" data-element_type=\"column\">\n\t\t\t<div class=\"elementor-widget-wrap elementor-element-populated\">\n\t\t\t\t\t\t<div class=\"elementor-element elementor-element-51d9fd3e elementor-widget elementor-widget-htmega-accordion-addons\" data-id=\"51d9fd3e\" data-element_type=\"widget\" data-widget_type=\"htmega-accordion-addons.default\">\n\t\t\t\t<div class=\"elementor-widget-container\">\n\t\t\t\t\t<div class=\"accordion\" id=\"accordionExample51d9fd3e\">                            <div class=\"single_accourdion htmega-icon-align-left\">\n\n                                <div class=\"htmega-accourdion-title\">\n                                    <h2 data-toggle=\"htbcollapse\" data-target=\"#htmega-collapse151d9fd3e\" class=\"htb-collapsed htmega-items-hedding\">\u00c9 poss\u00edvel a realiza\u00e7\u00e3o do exame antes do nascimento da crian\u00e7a? <span class=\"accourdion-icon close-accourdion\"><i class=\"fas fa-minus\"><\/i><\/span><span class=\"accourdion-icon open-accourdion\"><i class=\"fas fa-plus\"><\/i><\/span><\/h2>                                <\/div>\n\n                                <div id=\"htmega-collapse151d9fd3e\" class=\"htb-collapse \" data-parent=\"#accordionExample51d9fd3e\" >\n                                    <div class=\"accordion-content\">\n                                        <p>O exame de DNA pode ser feito em qualquer c\u00e9lula e tecido do nosso corpo, at\u00e9 mesmo antes do nascimento do beb\u00ea. O material a ser analisado varia de acordo com o per\u00edodo da gesta\u00e7\u00e3o.Com o advento da t\u00e9cnica de PCR, o teste pode ser realizado atrav\u00e9s da an\u00e1lise do DNA contido nas c\u00e9lulas do: <b>Sangue materno:<\/b> Coleta de 20mL de sangue da m\u00e3e. O exame pode ser realizado a partir da 11\u00aa semana de gesta\u00e7\u00e3o.<b>Vilo-Corial:<\/b> Coleta de fragmentos da placenta. O exame \u00e9 realizado a partir de 12 semanas de gesta\u00e7\u00e3o. <b>Amniocentese:<\/b> coleta de 22 mL do l\u00edquido amni\u00f3tico. Exame usualmente realizado entre a 14\u00ba e 28\u00ba semana de gesta\u00e7\u00e3o. <b>Cordocentese:<\/b> coleta do material sangu\u00edneo do feto atrav\u00e9s do cord\u00e3o umbilical. O exame \u00e9 realizado a partir da 29\u00ba semana de gesta\u00e7\u00e3o. A coleta n\u00e3o invasiva (sangue materno) \u00e9 realizada diretamente no MedGen\u00a0 ou em Laborat\u00f3rios Credenciados em todo o Brasil.As coletas invasivas ( vilo-corial, amniocentese e cordocentese) devem ser realizadas por nosso ginecologista\/obstetra, com expresso consentimento das partes e ci\u00eancia dos riscos poss\u00edveis (0,3% de risco de aborto).No exame n\u00e3o invasivo, a gestante pode optar por saber o sexo do feto. Vide mais informa\u00e7\u00f5es desse exame no banner \"Paternidade na Gravidez, na home page do site.A confiabilidade e seguran\u00e7a do seu exame vai depender do laborat\u00f3rio escolhido. Os profissionais do MedGen contam com mais de 25 anos de experi\u00eancia em gen\u00e9tica humana, e trabalha com os mais conceituados m\u00e9dicos do Brasil.<\/p>                                    <\/div>\n                                <\/div>\n\n                            <\/div>\n\n                                                    <div class=\"single_accourdion htmega-icon-align-left\">\n\n                                <div class=\"htmega-accourdion-title\">\n                                    <h2 data-toggle=\"htbcollapse\" data-target=\"#htmega-collapse251d9fd3e\" class=\"htb-collapsed htmega-items-hedding\">Como as coletas s\u00e3o realizadas? <span class=\"accourdion-icon close-accourdion\"><i class=\"fas fa-minus\"><\/i><\/span><span class=\"accourdion-icon open-accourdion\"><i class=\"fas fa-plus\"><\/i><\/span><\/h2>                                <\/div>\n\n                                <div id=\"htmega-collapse251d9fd3e\" class=\"htb-collapse \" data-parent=\"#accordionExample51d9fd3e\" >\n                                    <div class=\"accordion-content\">\n                                        <p>As coletas s\u00e3o realizadas no kit desenvolvido pelo MedGen (espec\u00edfico para Investiga\u00e7\u00e3o de V\u00ednculo Gen\u00e9tico), utilizando-se papel filtro, o qual conserva o DNA. Este kit \u00e9 bem mais seguro porque permite que os periciandos assinem no pr\u00f3prio suporte do papel coleta.<\/p><p>N\u00e3o \u00e9 necess\u00e1rio jejum. Bastam algumas gotas de sangue coletadas do dedo (semelhante ao exame de diabetes), sem trauma e sem dor.<\/p><p>Em rec\u00e9m nascidos, as coletas s\u00e3o realizadas atrav\u00e9s de um pequeno furo no calcanhar, semelhante ao teste do pezinho, para n\u00e3o machucar o beb\u00ea.<\/p>                                    <\/div>\n                                <\/div>\n\n                            <\/div>\n\n                                                    <div class=\"single_accourdion htmega-icon-align-left\">\n\n                                <div class=\"htmega-accourdion-title\">\n                                    <h2 data-toggle=\"htbcollapse\" data-target=\"#htmega-collapse351d9fd3e\" class=\"htb-collapsed htmega-items-hedding\">Quais os documentos necess\u00e1rios para realiza\u00e7\u00e3o do exame? <span class=\"accourdion-icon close-accourdion\"><i class=\"fas fa-minus\"><\/i><\/span><span class=\"accourdion-icon open-accourdion\"><i class=\"fas fa-plus\"><\/i><\/span><\/h2>                                <\/div>\n\n                                <div id=\"htmega-collapse351d9fd3e\" class=\"htb-collapse \" data-parent=\"#accordionExample51d9fd3e\" >\n                                    <div class=\"accordion-content\">\n                                        <div class=\"question\"><div class=\"answer\">Para realiza\u00e7\u00e3o do exame, \u00e9 imprescind\u00edvel a apresenta\u00e7\u00e3o dos seguintes documentos:<\/div><div class=\"answer\">- TRIO (suposto pai, m\u00e3e e filho): Documento oficial com foto e CPF do suposto pai e da m\u00e3e; e RG ou Certid\u00e3o de Nascimento ou Declara\u00e7\u00e3o de Nascido Vivo (DNV) do filho(a).<\/div><div class=\"answer\">- DUO (suposto pai ou m\u00e3e e filho): Documento oficial com foto e CPF do suposto pai ou da m\u00e3e e RG ou Certid\u00e3o de Nascimento do filho(a).<\/div><div>\u00a0<\/div><div class=\"answer\">*Obs.: Para realiza\u00e7\u00e3o do exame DUO, a crian\u00e7a deve ser registrada em nome do suposto pai ou a m\u00e3e dever\u00e1 estar presente para autorizar o exame, ou ainda poder\u00e1 ser apresentada uma autoriza\u00e7\u00e3o por escrito com firma reconhecida em cart\u00f3rio pela m\u00e3e para realiza\u00e7\u00e3o do exame.<\/div><\/div><p>\u00a0<\/p>                                    <\/div>\n                                <\/div>\n\n                            <\/div>\n\n                                                    <div class=\"single_accourdion htmega-icon-align-left\">\n\n                                <div class=\"htmega-accourdion-title\">\n                                    <h2 data-toggle=\"htbcollapse\" data-target=\"#htmega-collapse451d9fd3e\" class=\"htb-collapsed htmega-items-hedding\">Qual o prazo para o recebimento do laudo? <span class=\"accourdion-icon close-accourdion\"><i class=\"fas fa-minus\"><\/i><\/span><span class=\"accourdion-icon open-accourdion\"><i class=\"fas fa-plus\"><\/i><\/span><\/h2>                                <\/div>\n\n                                <div id=\"htmega-collapse451d9fd3e\" class=\"htb-collapse \" data-parent=\"#accordionExample51d9fd3e\" >\n                                    <div class=\"accordion-content\">\n                                        <p>Ap\u00f3s a realiza\u00e7\u00e3o da coleta, trios e duos tem o resultado liberado em 5 dias \u00fateis (vide novos prazos durante a pandemia). Para o teste n\u00e3o invasivo (gravidez na gesta\u00e7\u00e3o), o prazo \u00e9 de 11 dias \u00fateis. Para o invasivo (l\u00edquido amni\u00f3tico), o prazo \u00e9 de 5 dias \u00fateis.<\/p><p>Em casos de urg\u00eancia, o MedGen oferece os exames em 23 horas ou 48 horas.<\/p>                                    <\/div>\n                                <\/div>\n\n                            <\/div>\n\n                                                    <div class=\"single_accourdion htmega-icon-align-left\">\n\n                                <div class=\"htmega-accourdion-title\">\n                                    <h2 data-toggle=\"htbcollapse\" data-target=\"#htmega-collapse551d9fd3e\" class=\"htb-collapsed htmega-items-hedding\">Qual a t\u00e9cnica utilizada para a obten\u00e7\u00e3o dos resultados? <span class=\"accourdion-icon close-accourdion\"><i class=\"fas fa-minus\"><\/i><\/span><span class=\"accourdion-icon open-accourdion\"><i class=\"fas fa-plus\"><\/i><\/span><\/h2>                                <\/div>\n\n                                <div id=\"htmega-collapse551d9fd3e\" class=\"htb-collapse \" data-parent=\"#accordionExample51d9fd3e\" >\n                                    <div class=\"accordion-content\">\n                                        <p>A t\u00e9cnica utilizada \u00e9 o PCR, que, aliada aos mais modernos equipamentos, faz com que a metodologia seja a mais r\u00e1pida e eficaz em termos de identifica\u00e7\u00e3o humana, sendo validada internacionalmente.<\/p>                                    <\/div>\n                                <\/div>\n\n                            <\/div>\n\n                                                    <div class=\"single_accourdion htmega-icon-align-left\">\n\n                                <div class=\"htmega-accourdion-title\">\n                                    <h2 data-toggle=\"htbcollapse\" data-target=\"#htmega-collapse651d9fd3e\" class=\"htb-collapsed htmega-items-hedding\">Necessito de uma autoriza\u00e7\u00e3o judicial para a realiza\u00e7\u00e3o do exame? <span class=\"accourdion-icon close-accourdion\"><i class=\"fas fa-minus\"><\/i><\/span><span class=\"accourdion-icon open-accourdion\"><i class=\"fas fa-plus\"><\/i><\/span><\/h2>                                <\/div>\n\n                                <div id=\"htmega-collapse651d9fd3e\" class=\"htb-collapse \" data-parent=\"#accordionExample51d9fd3e\" >\n                                    <div class=\"accordion-content\">\n                                        <p>N\u00e3o! O exame pode ser realizado atrav\u00e9s do consentimento das partes envolvidas, bastando agendar o dia e hor\u00e1rio da coleta.<\/p>                                    <\/div>\n                                <\/div>\n\n                            <\/div>\n\n                                                    <div class=\"single_accourdion htmega-icon-align-left\">\n\n                                <div class=\"htmega-accourdion-title\">\n                                    <h2 data-toggle=\"htbcollapse\" data-target=\"#htmega-collapse751d9fd3e\" class=\"htb-collapsed htmega-items-hedding\">Posso fazer o exame sem que a m\u00e3e saiba? <span class=\"accourdion-icon close-accourdion\"><i class=\"fas fa-minus\"><\/i><\/span><span class=\"accourdion-icon open-accourdion\"><i class=\"fas fa-plus\"><\/i><\/span><\/h2>                                <\/div>\n\n                                <div id=\"htmega-collapse751d9fd3e\" class=\"htb-collapse \" data-parent=\"#accordionExample51d9fd3e\" >\n                                    <div class=\"accordion-content\">\n                                        <p>A legisla\u00e7\u00e3o (jurisprud\u00eancia) permite a realiza\u00e7\u00e3o do exame de DNA sem o consentimento da m\u00e3e, desde que o suposto pai tenha registrado o filho(a).<\/p><p>Se o filho(a) n\u00e3o for registrado pelo suposto pai, o exame s\u00f3 poder\u00e1 ser realizado mediante autoriza\u00e7\u00e3o expressa da m\u00e3e. N\u00e3o h\u00e1 necessidade da sua participa\u00e7\u00e3o no exame.<\/p>                                    <\/div>\n                                <\/div>\n\n                            <\/div>\n\n                                                    <div class=\"single_accourdion htmega-icon-align-left\">\n\n                                <div class=\"htmega-accourdion-title\">\n                                    <h2 data-toggle=\"htbcollapse\" data-target=\"#htmega-collapse851d9fd3e\" class=\"htb-collapsed htmega-items-hedding\">Existem fatores que possam influenciar no resultado do exame? <span class=\"accourdion-icon close-accourdion\"><i class=\"fas fa-minus\"><\/i><\/span><span class=\"accourdion-icon open-accourdion\"><i class=\"fas fa-plus\"><\/i><\/span><\/h2>                                <\/div>\n\n                                <div id=\"htmega-collapse851d9fd3e\" class=\"htb-collapse \" data-parent=\"#accordionExample51d9fd3e\" >\n                                    <div class=\"accordion-content\">\n                                        <p>Sim. Pacientes que tenham realizado transplante de medula \u00f3ssea devem coletar outros materiais que n\u00e3o seja sangue. Podem ser as unhas ou os fios de cabelos com o bulbo capilar (de 10 a 15 fios arrancados).<\/p>                                    <\/div>\n                                <\/div>\n\n                            <\/div>\n\n                                                    <div class=\"single_accourdion htmega-icon-align-left\">\n\n                                <div class=\"htmega-accourdion-title\">\n                                    <h2 data-toggle=\"htbcollapse\" data-target=\"#htmega-collapse951d9fd3e\" class=\"htb-collapsed htmega-items-hedding\">A transfus\u00e3o de sangue pode influenciar no resultado do exame? <span class=\"accourdion-icon close-accourdion\"><i class=\"fas fa-minus\"><\/i><\/span><span class=\"accourdion-icon open-accourdion\"><i class=\"fas fa-plus\"><\/i><\/span><\/h2>                                <\/div>\n\n                                <div id=\"htmega-collapse951d9fd3e\" class=\"htb-collapse \" data-parent=\"#accordionExample51d9fd3e\" >\n                                    <div class=\"accordion-content\">\n                                        <p>N\u00e3o. Atualmente a ci\u00eancia j\u00e1 deixou claro que as transfus\u00f5es atuais de sangue restringem-se apenas a hem\u00e1cias e n\u00e3o aos leuc\u00f3citos. \u00c9 dif\u00edcil ocorrer a transfus\u00e3o total do sangue, portanto a possibilidade de encontrarmos DNA do doador ap\u00f3s 2 a 3 dias \u00e9 \u00ednfima.<\/p>                                    <\/div>\n                                <\/div>\n\n                            <\/div>\n\n                                                    <div class=\"single_accourdion htmega-icon-align-left\">\n\n                                <div class=\"htmega-accourdion-title\">\n                                    <h2 data-toggle=\"htbcollapse\" data-target=\"#htmega-collapse1051d9fd3e\" class=\"htb-collapsed htmega-items-hedding\">Posso realizar o exame mesmo se o suposto pai estiver falecido? <span class=\"accourdion-icon close-accourdion\"><i class=\"fas fa-minus\"><\/i><\/span><span class=\"accourdion-icon open-accourdion\"><i class=\"fas fa-plus\"><\/i><\/span><\/h2>                                <\/div>\n\n                                <div id=\"htmega-collapse1051d9fd3e\" class=\"htb-collapse \" data-parent=\"#accordionExample51d9fd3e\" >\n                                    <div class=\"accordion-content\">\n                                        <div class=\"question\"><div class=\"answer\">Sim! Para exames com suposto pai falecido existem duas op\u00e7\u00f5es:<\/div><div class=\"answer\">1) An\u00e1lise indireta compondo as caracter\u00edsticas gen\u00e9ticas do falecido atrav\u00e9s de coleta de sangue dos parentes mais pr\u00f3ximos (pais, irm\u00e3os, filhos biol\u00f3gicos e suas genitoras). O \u00edndice obtido depender\u00e1 do grau de parentesco e da quantidade de periciados envolvidos.<\/div><div class=\"answer\">2) An\u00e1lise direta atrav\u00e9s das ossadas do falecido (exuma\u00e7\u00e3o).<\/div><\/div>                                    <\/div>\n                                <\/div>\n\n                            <\/div>\n\n                                                    <div class=\"single_accourdion htmega-icon-align-left\">\n\n                                <div class=\"htmega-accourdion-title\">\n                                    <h2 data-toggle=\"htbcollapse\" data-target=\"#htmega-collapse1151d9fd3e\" class=\"htb-collapsed htmega-items-hedding\">A MEDGEN realiza o exame com unhas? <span class=\"accourdion-icon close-accourdion\"><i class=\"fas fa-minus\"><\/i><\/span><span class=\"accourdion-icon open-accourdion\"><i class=\"fas fa-plus\"><\/i><\/span><\/h2>                                <\/div>\n\n                                <div id=\"htmega-collapse1151d9fd3e\" class=\"htb-collapse \" data-parent=\"#accordionExample51d9fd3e\" >\n                                    <div class=\"accordion-content\">\n                                        <p>Sim! Neste caso, solicitamos no m\u00ednimo 10 peda\u00e7os de unha de cada participante.<\/p>                                    <\/div>\n                                <\/div>\n\n                            <\/div>\n\n                                                    <div class=\"single_accourdion htmega-icon-align-left\">\n\n                                <div class=\"htmega-accourdion-title\">\n                                    <h2 data-toggle=\"htbcollapse\" data-target=\"#htmega-collapse1251d9fd3e\" class=\"htb-collapsed htmega-items-hedding\">A MEDGEN realiza o exame com fios de cabelo? <span class=\"accourdion-icon close-accourdion\"><i class=\"fas fa-minus\"><\/i><\/span><span class=\"accourdion-icon open-accourdion\"><i class=\"fas fa-plus\"><\/i><\/span><\/h2>                                <\/div>\n\n                                <div id=\"htmega-collapse1251d9fd3e\" class=\"htb-collapse \" data-parent=\"#accordionExample51d9fd3e\" >\n                                    <div class=\"accordion-content\">\n                                        <p>Sim! Neste caso, solicitamos no m\u00ednimo 10 fios com bulbo (raiz) de cada participante.<\/p>                                    <\/div>\n                                <\/div>\n\n                            <\/div>\n\n                        <\/div>\t\t\t\t<\/div>\n\t\t\t\t<\/div>\n\t\t\t\t\t<\/div>\n\t\t<\/div>\n\t\t\t\t\t<\/div>\n\t\t<\/section>\n\t\t\t\t<\/div>\n\t\t","protected":false},"excerpt":{"rendered":"<p>\u00c9 poss\u00edvel a realiza\u00e7\u00e3o do exame antes do nascimento da crian\u00e7a? O exame de DNA pode ser feito em qualquer c\u00e9lula e tecido do nosso corpo, at\u00e9 mesmo antes do nascimento do beb\u00ea. O material a ser analisado varia de acordo com o per\u00edodo da gesta\u00e7\u00e3o.Com o advento da t\u00e9cnica de PCR, o teste pode &#8230; <a title=\"D\u00favidas Frequentes\" class=\"read-more\" href=\"https:\/\/medgen.com.br\/portal\/duvidas-frequentes\/\" aria-label=\"More on D\u00favidas Frequentes\">Ler mais<\/a><\/p>\n","protected":false},"author":1,"featured_media":0,"parent":0,"menu_order":0,"comment_status":"closed","ping_status":"closed","template":"","meta":{"footnotes":""},"class_list":["post-1092","page","type-page","status-publish"],"_links":{"self":[{"href":"https:\/\/medgen.com.br\/portal\/wp-json\/wp\/v2\/pages\/1092","targetHints":{"allow":["GET"]}}],"collection":[{"href":"https:\/\/medgen.com.br\/portal\/wp-json\/wp\/v2\/pages"}],"about":[{"href":"https:\/\/medgen.com.br\/portal\/wp-json\/wp\/v2\/types\/page"}],"author":[{"embeddable":true,"href":"https:\/\/medgen.com.br\/portal\/wp-json\/wp\/v2\/users\/1"}],"replies":[{"embeddable":true,"href":"https:\/\/medgen.com.br\/portal\/wp-json\/wp\/v2\/comments?post=1092"}],"version-history":[{"count":21,"href":"https:\/\/medgen.com.br\/portal\/wp-json\/wp\/v2\/pages\/1092\/revisions"}],"predecessor-version":[{"id":2212,"href":"https:\/\/medgen.com.br\/portal\/wp-json\/wp\/v2\/pages\/1092\/revisions\/2212"}],"wp:attachment":[{"href":"https:\/\/medgen.com.br\/portal\/wp-json\/wp\/v2\/media?parent=1092"}],"curies":[{"name":"wp","href":"https:\/\/api.w.org\/{rel}","templated":true}]}}