{"id":1386,"date":"2020-07-28T05:33:03","date_gmt":"2020-07-28T08:33:03","guid":{"rendered":"http:\/\/medgen.com.br\/portal\/?page_id=1386"},"modified":"2020-09-01T19:07:53","modified_gmt":"2020-09-01T22:07:53","slug":"kit-fragmentos-de-unha","status":"publish","type":"page","link":"https:\/\/medgen.com.br\/portal\/kit-fragmentos-de-unha\/","title":{"rendered":"Kit Fragmentos de Unha"},"content":{"rendered":"\t\t<div data-elementor-type=\"wp-page\" data-elementor-id=\"1386\" class=\"elementor elementor-1386\">\n\t\t\t\t\t\t<section class=\"elementor-section elementor-top-section elementor-element elementor-element-3749d633 elementor-section-boxed elementor-section-height-default elementor-section-height-default\" data-id=\"3749d633\" data-element_type=\"section\">\n\t\t\t\t\t\t<div class=\"elementor-container elementor-column-gap-default\">\n\t\t\t\t\t<div class=\"elementor-column elementor-col-100 elementor-top-column elementor-element elementor-element-2fa78a6c\" data-id=\"2fa78a6c\" data-element_type=\"column\">\n\t\t\t<div class=\"elementor-widget-wrap elementor-element-populated\">\n\t\t\t\t\t\t<div class=\"elementor-element elementor-element-56fd82b elementor-widget elementor-widget-shortcode\" data-id=\"56fd82b\" data-element_type=\"widget\" data-widget_type=\"shortcode.default\">\n\t\t\t\t<div class=\"elementor-widget-container\">\n\t\t\t\t\t\t\t<div class=\"elementor-shortcode\">\t\t<div data-elementor-type=\"wp-post\" data-elementor-id=\"2071\" class=\"elementor elementor-2071\">\n\t\t\t\t\t\t<section class=\"elementor-section elementor-top-section elementor-element elementor-element-8a0e4ef elementor-section-boxed elementor-section-height-default elementor-section-height-default\" data-id=\"8a0e4ef\" data-element_type=\"section\">\n\t\t\t\t\t\t<div class=\"elementor-container elementor-column-gap-default\">\n\t\t\t\t\t<div class=\"elementor-column elementor-col-100 elementor-top-column elementor-element elementor-element-57057b1\" data-id=\"57057b1\" data-element_type=\"column\">\n\t\t\t<div class=\"elementor-widget-wrap elementor-element-populated\">\n\t\t\t\t\t\t<div class=\"elementor-element elementor-element-287829e elementor-widget elementor-widget-image\" data-id=\"287829e\" data-element_type=\"widget\" data-widget_type=\"image.default\">\n\t\t\t\t<div class=\"elementor-widget-container\">\n\t\t\t\t\t\t\t\t\t\t\t\t\t\t\t<img fetchpriority=\"high\" decoding=\"async\" width=\"1086\" height=\"296\" src=\"https:\/\/medgen.com.br\/portal\/wp-content\/uploads\/2020\/08\/fundo-telefonista.jpg\" class=\"attachment-full size-full wp-image-2074\" alt=\"\" srcset=\"https:\/\/medgen.com.br\/portal\/wp-content\/uploads\/2020\/08\/fundo-telefonista.jpg 1086w, https:\/\/medgen.com.br\/portal\/wp-content\/uploads\/2020\/08\/fundo-telefonista-300x82.jpg 300w, https:\/\/medgen.com.br\/portal\/wp-content\/uploads\/2020\/08\/fundo-telefonista-1024x279.jpg 1024w, https:\/\/medgen.com.br\/portal\/wp-content\/uploads\/2020\/08\/fundo-telefonista-768x209.jpg 768w\" sizes=\"(max-width: 1086px) 100vw, 1086px\" \/>\t\t\t\t\t\t\t\t\t\t\t\t\t\t\t<\/div>\n\t\t\t\t<\/div>\n\t\t\t\t\t<\/div>\n\t\t<\/div>\n\t\t\t\t\t<\/div>\n\t\t<\/section>\n\t\t\t\t<\/div>\n\t\t<\/div>\n\t\t\t\t\t\t<\/div>\n\t\t\t\t<\/div>\n\t\t\t\t\t<\/div>\n\t\t<\/div>\n\t\t\t\t\t<\/div>\n\t\t<\/section>\n\t\t\t\t<section class=\"elementor-section elementor-top-section elementor-element elementor-element-e8bd860 elementor-section-boxed elementor-section-height-default elementor-section-height-default\" data-id=\"e8bd860\" data-element_type=\"section\">\n\t\t\t\t\t\t<div class=\"elementor-container elementor-column-gap-default\">\n\t\t\t\t\t<div class=\"elementor-column elementor-col-100 elementor-top-column elementor-element elementor-element-1609129c\" data-id=\"1609129c\" data-element_type=\"column\">\n\t\t\t<div class=\"elementor-widget-wrap elementor-element-populated\">\n\t\t\t\t\t\t<div class=\"elementor-element elementor-element-1896e72e elementor-widget elementor-widget-heading\" data-id=\"1896e72e\" data-element_type=\"widget\" data-widget_type=\"heading.default\">\n\t\t\t\t<div class=\"elementor-widget-container\">\n\t\t\t\t\t<h2 class=\"elementor-heading-title elementor-size-default\">Nossos exames podem ser realizados em qualquer lugar do Brasil<\/h2>\t\t\t\t<\/div>\n\t\t\t\t<\/div>\n\t\t\t\t\t<\/div>\n\t\t<\/div>\n\t\t\t\t\t<\/div>\n\t\t<\/section>\n\t\t\t\t<section class=\"elementor-section elementor-top-section elementor-element elementor-element-5799155e elementor-section-boxed elementor-section-height-default elementor-section-height-default\" data-id=\"5799155e\" data-element_type=\"section\">\n\t\t\t\t\t\t<div class=\"elementor-container elementor-column-gap-default\">\n\t\t\t\t\t<div class=\"elementor-column elementor-col-50 elementor-top-column elementor-element elementor-element-789e8ba8\" data-id=\"789e8ba8\" data-element_type=\"column\">\n\t\t\t<div class=\"elementor-widget-wrap elementor-element-populated\">\n\t\t\t\t\t\t<div class=\"elementor-element elementor-element-d180706 elementor-widget elementor-widget-image\" data-id=\"d180706\" data-element_type=\"widget\" data-widget_type=\"image.default\">\n\t\t\t\t<div class=\"elementor-widget-container\">\n\t\t\t\t\t\t\t\t\t\t\t\t\t\t\t<img decoding=\"async\" width=\"600\" height=\"320\" src=\"https:\/\/medgen.com.br\/portal\/wp-content\/uploads\/2020\/08\/cutting-nails.jpg\" class=\"attachment-full size-full wp-image-2055\" alt=\"\" srcset=\"https:\/\/medgen.com.br\/portal\/wp-content\/uploads\/2020\/08\/cutting-nails.jpg 600w, https:\/\/medgen.com.br\/portal\/wp-content\/uploads\/2020\/08\/cutting-nails-300x160.jpg 300w\" sizes=\"(max-width: 600px) 100vw, 600px\" \/>\t\t\t\t\t\t\t\t\t\t\t\t\t\t\t<\/div>\n\t\t\t\t<\/div>\n\t\t\t\t\t<\/div>\n\t\t<\/div>\n\t\t\t\t<div class=\"elementor-column elementor-col-50 elementor-top-column elementor-element elementor-element-2fb0524a\" data-id=\"2fb0524a\" data-element_type=\"column\">\n\t\t\t<div class=\"elementor-widget-wrap elementor-element-populated\">\n\t\t\t\t\t\t<div class=\"elementor-element elementor-element-1217cef8 elementor-widget elementor-widget-text-editor\" data-id=\"1217cef8\" data-element_type=\"widget\" data-widget_type=\"text-editor.default\">\n\t\t\t\t<div class=\"elementor-widget-container\">\n\t\t\t\t\t\t\t\t\t<p><span style=\"background-color: transparent; font-size: 14pt; color: #339966;\">O kit de Coleta de Fragmentos de Unha cont\u00e9m:<\/span><\/p><p><br \/><span style=\"background-color: transparent; font-size: 10pt;\"><span style=\"font-size: 12pt;\">1) Envelope com identifica\u00e7\u00e3o do Laborat\u00f3rio;<\/span><\/span><br \/><span style=\"background-color: transparent; font-size: 12pt;\">2) Saquinho de pl\u00e1stico zipado;<\/span><br \/><span style=\"background-color: transparent; font-size: 12pt;\">3) Ficha de entrevista\u00a0<\/span><br \/><span style=\"background-color: transparent; font-size: 12pt;\">* preencher o pr\u00e9 cadastro no Site e imprimir ficha.<\/span><\/p><div><span style=\"background-color: transparent; font-size: 10pt;\">\u00a0<\/span><\/div>\t\t\t\t\t\t\t\t<\/div>\n\t\t\t\t<\/div>\n\t\t\t\t\t<\/div>\n\t\t<\/div>\n\t\t\t\t\t<\/div>\n\t\t<\/section>\n\t\t\t\t<section class=\"elementor-section elementor-top-section elementor-element elementor-element-9bf5f9d elementor-section-boxed elementor-section-height-default elementor-section-height-default\" data-id=\"9bf5f9d\" data-element_type=\"section\">\n\t\t\t\t\t\t<div class=\"elementor-container elementor-column-gap-default\">\n\t\t\t\t\t<div class=\"elementor-column elementor-col-50 elementor-top-column elementor-element elementor-element-64b34013\" data-id=\"64b34013\" data-element_type=\"column\">\n\t\t\t<div class=\"elementor-widget-wrap elementor-element-populated\">\n\t\t\t\t\t\t<div class=\"elementor-element elementor-element-30d4cf4a elementor-widget elementor-widget-text-editor\" data-id=\"30d4cf4a\" data-element_type=\"widget\" data-widget_type=\"text-editor.default\">\n\t\t\t\t<div class=\"elementor-widget-container\">\n\t\t\t\t\t\t\t\t\t<p><span style=\"font-size: 14pt; color: #339966;\"><b>I<\/b><span style=\"background-color: transparent;\">nstru\u00e7\u00f5es de Coleta:<\/span><\/span><\/p><p>1\u00a0<span style=\"font-size: 10pt;\">&#8211;<\/span> Corte as unhas das m\u00e3os ou p\u00e9s;<\/p><p>2 &#8211; Coloque os fragmentos das unhas dentro do saquinho do\u00a0 \u00a0 \u00a0 \u00a0 \u00a0pl\u00e1stico zipado;<\/p><p>3 &#8211; Coloque os saquinho contendo os fragmentos de unhas,\u00a0 \u00a0 \u00a0 \u00a0 \u00a0 juntamente com os documentos e ficha de entrevista no\u00a0 \u00a0 \u00a0 \u00a0 \u00a0 envelope de retorno;<\/p><p>4 &#8211; Lacre o envelope e envie ao laborat\u00f3rio. O endere\u00e7o do destinat\u00e1rio est\u00e1 no rodap\u00e9 desta p\u00e1gina.<\/p><h3>\u00a0<\/h3>\t\t\t\t\t\t\t\t<\/div>\n\t\t\t\t<\/div>\n\t\t\t\t\t<\/div>\n\t\t<\/div>\n\t\t\t\t<div class=\"elementor-column elementor-col-50 elementor-top-column elementor-element elementor-element-6b076314\" data-id=\"6b076314\" data-element_type=\"column\">\n\t\t\t<div class=\"elementor-widget-wrap elementor-element-populated\">\n\t\t\t\t\t\t<div class=\"elementor-element elementor-element-150e01bb elementor-widget elementor-widget-text-editor\" data-id=\"150e01bb\" data-element_type=\"widget\" data-widget_type=\"text-editor.default\">\n\t\t\t\t<div class=\"elementor-widget-container\">\n\t\t\t\t\t\t\t\t\t<h3><span style=\"color: #339966;\">Como enviar o kit de volta ao laborat\u00f3rio?<\/span><\/h3>\n<p>Ap\u00f3s a realiza\u00e7\u00e3o da coleta, insira a amostra de volta no kit, lacre-o e envie&nbsp; para o endere\u00e7o: Av. Get\u00falio Vargas, 1920 &#8211; Bairro Martins &#8211; CEP: 38400-434 &#8211; Uberl\u00e2ndia &#8211; MG<\/p>\n<h3>&nbsp;<\/h3>\n<h3><span style=\"color: #339966;\">Coleta presencial<\/span><\/h3>\n<p>Pacientes que se encontram em Uberl\u00e2ndia tamb\u00e9m tem a op\u00e7\u00e3o de realizar o exame no pr\u00f3prio laborat\u00f3rio &#8211; DNA Medic.<\/p>\t\t\t\t\t\t\t\t<\/div>\n\t\t\t\t<\/div>\n\t\t\t\t\t<\/div>\n\t\t<\/div>\n\t\t\t\t\t<\/div>\n\t\t<\/section>\n\t\t\t\t<section class=\"elementor-section elementor-top-section elementor-element elementor-element-50a7a0e9 elementor-section-boxed elementor-section-height-default elementor-section-height-default\" data-id=\"50a7a0e9\" data-element_type=\"section\">\n\t\t\t\t\t\t<div class=\"elementor-container elementor-column-gap-default\">\n\t\t\t\t\t<div class=\"elementor-column elementor-col-100 elementor-top-column elementor-element elementor-element-56fe2a36\" data-id=\"56fe2a36\" data-element_type=\"column\">\n\t\t\t<div class=\"elementor-widget-wrap elementor-element-populated\">\n\t\t\t\t\t\t<div class=\"elementor-element elementor-element-b6135e0 elementor-widget elementor-widget-shortcode\" data-id=\"b6135e0\" data-element_type=\"widget\" data-widget_type=\"shortcode.default\">\n\t\t\t\t<div class=\"elementor-widget-container\">\n\t\t\t\t\t\t\t<div class=\"elementor-shortcode\">\t\t<div data-elementor-type=\"wp-post\" data-elementor-id=\"2083\" class=\"elementor elementor-2083\">\n\t\t\t\t\t\t<section class=\"elementor-section elementor-top-section elementor-element elementor-element-81f17ed elementor-section-boxed elementor-section-height-default elementor-section-height-default\" data-id=\"81f17ed\" data-element_type=\"section\">\n\t\t\t\t\t\t<div class=\"elementor-container elementor-column-gap-default\">\n\t\t\t\t\t<div class=\"elementor-column elementor-col-100 elementor-top-column elementor-element elementor-element-b8d65fc\" data-id=\"b8d65fc\" data-element_type=\"column\">\n\t\t\t<div class=\"elementor-widget-wrap elementor-element-populated\">\n\t\t\t\t\t\t<div class=\"elementor-element elementor-element-26554db elementor-widget elementor-widget-heading\" data-id=\"26554db\" data-element_type=\"widget\" data-widget_type=\"heading.default\">\n\t\t\t\t<div class=\"elementor-widget-container\">\n\t\t\t\t\t<h2 class=\"elementor-heading-title elementor-size-default\">Localiza\u00e7\u00e3o<\/h2>\t\t\t\t<\/div>\n\t\t\t\t<\/div>\n\t\t\t\t<div class=\"elementor-element elementor-element-ea57b3a elementor-widget elementor-widget-google_maps\" data-id=\"ea57b3a\" data-element_type=\"widget\" data-widget_type=\"google_maps.default\">\n\t\t\t\t<div class=\"elementor-widget-container\">\n\t\t\t\t\t\t\t<div class=\"elementor-custom-embed\">\n\t\t\t<iframe loading=\"lazy\"\n\t\t\t\t\tsrc=\"https:\/\/maps.google.com\/maps?q=R.%20Goi%C3%A1s%2C%20450%20-%20Centro%20-%20Uberl%C3%A2ndia%20-%20MG&#038;t=m&#038;z=16&#038;output=embed&#038;iwloc=near\"\n\t\t\t\t\ttitle=\"R. Goi\u00e1s, 450 - Centro - Uberl\u00e2ndia - MG\"\n\t\t\t\t\taria-label=\"R. Goi\u00e1s, 450 - Centro - Uberl\u00e2ndia - MG\"\n\t\t\t><\/iframe>\n\t\t<\/div>\n\t\t\t\t\t\t<\/div>\n\t\t\t\t<\/div>\n\t\t\t\t\t<\/div>\n\t\t<\/div>\n\t\t\t\t\t<\/div>\n\t\t<\/section>\n\t\t\t\t<\/div>\n\t\t<\/div>\n\t\t\t\t\t\t<\/div>\n\t\t\t\t<\/div>\n\t\t\t\t\t<\/div>\n\t\t<\/div>\n\t\t\t\t\t<\/div>\n\t\t<\/section>\n\t\t\t\t<\/div>\n\t\t","protected":false},"excerpt":{"rendered":"<p>Nossos exames podem ser realizados em qualquer lugar do Brasil O kit de Coleta de Fragmentos de Unha cont\u00e9m: 1) Envelope com identifica\u00e7\u00e3o do Laborat\u00f3rio;2) Saquinho de pl\u00e1stico zipado;3) Ficha de entrevista\u00a0* preencher o pr\u00e9 cadastro no Site e imprimir ficha. \u00a0 Instru\u00e7\u00f5es de Coleta: 1\u00a0&#8211; Corte as unhas das m\u00e3os ou p\u00e9s; 2 &#8211; &#8230; <a title=\"Kit Fragmentos de Unha\" class=\"read-more\" href=\"https:\/\/medgen.com.br\/portal\/kit-fragmentos-de-unha\/\" aria-label=\"More on Kit Fragmentos de Unha\">Ler mais<\/a><\/p>\n","protected":false},"author":1,"featured_media":0,"parent":0,"menu_order":0,"comment_status":"closed","ping_status":"closed","template":"","meta":{"footnotes":""},"class_list":["post-1386","page","type-page","status-publish"],"_links":{"self":[{"href":"https:\/\/medgen.com.br\/portal\/wp-json\/wp\/v2\/pages\/1386","targetHints":{"allow":["GET"]}}],"collection":[{"href":"https:\/\/medgen.com.br\/portal\/wp-json\/wp\/v2\/pages"}],"about":[{"href":"https:\/\/medgen.com.br\/portal\/wp-json\/wp\/v2\/types\/page"}],"author":[{"embeddable":true,"href":"https:\/\/medgen.com.br\/portal\/wp-json\/wp\/v2\/users\/1"}],"replies":[{"embeddable":true,"href":"https:\/\/medgen.com.br\/portal\/wp-json\/wp\/v2\/comments?post=1386"}],"version-history":[{"count":11,"href":"https:\/\/medgen.com.br\/portal\/wp-json\/wp\/v2\/pages\/1386\/revisions"}],"predecessor-version":[{"id":2106,"href":"https:\/\/medgen.com.br\/portal\/wp-json\/wp\/v2\/pages\/1386\/revisions\/2106"}],"wp:attachment":[{"href":"https:\/\/medgen.com.br\/portal\/wp-json\/wp\/v2\/media?parent=1386"}],"curies":[{"name":"wp","href":"https:\/\/api.w.org\/{rel}","templated":true}]}}