{"id":1394,"date":"2020-07-28T05:34:41","date_gmt":"2020-07-28T08:34:41","guid":{"rendered":"http:\/\/medgen.com.br\/portal\/?page_id=1394"},"modified":"2020-08-31T17:31:16","modified_gmt":"2020-08-31T20:31:16","slug":"kit-swab-vaginal","status":"publish","type":"page","link":"https:\/\/medgen.com.br\/portal\/kit-swab-vaginal\/","title":{"rendered":"Kit Swab Vaginal"},"content":{"rendered":"\t\t<div data-elementor-type=\"wp-page\" data-elementor-id=\"1394\" class=\"elementor elementor-1394\">\n\t\t\t\t\t\t<section class=\"elementor-section elementor-top-section elementor-element elementor-element-175eba0c elementor-section-boxed elementor-section-height-default elementor-section-height-default\" data-id=\"175eba0c\" data-element_type=\"section\">\n\t\t\t\t\t\t<div class=\"elementor-container elementor-column-gap-default\">\n\t\t\t\t\t<div class=\"elementor-column elementor-col-100 elementor-top-column elementor-element elementor-element-c2f03cb\" data-id=\"c2f03cb\" data-element_type=\"column\">\n\t\t\t<div class=\"elementor-widget-wrap elementor-element-populated\">\n\t\t\t\t\t\t<div class=\"elementor-element elementor-element-e9d1937 elementor-widget elementor-widget-shortcode\" data-id=\"e9d1937\" data-element_type=\"widget\" data-widget_type=\"shortcode.default\">\n\t\t\t\t<div class=\"elementor-widget-container\">\n\t\t\t\t\t\t\t<div class=\"elementor-shortcode\">\t\t<div data-elementor-type=\"wp-post\" data-elementor-id=\"2071\" class=\"elementor elementor-2071\">\n\t\t\t\t\t\t<section class=\"elementor-section elementor-top-section elementor-element elementor-element-8a0e4ef elementor-section-boxed elementor-section-height-default elementor-section-height-default\" data-id=\"8a0e4ef\" data-element_type=\"section\">\n\t\t\t\t\t\t<div class=\"elementor-container elementor-column-gap-default\">\n\t\t\t\t\t<div class=\"elementor-column elementor-col-100 elementor-top-column elementor-element elementor-element-57057b1\" data-id=\"57057b1\" data-element_type=\"column\">\n\t\t\t<div class=\"elementor-widget-wrap elementor-element-populated\">\n\t\t\t\t\t\t<div class=\"elementor-element elementor-element-287829e elementor-widget elementor-widget-image\" data-id=\"287829e\" data-element_type=\"widget\" data-widget_type=\"image.default\">\n\t\t\t\t<div class=\"elementor-widget-container\">\n\t\t\t\t\t\t\t\t\t\t\t\t\t\t\t<img fetchpriority=\"high\" decoding=\"async\" width=\"1086\" height=\"296\" src=\"https:\/\/medgen.com.br\/portal\/wp-content\/uploads\/2020\/08\/fundo-telefonista.jpg\" class=\"attachment-full size-full wp-image-2074\" alt=\"\" srcset=\"https:\/\/medgen.com.br\/portal\/wp-content\/uploads\/2020\/08\/fundo-telefonista.jpg 1086w, https:\/\/medgen.com.br\/portal\/wp-content\/uploads\/2020\/08\/fundo-telefonista-300x82.jpg 300w, https:\/\/medgen.com.br\/portal\/wp-content\/uploads\/2020\/08\/fundo-telefonista-1024x279.jpg 1024w, https:\/\/medgen.com.br\/portal\/wp-content\/uploads\/2020\/08\/fundo-telefonista-768x209.jpg 768w\" sizes=\"(max-width: 1086px) 100vw, 1086px\" \/>\t\t\t\t\t\t\t\t\t\t\t\t\t\t\t<\/div>\n\t\t\t\t<\/div>\n\t\t\t\t\t<\/div>\n\t\t<\/div>\n\t\t\t\t\t<\/div>\n\t\t<\/section>\n\t\t\t\t<\/div>\n\t\t<\/div>\n\t\t\t\t\t\t<\/div>\n\t\t\t\t<\/div>\n\t\t\t\t\t<\/div>\n\t\t<\/div>\n\t\t\t\t\t<\/div>\n\t\t<\/section>\n\t\t\t\t<section class=\"elementor-section elementor-top-section elementor-element elementor-element-7aed4b15 elementor-section-boxed elementor-section-height-default elementor-section-height-default\" data-id=\"7aed4b15\" data-element_type=\"section\">\n\t\t\t\t\t\t<div class=\"elementor-container elementor-column-gap-default\">\n\t\t\t\t\t<div class=\"elementor-column elementor-col-100 elementor-top-column elementor-element elementor-element-6ce950ad\" data-id=\"6ce950ad\" data-element_type=\"column\">\n\t\t\t<div class=\"elementor-widget-wrap elementor-element-populated\">\n\t\t\t\t\t\t<div class=\"elementor-element elementor-element-6c9e617b elementor-widget elementor-widget-heading\" data-id=\"6c9e617b\" data-element_type=\"widget\" data-widget_type=\"heading.default\">\n\t\t\t\t<div class=\"elementor-widget-container\">\n\t\t\t\t\t<h2 class=\"elementor-heading-title elementor-size-default\">Nossos exames podem ser realizados em qualquer lugar do Brasil<\/h2>\t\t\t\t<\/div>\n\t\t\t\t<\/div>\n\t\t\t\t\t<\/div>\n\t\t<\/div>\n\t\t\t\t\t<\/div>\n\t\t<\/section>\n\t\t\t\t<section class=\"elementor-section elementor-top-section elementor-element elementor-element-2da42eda elementor-section-boxed elementor-section-height-default elementor-section-height-default\" data-id=\"2da42eda\" data-element_type=\"section\">\n\t\t\t\t\t\t<div class=\"elementor-container elementor-column-gap-default\">\n\t\t\t\t\t<div class=\"elementor-column elementor-col-50 elementor-top-column elementor-element elementor-element-104ff17f\" data-id=\"104ff17f\" data-element_type=\"column\">\n\t\t\t<div class=\"elementor-widget-wrap elementor-element-populated\">\n\t\t\t\t\t\t<div class=\"elementor-element elementor-element-b3fe012 elementor-widget elementor-widget-image\" data-id=\"b3fe012\" data-element_type=\"widget\" data-widget_type=\"image.default\">\n\t\t\t\t<div class=\"elementor-widget-container\">\n\t\t\t\t\t\t\t\t\t\t\t\t\t\t\t<img decoding=\"async\" width=\"608\" height=\"399\" src=\"https:\/\/medgen.com.br\/portal\/wp-content\/uploads\/2020\/08\/swab-vaginal.jpg\" class=\"attachment-large size-large wp-image-2065\" alt=\"\" srcset=\"https:\/\/medgen.com.br\/portal\/wp-content\/uploads\/2020\/08\/swab-vaginal.jpg 608w, https:\/\/medgen.com.br\/portal\/wp-content\/uploads\/2020\/08\/swab-vaginal-300x197.jpg 300w\" sizes=\"(max-width: 608px) 100vw, 608px\" \/>\t\t\t\t\t\t\t\t\t\t\t\t\t\t\t<\/div>\n\t\t\t\t<\/div>\n\t\t\t\t\t<\/div>\n\t\t<\/div>\n\t\t\t\t<div class=\"elementor-column elementor-col-50 elementor-top-column elementor-element elementor-element-389c01f3\" data-id=\"389c01f3\" data-element_type=\"column\">\n\t\t\t<div class=\"elementor-widget-wrap elementor-element-populated\">\n\t\t\t\t\t\t<div class=\"elementor-element elementor-element-167ab036 elementor-widget elementor-widget-text-editor\" data-id=\"167ab036\" data-element_type=\"widget\" data-widget_type=\"text-editor.default\">\n\t\t\t\t<div class=\"elementor-widget-container\">\n\t\t\t\t\t\t\t\t\t<p>Este tipo de amostra normalmente \u00e9 coletada por um m\u00e9dico ginecologista ou perito criminal.<\/p><p>Para maiores informa\u00e7\u00f5es, ligue no laborat\u00f3rio e esclare\u00e7a suas d\u00favidas.<\/p>\t\t\t\t\t\t\t\t<\/div>\n\t\t\t\t<\/div>\n\t\t\t\t\t<\/div>\n\t\t<\/div>\n\t\t\t\t\t<\/div>\n\t\t<\/section>\n\t\t\t\t<section class=\"elementor-section elementor-top-section elementor-element elementor-element-288cb4b0 elementor-section-boxed elementor-section-height-default elementor-section-height-default\" data-id=\"288cb4b0\" data-element_type=\"section\">\n\t\t\t\t\t\t<div class=\"elementor-container elementor-column-gap-default\">\n\t\t\t\t\t<div class=\"elementor-column elementor-col-50 elementor-top-column elementor-element elementor-element-54560cdf\" data-id=\"54560cdf\" data-element_type=\"column\">\n\t\t\t<div class=\"elementor-widget-wrap elementor-element-populated\">\n\t\t\t\t\t\t<div class=\"elementor-element elementor-element-3c29670 elementor-widget elementor-widget-text-editor\" data-id=\"3c29670\" data-element_type=\"widget\" data-widget_type=\"text-editor.default\">\n\t\t\t\t<div class=\"elementor-widget-container\">\n\t\t\t\t\t\t\t\t\t<h3><span style=\"background-color: transparent; font-size: 17px;\">.<\/span><\/h3>\t\t\t\t\t\t\t\t<\/div>\n\t\t\t\t<\/div>\n\t\t\t\t\t<\/div>\n\t\t<\/div>\n\t\t\t\t<div class=\"elementor-column elementor-col-50 elementor-top-column elementor-element elementor-element-1abc5c1a\" data-id=\"1abc5c1a\" data-element_type=\"column\">\n\t\t\t<div class=\"elementor-widget-wrap elementor-element-populated\">\n\t\t\t\t\t\t<div class=\"elementor-element elementor-element-3ce7bf9b elementor-widget elementor-widget-text-editor\" data-id=\"3ce7bf9b\" data-element_type=\"widget\" data-widget_type=\"text-editor.default\">\n\t\t\t\t<div class=\"elementor-widget-container\">\n\t\t\t\t\t\t\t\t\t<h3><span style=\"background-color: transparent; font-size: 17px;\">.<\/span><\/h3>\t\t\t\t\t\t\t\t<\/div>\n\t\t\t\t<\/div>\n\t\t\t\t\t<\/div>\n\t\t<\/div>\n\t\t\t\t\t<\/div>\n\t\t<\/section>\n\t\t\t\t<section class=\"elementor-section elementor-top-section elementor-element elementor-element-ff8ca4f elementor-section-boxed elementor-section-height-default elementor-section-height-default\" data-id=\"ff8ca4f\" data-element_type=\"section\">\n\t\t\t\t\t\t<div class=\"elementor-container elementor-column-gap-default\">\n\t\t\t\t\t<div class=\"elementor-column elementor-col-100 elementor-top-column elementor-element elementor-element-4066c2a\" data-id=\"4066c2a\" data-element_type=\"column\">\n\t\t\t<div class=\"elementor-widget-wrap elementor-element-populated\">\n\t\t\t\t\t\t<div class=\"elementor-element elementor-element-3ba085c elementor-widget elementor-widget-shortcode\" data-id=\"3ba085c\" data-element_type=\"widget\" data-widget_type=\"shortcode.default\">\n\t\t\t\t<div class=\"elementor-widget-container\">\n\t\t\t\t\t\t\t<div class=\"elementor-shortcode\">\t\t<div data-elementor-type=\"wp-post\" data-elementor-id=\"2083\" class=\"elementor elementor-2083\">\n\t\t\t\t\t\t<section class=\"elementor-section elementor-top-section elementor-element elementor-element-81f17ed elementor-section-boxed elementor-section-height-default elementor-section-height-default\" data-id=\"81f17ed\" data-element_type=\"section\">\n\t\t\t\t\t\t<div class=\"elementor-container elementor-column-gap-default\">\n\t\t\t\t\t<div class=\"elementor-column elementor-col-100 elementor-top-column elementor-element elementor-element-b8d65fc\" data-id=\"b8d65fc\" data-element_type=\"column\">\n\t\t\t<div class=\"elementor-widget-wrap elementor-element-populated\">\n\t\t\t\t\t\t<div class=\"elementor-element elementor-element-26554db elementor-widget elementor-widget-heading\" data-id=\"26554db\" data-element_type=\"widget\" data-widget_type=\"heading.default\">\n\t\t\t\t<div class=\"elementor-widget-container\">\n\t\t\t\t\t<h2 class=\"elementor-heading-title elementor-size-default\">Localiza\u00e7\u00e3o<\/h2>\t\t\t\t<\/div>\n\t\t\t\t<\/div>\n\t\t\t\t<div class=\"elementor-element elementor-element-ea57b3a elementor-widget elementor-widget-google_maps\" data-id=\"ea57b3a\" data-element_type=\"widget\" data-widget_type=\"google_maps.default\">\n\t\t\t\t<div class=\"elementor-widget-container\">\n\t\t\t\t\t\t\t<div class=\"elementor-custom-embed\">\n\t\t\t<iframe loading=\"lazy\"\n\t\t\t\t\tsrc=\"https:\/\/maps.google.com\/maps?q=R.%20Goi%C3%A1s%2C%20450%20-%20Centro%20-%20Uberl%C3%A2ndia%20-%20MG&#038;t=m&#038;z=16&#038;output=embed&#038;iwloc=near\"\n\t\t\t\t\ttitle=\"R. Goi\u00e1s, 450 - Centro - Uberl\u00e2ndia - MG\"\n\t\t\t\t\taria-label=\"R. Goi\u00e1s, 450 - Centro - Uberl\u00e2ndia - MG\"\n\t\t\t><\/iframe>\n\t\t<\/div>\n\t\t\t\t\t\t<\/div>\n\t\t\t\t<\/div>\n\t\t\t\t\t<\/div>\n\t\t<\/div>\n\t\t\t\t\t<\/div>\n\t\t<\/section>\n\t\t\t\t<\/div>\n\t\t<\/div>\n\t\t\t\t\t\t<\/div>\n\t\t\t\t<\/div>\n\t\t\t\t\t<\/div>\n\t\t<\/div>\n\t\t\t\t\t<\/div>\n\t\t<\/section>\n\t\t\t\t<\/div>\n\t\t","protected":false},"excerpt":{"rendered":"<p>Nossos exames podem ser realizados em qualquer lugar do Brasil Este tipo de amostra normalmente \u00e9 coletada por um m\u00e9dico ginecologista ou perito criminal. Para maiores informa\u00e7\u00f5es, ligue no laborat\u00f3rio e esclare\u00e7a suas d\u00favidas. . .<\/p>\n","protected":false},"author":1,"featured_media":0,"parent":0,"menu_order":0,"comment_status":"closed","ping_status":"closed","template":"","meta":{"footnotes":""},"class_list":["post-1394","page","type-page","status-publish"],"_links":{"self":[{"href":"https:\/\/medgen.com.br\/portal\/wp-json\/wp\/v2\/pages\/1394","targetHints":{"allow":["GET"]}}],"collection":[{"href":"https:\/\/medgen.com.br\/portal\/wp-json\/wp\/v2\/pages"}],"about":[{"href":"https:\/\/medgen.com.br\/portal\/wp-json\/wp\/v2\/types\/page"}],"author":[{"embeddable":true,"href":"https:\/\/medgen.com.br\/portal\/wp-json\/wp\/v2\/users\/1"}],"replies":[{"embeddable":true,"href":"https:\/\/medgen.com.br\/portal\/wp-json\/wp\/v2\/comments?post=1394"}],"version-history":[{"count":7,"href":"https:\/\/medgen.com.br\/portal\/wp-json\/wp\/v2\/pages\/1394\/revisions"}],"predecessor-version":[{"id":2095,"href":"https:\/\/medgen.com.br\/portal\/wp-json\/wp\/v2\/pages\/1394\/revisions\/2095"}],"wp:attachment":[{"href":"https:\/\/medgen.com.br\/portal\/wp-json\/wp\/v2\/media?parent=1394"}],"curies":[{"name":"wp","href":"https:\/\/api.w.org\/{rel}","templated":true}]}}