{"id":1697,"date":"2020-08-05T12:13:02","date_gmt":"2020-08-05T15:13:02","guid":{"rendered":"http:\/\/medgen.com.br\/portal\/?page_id=1697"},"modified":"2020-11-02T19:59:52","modified_gmt":"2020-11-02T22:59:52","slug":"paternidade-nao-invasivo-na-gestacao","status":"publish","type":"page","link":"https:\/\/medgen.com.br\/portal\/paternidade-nao-invasivo-na-gestacao\/","title":{"rendered":"Paternidade n\u00e3o Invasiva na Gesta\u00e7\u00e3o"},"content":{"rendered":"\t\t<div data-elementor-type=\"wp-page\" data-elementor-id=\"1697\" class=\"elementor elementor-1697\">\n\t\t\t\t\t\t<section class=\"elementor-section elementor-top-section elementor-element elementor-element-6ddbd03 elementor-section-boxed elementor-section-height-default elementor-section-height-default\" data-id=\"6ddbd03\" data-element_type=\"section\">\n\t\t\t\t\t\t<div class=\"elementor-container elementor-column-gap-default\">\n\t\t\t\t\t<div class=\"elementor-column elementor-col-100 elementor-top-column elementor-element elementor-element-c3a7fbb\" data-id=\"c3a7fbb\" data-element_type=\"column\">\n\t\t\t<div class=\"elementor-widget-wrap elementor-element-populated\">\n\t\t\t\t\t\t<div class=\"elementor-element elementor-element-99c3366 elementor-widget elementor-widget-text-editor\" data-id=\"99c3366\" data-element_type=\"widget\" data-widget_type=\"text-editor.default\">\n\t\t\t\t<div class=\"elementor-widget-container\">\n\t\t\t\t\t\t\t\t\t<p><span style=\"background-color: transparent; color: #333399;\">O Teste de Paternidade N\u00e3o Invasivo \u00e9 um exame realizado para investiga\u00e7\u00e3o de paternidade, antes do nascimento, de uma maneira segura, sem colocar em risco a vida da m\u00e3e e do feto.<\/span><\/p><p><span style=\"color: #333399;\">Durante a gravidez, no plasma materno h\u00e1 a presen\u00e7a do DNA fetal livre circulante. Uma simples coleta de sangue da m\u00e3e e do suposto pai, possibilita a descoberta da paternidade, evitando a coleta invasiva do l\u00edquido amni\u00f3tico ou vilo corial. \u00a0A coleta deve ser feita a partir da 11\u00aa semana de gesta\u00e7\u00e3o, per\u00edodo m\u00e9dio este onde o DNA fetal est\u00e1 presente em quantidade suficiente para que seja identificado e comparado com o do suposto pai.\u00a0<\/span><\/p><p><span style=\"color: #333399;\">O teste pode ser realizado at\u00e9 o final da gravidez.<\/span><\/p><p><span style=\"color: #333399;\">Os resultados permitem\u00a0<strong>uma probabilidade de paternidade maior ou igual a 99%<\/strong>.<\/span><\/p><p><span style=\"color: #333399;\">A\u00a0exclus\u00e3o \u00e9 de 100%.\u00a0<\/span><\/p><p><span style=\"color: #333399;\"><strong>O sexo do feto pode ser informado.<\/strong><\/span><\/p><p><span style=\"font-size: 14pt; color: #333399;\"><strong>\u00a0<span style=\"font-size: 12pt;\">Documentos solicitados:<\/span><\/strong><\/span><\/p><ul><li><span style=\"font-weight: normal; color: #333399;\">Comprova\u00e7\u00e3o da idade gestacional por ultrassom ou por uma carta do m\u00e9dico ginecologista respons\u00e1vel;<\/span><\/li><li><span style=\"font-weight: normal; color: #333399;\">Documento pessoal recente com foto da m\u00e3e e do suposto pai;<\/span><\/li><\/ul><p><span style=\"color: #333399;\"><b>Poss\u00edveis resultados:<\/b><\/span><\/p><ul><li><span style=\"font-weight: normal; color: #333399;\">Confirma\u00e7\u00e3o de paternidade\u00a0(99%);<\/span><\/li><li><span style=\"font-weight: normal; color: #333399;\">Exclus\u00e3o de paternidade\u00a0(100%);<\/span><\/li><li><span style=\"font-weight: normal; color: #333399;\">DNA fetal circulante insuficiente para uma an\u00e1lise confi\u00e1vel \u2013 necess\u00e1ria nova coleta em um per\u00edodo mais tardio da gesta\u00e7\u00e3o e nova an\u00e1lise;<\/span><\/li><\/ul><p><span style=\"color: #333399;\"><strong>D\u00favidas? Ligue 34 \u2013 3016-9777<\/strong><\/span><\/p><h4>\u00a0<\/h4><h4><span style=\"color: #333399;\">COLETA, ARMAZENAMENTO E ENVIO DAS AMOSTRAS<\/span><\/h4><p><span style=\"background-color: transparent;\">\u00a0<\/span><\/p><p><span style=\"color: #444444; font-family: -apple-system, BlinkMacSystemFont, 'Segoe UI', Roboto, Oxygen-Sans, Ubuntu, Cantarell, 'Helvetica Neue', sans-serif; font-size: 13px; text-align: start; background-color: #ffffff;\"><a class=\"maxbutton-15 maxbutton maxbutton-paternidade-nao-invasivo external-css botao-kit-exame\" href=\"http:\/\/coleta-para-paternidade-nao-invasivo-na-gestacao\/\"><span class='mb-text'>PATERNIDADE N\u00c3O INVASIVO<\/span><\/a><\/span><\/p><p><button class=\"caldera-forms-modal\" data-form=\"CF5f0e2845c4731\"data-remodal-target=\"cf-modal-CF5f0e2845c473169ea4b35c4b8d\" title=\"Click to open the form Fale Conosco in a modal\">Fale conosco<\/button><\/p>\t\t\t\t\t\t\t\t<\/div>\n\t\t\t\t<\/div>\n\t\t\t\t\t<\/div>\n\t\t<\/div>\n\t\t\t\t\t<\/div>\n\t\t<\/section>\n\t\t\t\t<\/div>\n\t\t","protected":false},"excerpt":{"rendered":"<p>O Teste de Paternidade N\u00e3o Invasivo \u00e9 um exame realizado para investiga\u00e7\u00e3o de paternidade, antes do nascimento, de uma maneira segura, sem colocar em risco a vida da m\u00e3e e do feto. Durante a gravidez, no plasma materno h\u00e1 a presen\u00e7a do DNA fetal livre circulante. Uma simples coleta de sangue da m\u00e3e e do &#8230; <a title=\"Paternidade n\u00e3o Invasiva na Gesta\u00e7\u00e3o\" class=\"read-more\" href=\"https:\/\/medgen.com.br\/portal\/paternidade-nao-invasivo-na-gestacao\/\" aria-label=\"More on Paternidade n\u00e3o Invasiva na Gesta\u00e7\u00e3o\">Ler mais<\/a><\/p>\n","protected":false},"author":1,"featured_media":0,"parent":0,"menu_order":0,"comment_status":"closed","ping_status":"closed","template":"","meta":{"footnotes":""},"class_list":["post-1697","page","type-page","status-publish"],"_links":{"self":[{"href":"https:\/\/medgen.com.br\/portal\/wp-json\/wp\/v2\/pages\/1697","targetHints":{"allow":["GET"]}}],"collection":[{"href":"https:\/\/medgen.com.br\/portal\/wp-json\/wp\/v2\/pages"}],"about":[{"href":"https:\/\/medgen.com.br\/portal\/wp-json\/wp\/v2\/types\/page"}],"author":[{"embeddable":true,"href":"https:\/\/medgen.com.br\/portal\/wp-json\/wp\/v2\/users\/1"}],"replies":[{"embeddable":true,"href":"https:\/\/medgen.com.br\/portal\/wp-json\/wp\/v2\/comments?post=1697"}],"version-history":[{"count":30,"href":"https:\/\/medgen.com.br\/portal\/wp-json\/wp\/v2\/pages\/1697\/revisions"}],"predecessor-version":[{"id":2187,"href":"https:\/\/medgen.com.br\/portal\/wp-json\/wp\/v2\/pages\/1697\/revisions\/2187"}],"wp:attachment":[{"href":"https:\/\/medgen.com.br\/portal\/wp-json\/wp\/v2\/media?parent=1697"}],"curies":[{"name":"wp","href":"https:\/\/api.w.org\/{rel}","templated":true}]}}