{"id":2397,"date":"2022-11-12T23:52:47","date_gmt":"2022-11-13T02:52:47","guid":{"rendered":"https:\/\/medgen.com.br\/portal\/?page_id=2397"},"modified":"2022-11-12T23:54:40","modified_gmt":"2022-11-13T02:54:40","slug":"politica-de-privacidade","status":"publish","type":"page","link":"https:\/\/medgen.com.br\/portal\/politica-de-privacidade\/","title":{"rendered":"Pol\u00edtica de Privacidade"},"content":{"rendered":"<p>Nosso Laborat\u00f3rio adota procedimentos rigorosos relativos \u00e0 Pol\u00edtica de Privacidade e Prote\u00e7\u00e3o de Dados Pessoais de acordo com a Lei n\u00b0 13.709\/2018 (Lei Geral de Prote\u00e7\u00e3o de Dados Pessoais \u2013 \u201c LGPD\u201d) para garantir a seguran\u00e7a e a privacidade e prote\u00e7\u00e3o dados pessoais.<\/p>\n<p>A presta\u00e7\u00e3o de servi\u00e7os \u00e9 pautada pelo sigilo e confidencialidade.<\/p>\n<p>O tratamento de dados pessoais de menores de idade somente se dar\u00e1 apenas com o consentimento do seu respons\u00e1vel legal.<\/p>\n<p>Ao utilizar nossos canais de atendimento, bem como nossos servi\u00e7os voc\u00ea concorda com o que est\u00e1 descrito nessa Pol\u00edtica de Privacidade e Prote\u00e7\u00e3o de Dados Pessoais.<\/p>\n<p><strong>Como e porque coletamos dados pessoais<\/strong><\/p>\n<p>Os dados pessoais s\u00e3o coletados por meio dos nossos canais de atendimento, em nossas unidades pessoalmente, em nosso e-mail, por telefone e em nosso WhatsApp para realiza\u00e7\u00e3o de cadastros, para dar orienta\u00e7\u00f5es de exames, agendamento de exames, para realizarmos or\u00e7amentos e outras informa\u00e7\u00f5es necess\u00e1rias para presta\u00e7\u00e3o dos nossos servi\u00e7os.<\/p>\n<p>&nbsp;<\/p>\n<p><strong>Compartilhamento de dados pessoais<\/strong><\/p>\n<p>Compartilharemos seus dados pessoais com:<\/p>\n<ul>\n<li>Laborat\u00f3rios de Apoio, onde terceirizamos exames;<\/li>\n<li>Profissionais m\u00e9dicos;<\/li>\n<li>Empresas de tecnologia que fazem gest\u00e3o dos nossos sistemas de inform\u00e1tica;<\/li>\n<li>Em situa\u00e7\u00f5es regulat\u00f3rias em que houver obrigatoriedade como notifica\u00e7\u00e3o compuls\u00f3ria de diagn\u00f3stico de determinadas doen\u00e7as, que s\u00e3o definidas pela Vigil\u00e2ncia Sanit\u00e1ria;<\/li>\n<li>Autoridades competentes como tribunais e autoridades que nos regulam;<\/li>\n<li>Por quest\u00f5es contratuais poderemos tamb\u00e9m compartilhar seus dados com a sua operadora de sa\u00fade para fins de faturamento, enviando assim somente dados essenciais.<\/li>\n<\/ul>\n<p>&nbsp;<\/p>\n<p><strong>\u00c9 importante refor\u00e7ar e deixar claro que n\u00e3o comercializamos seus dados pessoais.<\/strong><\/p>\n<p>&nbsp;<\/p>\n<p><strong>Armazenamento e Seguran\u00e7a de dados pessoais<\/strong><\/p>\n<p>Adotamos medidas t\u00e9cnicas e administrativas rigorosas de seguran\u00e7a de seus dados, como a seguir:<\/p>\n<ul>\n<li>Garantimos que todos os nossos colaboradores, prestadores de servi\u00e7os e visitantes cumpram esta Pol\u00edtica de Privacidade;<\/li>\n<li>Colaboradores, prestadores de servi\u00e7os e visitantes s\u00e3o extremamente limitados ao acesso a dados pessoais.<\/li>\n<li>Armazenamos seus Dados Pessoais em nosso servidor adotando pr\u00e1ticas seguras para proteger os Dados Pessoais de acessos n\u00e3o autorizados, perda e altera\u00e7\u00e3o dos Dados Pessoais.<\/li>\n<\/ul>\n<p>Temos todo cuidado e aplicamos as medidas necess\u00e1rias para proteger e dar seguran\u00e7a aos seus dados pessoais. <strong><u>Tamb\u00e9m atestamos que voc\u00ea \u00e9 respons\u00e1vel por proteger seu nome de usu\u00e1rio e senha contra acessos de terceiros<\/u><\/strong>.<\/p>\n<p><strong>Informamos que os seus direitos em rela\u00e7\u00e3o aos seus dados pessoais s\u00e3o assegurados desde que estejam conformes a LGPD. Refor\u00e7amos que esses dados estar\u00e3o sujeitos a avalia\u00e7\u00e3o das normativas legais regulat\u00f3rias que regem as atividades da \u00e1rea de sa\u00fade, e que, de modo geral se aplicam aos servi\u00e7os prestados. O Laborat\u00f3rio pode preservar seus dados por um per\u00edodo m\u00ednimo de tempo, para fins de auditoria, cumprimento de obriga\u00e7\u00f5es regulat\u00f3rias ou outra situa\u00e7\u00e3o que justifique a reten\u00e7\u00e3o de dados.<\/strong><\/p>\n<p><strong>Altera\u00e7\u00f5es na Pol\u00edtica de Privacidade e Prote\u00e7\u00e3o de Dados Pessoais<\/strong><\/p>\n<p>Esta pol\u00edtica poder\u00e1 ser alterada a qualquer tempo. Todas as altera\u00e7\u00f5es ser\u00e3o atualizadas em nossos canais de comunica\u00e7\u00e3o.<\/p>\n<p><strong>D\u00favidas e\/ou solicita\u00e7\u00f5es<\/strong><\/p>\n<p>Para maiores informa\u00e7\u00f5es ou d\u00favidas sobre esta Pol\u00edtica de Privacidade, voc\u00ea pode entrar em contato com nosso DPO\/Encarregado enviando um e-mail para o endere\u00e7o eletr\u00f4nico\u00a0<a href=\"about:blank\">daniela@medgen.com.br<\/a>.<\/p>\n<p>REFER\u00caNCIAS BIBLIOGR\u00c1FICAS<\/p>\n<p>LEI N\u00b0 13.709, DE 14 DE AGOSTO DE 2018 \u2013 Lei Geral de prote\u00e7\u00e3o de Dados Pessoais ( LGPD )<\/p>\n<p>&nbsp;<\/p>\n","protected":false},"excerpt":{"rendered":"<p>Nosso Laborat\u00f3rio adota procedimentos rigorosos relativos \u00e0 Pol\u00edtica de Privacidade e Prote\u00e7\u00e3o de Dados Pessoais de acordo com a Lei n\u00b0 13.709\/2018 (Lei Geral de Prote\u00e7\u00e3o de Dados Pessoais \u2013 \u201c LGPD\u201d) para garantir a seguran\u00e7a e a privacidade e prote\u00e7\u00e3o dados pessoais. A presta\u00e7\u00e3o de servi\u00e7os \u00e9 pautada pelo sigilo e confidencialidade. O tratamento &#8230; <a title=\"Pol\u00edtica de Privacidade\" class=\"read-more\" href=\"https:\/\/medgen.com.br\/portal\/politica-de-privacidade\/\" aria-label=\"More on Pol\u00edtica de Privacidade\">Ler mais<\/a><\/p>\n","protected":false},"author":1,"featured_media":0,"parent":0,"menu_order":0,"comment_status":"closed","ping_status":"closed","template":"","meta":{"footnotes":""},"class_list":["post-2397","page","type-page","status-publish"],"_links":{"self":[{"href":"https:\/\/medgen.com.br\/portal\/wp-json\/wp\/v2\/pages\/2397","targetHints":{"allow":["GET"]}}],"collection":[{"href":"https:\/\/medgen.com.br\/portal\/wp-json\/wp\/v2\/pages"}],"about":[{"href":"https:\/\/medgen.com.br\/portal\/wp-json\/wp\/v2\/types\/page"}],"author":[{"embeddable":true,"href":"https:\/\/medgen.com.br\/portal\/wp-json\/wp\/v2\/users\/1"}],"replies":[{"embeddable":true,"href":"https:\/\/medgen.com.br\/portal\/wp-json\/wp\/v2\/comments?post=2397"}],"version-history":[{"count":3,"href":"https:\/\/medgen.com.br\/portal\/wp-json\/wp\/v2\/pages\/2397\/revisions"}],"predecessor-version":[{"id":2400,"href":"https:\/\/medgen.com.br\/portal\/wp-json\/wp\/v2\/pages\/2397\/revisions\/2400"}],"wp:attachment":[{"href":"https:\/\/medgen.com.br\/portal\/wp-json\/wp\/v2\/media?parent=2397"}],"curies":[{"name":"wp","href":"https:\/\/api.w.org\/{rel}","templated":true}]}}