{"id":429,"date":"2020-07-16T10:02:54","date_gmt":"2020-07-16T13:02:54","guid":{"rendered":"http:\/\/medgen.com.br\/portal\/?page_id=429"},"modified":"2021-05-21T14:04:18","modified_gmt":"2021-05-21T17:04:18","slug":"outros-servicos","status":"publish","type":"page","link":"https:\/\/medgen.com.br\/portal\/outros-servicos\/","title":{"rendered":"Outros Servi\u00e7os"},"content":{"rendered":"\t\t<div data-elementor-type=\"wp-page\" data-elementor-id=\"429\" class=\"elementor elementor-429\">\n\t\t\t\t\t\t<section class=\"elementor-section elementor-top-section elementor-element elementor-element-64774416 elementor-section-boxed elementor-section-height-default elementor-section-height-default\" data-id=\"64774416\" data-element_type=\"section\">\n\t\t\t\t\t\t<div class=\"elementor-container elementor-column-gap-default\">\n\t\t\t\t\t<div class=\"elementor-column elementor-col-100 elementor-top-column elementor-element elementor-element-2d11e1ce\" data-id=\"2d11e1ce\" data-element_type=\"column\">\n\t\t\t<div class=\"elementor-widget-wrap elementor-element-populated\">\n\t\t\t\t\t\t<div class=\"elementor-element elementor-element-5c30d33a elementor-widget elementor-widget-heading\" data-id=\"5c30d33a\" data-element_type=\"widget\" data-widget_type=\"heading.default\">\n\t\t\t\t<div class=\"elementor-widget-container\">\n\t\t\t\t\t<h4 class=\"elementor-heading-title elementor-size-default\">LISTA DE EXAMES<\/h4>\t\t\t\t<\/div>\n\t\t\t\t<\/div>\n\t\t\t\t<div class=\"elementor-element elementor-element-2bdd40a elementor-widget elementor-widget-htmega-accordion-addons\" data-id=\"2bdd40a\" data-element_type=\"widget\" data-widget_type=\"htmega-accordion-addons.default\">\n\t\t\t\t<div class=\"elementor-widget-container\">\n\t\t\t\t\t<div class=\"accordion\" id=\"accordionExample2bdd40a\">                            <div class=\"single_accourdion htmega-icon-align-left\">\n\n                                <div class=\"htmega-accourdion-title\">\n                                    <h2 data-toggle=\"htbcollapse\" data-target=\"#htmega-collapse12bdd40a\" class=\"htb-collapsed htmega-items-hedding\">Sequenciamento de DNA <span class=\"accourdion-icon close-accourdion\"><i class=\"fas fa-minus\"><\/i><\/span><span class=\"accourdion-icon open-accourdion\"><i class=\"fas fa-plus\"><\/i><\/span><\/h2>                                <\/div>\n\n                                <div id=\"htmega-collapse12bdd40a\" class=\"htb-collapse \" data-parent=\"#accordionExample2bdd40a\" >\n                                    <div class=\"accordion-content\">\n                                        <p>O sequenciamento de DNA \u00e9 um processo que determina a ordem dos nucleot\u00eddeos em uma amostra.<\/p><p>A MedGen recebe:<\/p><p>Produtos de PCR purificados e dilu\u00eddos em \u00e1gua (na concentra\u00e7\u00e3o m\u00ednima de 20 ng em at\u00e9 5 ul de H2O). Para cada amostra enviada, a concentra\u00e7\u00e3o deve estar devidamente especificada e o cliente deve fornecer o(s) primer(s) de sequenciamento (na concentra\u00e7\u00e3o de 3.2 pmol em at\u00e9 2 \u03bcl de H2O) para cada rea\u00e7\u00e3o a ser realizada.<br \/>Plasm\u00eddeo purificado e dilu\u00eddo em \u00e1gua (na concentra\u00e7\u00e3o m\u00ednima de 400ng em at\u00e9 5ul de H2O). Para cada amostra enviada, a concentra\u00e7\u00e3o deve estar devidamente especificada. O cliente deve fornece o(s) primer(s) de sequenciamento (na concentra\u00e7\u00e3o de 3.2 pmol em at\u00e9 2ul de H2O)\u00a0para cada rea\u00e7\u00e3o a ser realizada. A Genomic pode fornecer alguns primers universais para sequenciar DNA plasmidial.\u00a0<\/p><p>As amostras podem ser enviadas em tubos Eppendorf (at\u00e9 16 amostras) via Sedex \u00e0 temperatura ambiente. A partir de 17 amostras, receberemos apenas em placas para PCR de 96 po\u00e7os.<\/p><p>Exce\u00e7\u00f5es:\u00a0<\/p><p>O cliente pode optar pelo servi\u00e7o de purifica\u00e7\u00e3o e quantifica\u00e7\u00e3o do DNA plasmidial, pagando uma taxa adicional.<\/p><p>Caso a rea\u00e7\u00e3o de sequenciamento do cliente n\u00e3o funcione, enquanto que a do controle apresente um resultado satisfat\u00f3rio, esta rea\u00e7\u00e3o ser\u00e1 cobrada.\u00a0<\/p><p>Todas as amostras para a rea\u00e7\u00e3o de sequenciamento ser\u00e3o aceitas somente mediante a apresenta\u00e7\u00e3o das mesmas em foto de gel ap\u00f3s eletroforese. Esta foto deve incluir um marcador de peso molecular. Deve ser informado a quantidade das amostras aplicadas no gel (uL de amplicon\/plasm\u00eddeo por po\u00e7o).<\/p><p>Exemplos de Eletroforese de Amplicons aceit\u00e1veis:<\/p><p>Exemplos de Eletroforese de Amplicons inaceit\u00e1veis:<\/p><p>Lembramos aos clientes que a solicita\u00e7\u00e3o somente ser\u00e1 aberta em nosso sistema quando a tabela e as amostras forem recebidas com a foto do gel. Ap\u00f3s a confirma\u00e7\u00e3o de todos os dados, ser\u00e1 contado o prazo para a entrega dos resultados.\u00a0<\/p><p>Para o envio de amostras para o servi\u00e7o de sequenciamento, o cliente deve enviar uma planilha de excel (clique aqui para baixar) contendo as seguintes informa\u00e7\u00f5es:<\/p><p>As rea\u00e7\u00f5es de sequenciamento s\u00e3o realizadas usando o BigDye\u00ae Terminator v3.1 Cycle Sequencing Kit da fabricante Thermo Fisher Scientific ou o BrightDye\u00ae Terminator Cycle Sequencing Kit da fabricante MCLAB (Molecular Cloning Laboratories). Os produtos de sequenciamento s\u00e3o submetidos \u00e0 eletroforese em um sequenciador modelo 3130xl ou 3500 da Applied Biosystems. S\u00e3o processados lotes que incluem um controle de DNA plasmidial (pGEM, fornecido pela MedGen). Normalmente, nossas rea\u00e7\u00f5es de sequenciamento alcan\u00e7am 650 bases, com uma fidelidade de an\u00e1lise de 99%.<\/p><p>Os resultados s\u00e3o enviados por email. O cliente recebe um cromatograma (arquivo *.abi) sem edi\u00e7\u00e3o e um arquivo texto da sequ\u00eancia editada para cada rea\u00e7\u00e3o de sequenciamento. Consulte o prazo de entrega .<\/p><p><img decoding=\"async\" class=\"alignnone size-medium wp-image-1121\" src=\"http:\/\/medgen.com.br\/portal\/wp-content\/uploads\/2020\/07\/grafico-300x81.gif\" alt=\"\" width=\"300\" height=\"81\" \/><\/p><p>Para a leitura do arquivo *.ab1 ser\u00e1 necess\u00e1rio o uso de softwares apropriados.<\/p><p>Estes softwares podem ser obtidos nas URLs:<br \/>http:\/\/www.mbio.ncsu.edu\/BioEdit\/BioEdit.html<br \/>http:\/\/www.technelysium.com.au\/chromas.html<br \/>http:\/\/bat.infspire.org\/genomepd\/glass\/<br \/>https:\/\/code.google.com\/archive\/p\/seqtrace\/<br \/>http:\/\/nucleobytes.com\/4peaks\/<\/p><p>Os arquivos dos cromatogramas s\u00e3o guardados permanentemente na MedGen. As amostras enviadas s\u00e3o descartadas 15 dias ap\u00f3s o envio dos resultados e o cliente tem o mesmo per\u00edodo para questionar e\/ou reclamar.<\/p><h4>Como Solicitar e Realizar o Exame<\/h4><p>Escolha o Kit de Coleta:<\/p><p><a class=\"maxbutton-2 maxbutton maxbutton-swab-bucal-saliva external-css botao-kit-exame\" href=\"http:\/\/medgen.com.br\/portal\/kit-swab-bucal\/\"><span class='mb-text'>SWAB BUCAL\/SALIVA<\/span><\/a> <a class=\"maxbutton-3 maxbutton maxbutton-tubo-edta external-css botao-kit-exame\" href=\"\/portal\/kit-tubo-edta\/\"><span class='mb-text'>TUBO EDTA<\/span><\/a><\/p><p><button class=\"caldera-forms-modal\" data-form=\"CF5f0e2845c4731\"data-remodal-target=\"cf-modal-CF5f0e2845c473169ea4ad681220\" title=\"Click to open the form Fale Conosco in a modal\">Fale conosco<\/button><\/p>                                    <\/div>\n                                <\/div>\n\n                            <\/div>\n\n                                                    <div class=\"single_accourdion htmega-icon-align-left\">\n\n                                <div class=\"htmega-accourdion-title\">\n                                    <h2 data-toggle=\"htbcollapse\" data-target=\"#htmega-collapse22bdd40a\" class=\"htb-collapsed htmega-items-hedding\">DNA Mitocondrial <span class=\"accourdion-icon close-accourdion\"><i class=\"fas fa-minus\"><\/i><\/span><span class=\"accourdion-icon open-accourdion\"><i class=\"fas fa-plus\"><\/i><\/span><\/h2>                                <\/div>\n\n                                <div id=\"htmega-collapse22bdd40a\" class=\"htb-collapse \" data-parent=\"#accordionExample2bdd40a\" >\n                                    <div class=\"accordion-content\">\n                                        <p>Normalmente, a identifica\u00e7\u00e3o gen\u00e9tica \u00e9 realizada pela an\u00e1lise do DNA nuclear. Por\u00e9m, um outro tipo de DNA pode ser analisado (o DNA mitocondrial - mtDNA).<\/p><p>O mtDNA apresenta um padr\u00e3o de heran\u00e7a materna, ou seja, a sequ\u00eancia \u00e9 id\u00eantica para todos os familiares por parte de m\u00e3e (heran\u00e7a matrilinear). Pode ser usado para identificar pessoas desaparecidas, atrav\u00e9s de an\u00e1lise por compara\u00e7\u00e3o com parentes.<\/p><p>\u00c9 \u00fatil, tamb\u00e9m, na identifica\u00e7\u00e3o de materiais muito antigos ou em avan\u00e7ado grau de decomposi\u00e7\u00e3o. A an\u00e1lise do mtDNA tem ajudado a solucionar diversos casos na gen\u00e9tica forense, sendo utilizada com sucesso por laborat\u00f3rios dos EUA e Europa.<\/p><p>A MedGen oferece esse servi\u00e7o inovador no Brasil para a comunidade cient\u00edfica, justi\u00e7a, pol\u00edcia e ex\u00e9rcito.<\/p><h4>Como Solicitar e Realizar o Exame<\/h4><p>Escolha o Kit de Coleta:<\/p><p><a class=\"maxbutton-2 maxbutton maxbutton-swab-bucal-saliva external-css botao-kit-exame\" href=\"http:\/\/medgen.com.br\/portal\/kit-swab-bucal\/\"><span class='mb-text'>SWAB BUCAL\/SALIVA<\/span><\/a> <a class=\"maxbutton-3 maxbutton maxbutton-tubo-edta external-css botao-kit-exame\" href=\"\/portal\/kit-tubo-edta\/\"><span class='mb-text'>TUBO EDTA<\/span><\/a><\/p><p><button class=\"caldera-forms-modal\" data-form=\"CF5f0e2845c4731\"data-remodal-target=\"cf-modal-CF5f0e2845c473169ea4ad682e00\" title=\"Click to open the form Fale Conosco in a modal\">Fale conosco<\/button><\/p>                                    <\/div>\n                                <\/div>\n\n                            <\/div>\n\n                                                    <div class=\"single_accourdion htmega-icon-align-left\">\n\n                                <div class=\"htmega-accourdion-title\">\n                                    <h2 data-toggle=\"htbcollapse\" data-target=\"#htmega-collapse32bdd40a\" class=\"htb-collapsed htmega-items-hedding\">Clonagem <span class=\"accourdion-icon close-accourdion\"><i class=\"fas fa-minus\"><\/i><\/span><span class=\"accourdion-icon open-accourdion\"><i class=\"fas fa-plus\"><\/i><\/span><\/h2>                                <\/div>\n\n                                <div id=\"htmega-collapse32bdd40a\" class=\"htb-collapse \" data-parent=\"#accordionExample2bdd40a\" >\n                                    <div class=\"accordion-content\">\n                                        <p>Clonagem molecular \u00e9 o processo no qual um fragmento de DNA \u00e9 inserido em um plasm\u00eddeo capaz de se replicar em um sistema bacteriano.<\/p><p>A inten\u00e7\u00e3o do procedimento \u00e9 tornar poss\u00edvel a expans\u00e3o do material de interesse a partir de culturas celulares e posteriormente extra\u00ed-lo em sistemas de purifica\u00e7\u00e3o com colunas de s\u00edlica.<\/p><p>A MedGen oferece o servi\u00e7o de clonagem de fragmentos de DNA em diferentes tipos de vetores. Temos um estoque de plasm\u00eddeos de clonagem, al\u00e9m de plasm\u00eddeos para express\u00e3o de prote\u00ednas recombinantes em bact\u00e9rias, leveduras e c\u00e9lulas de mam\u00edferos.<\/p><h4>Como Solicitar e Realizar o Exame<\/h4><p>Escolha o Kit de Coleta:<\/p><p><button class=\"caldera-forms-modal\" data-form=\"CF5f0e2845c4731\"data-remodal-target=\"cf-modal-CF5f0e2845c473169ea4ad6834b8\" title=\"Click to open the form Fale Conosco in a modal\">Fale conosco<\/button><\/p>                                    <\/div>\n                                <\/div>\n\n                            <\/div>\n\n                                                    <div class=\"single_accourdion htmega-icon-align-left\">\n\n                                <div class=\"htmega-accourdion-title\">\n                                    <h2 data-toggle=\"htbcollapse\" data-target=\"#htmega-collapse42bdd40a\" class=\"htb-collapsed htmega-items-hedding\">Genomicalc <span class=\"accourdion-icon close-accourdion\"><i class=\"fas fa-minus\"><\/i><\/span><span class=\"accourdion-icon open-accourdion\"><i class=\"fas fa-plus\"><\/i><\/span><\/h2>                                <\/div>\n\n                                <div id=\"htmega-collapse42bdd40a\" class=\"htb-collapse \" data-parent=\"#accordionExample2bdd40a\" >\n                                    <div class=\"accordion-content\">\n                                                                            <\/div>\n                                <\/div>\n\n                            <\/div>\n\n                                                    <div class=\"single_accourdion htmega-icon-align-left\">\n\n                                <div class=\"htmega-accourdion-title\">\n                                    <h2 data-toggle=\"htbcollapse\" data-target=\"#htmega-collapse52bdd40a\" class=\"htb-collapsed htmega-items-hedding\">Perfil Gen\u00e9tico <span class=\"accourdion-icon close-accourdion\"><i class=\"fas fa-minus\"><\/i><\/span><span class=\"accourdion-icon open-accourdion\"><i class=\"fas fa-plus\"><\/i><\/span><\/h2>                                <\/div>\n\n                                <div id=\"htmega-collapse52bdd40a\" class=\"htb-collapse \" data-parent=\"#accordionExample2bdd40a\" >\n                                    <div class=\"accordion-content\">\n                                        <p>Normalmente o perfil gen\u00e9tico \u00e9 solicitado para criar a\u00a0identidade\u00a0gen\u00e9tica\u00a0do indiv\u00edduo. Essa identidade pode evitar\u00a0 futuros constrangimentos ou\u00a0ajudar a solucionar casos com mais rapidez.<\/p><p>A identidade gen\u00e9tica pode ser utilizada para posterior an\u00e1lise de paternidade (evitando uma poss\u00edvel exuma\u00e7\u00e3o), identifica\u00e7\u00e3o individual em casos de desaparecimentos ou acidente em massa.<\/p><p>Esse tipo de pericia tamb\u00e9m pode ser realizada para confirmar se o DNA extra\u00eddo em um outro laborat\u00f3rio \u00e9 mesmo de determinado individuo, solicitado quando h\u00e1 suspeita de uma poss\u00edvel troca de material ap\u00f3s a coleta.<\/p><p>O perfil gen\u00e9tico dos beb\u00eas pode ser realizado logo ap\u00f3s o nascimento e possibilita ter a identifica\u00e7\u00e3o da crian\u00e7a, uma forte ferramenta em\u00a0casos de\u00a0troca na maternidade, futura necessidade em sequestros, desaparecimentos ou em casos de ado\u00e7\u00e3o.<\/p><p>Para essa identidade a MedGen pode analisar at\u00e9 26 locos (partes do DNA), mais 16 locos dos cromossomos X e Y, tornando esse tipo de mapeamento ainda mais segura.<\/p><h4>Como Solicitar e Realizar o Exame<\/h4><p>Escolha o Kit de Coleta:<\/p><p><a class=\"maxbutton-2 maxbutton maxbutton-swab-bucal-saliva external-css botao-kit-exame\" href=\"http:\/\/medgen.com.br\/portal\/kit-swab-bucal\/\"><span class='mb-text'>SWAB BUCAL\/SALIVA<\/span><\/a> <a class=\"maxbutton-3 maxbutton maxbutton-tubo-edta external-css botao-kit-exame\" href=\"\/portal\/kit-tubo-edta\/\"><span class='mb-text'>TUBO EDTA<\/span><\/a><\/p><p><button class=\"caldera-forms-modal\" data-form=\"CF5f0e2845c4731\"data-remodal-target=\"cf-modal-CF5f0e2845c473169ea4ad684cd2\" title=\"Click to open the form Fale Conosco in a modal\">Fale conosco<\/button><\/p>                                    <\/div>\n                                <\/div>\n\n                            <\/div>\n\n                                                    <div class=\"single_accourdion htmega-icon-align-left\">\n\n                                <div class=\"htmega-accourdion-title\">\n                                    <h2 data-toggle=\"htbcollapse\" data-target=\"#htmega-collapse62bdd40a\" class=\"htb-collapsed htmega-items-hedding\">Cromossomo X <span class=\"accourdion-icon close-accourdion\"><i class=\"fas fa-minus\"><\/i><\/span><span class=\"accourdion-icon open-accourdion\"><i class=\"fas fa-plus\"><\/i><\/span><\/h2>                                <\/div>\n\n                                <div id=\"htmega-collapse62bdd40a\" class=\"htb-collapse \" data-parent=\"#accordionExample2bdd40a\" >\n                                    <div class=\"accordion-content\">\n                                        <p><img decoding=\"async\" class=\"size-medium wp-image-1133 alignleft\" src=\"http:\/\/medgen.com.br\/portal\/wp-content\/uploads\/2020\/07\/Cromossomo-x-147x300.jpg\" alt=\"\" width=\"147\" height=\"300\" srcset=\"https:\/\/medgen.com.br\/portal\/wp-content\/uploads\/2020\/07\/Cromossomo-x-147x300.jpg 147w, https:\/\/medgen.com.br\/portal\/wp-content\/uploads\/2020\/07\/Cromossomo-x.jpg 180w\" sizes=\"(max-width: 147px) 100vw, 147px\" \/><\/p><p>Os exames de paternidade utilizando locos de STRs autoss\u00f4micos gera \u00edndices muito satisfat\u00f3rios. Por\u00e9m, em casos de maior complexidade esse tipo de an\u00e1lise pode ser insuficiente.<\/p><p>Para esclarecer esses casos, oito locos de STRs situados no bra\u00e7o longo do cromossomo X s\u00e3o analisados (seguindo a normatiza\u00e7\u00e3o europ\u00e9ia). O fato que homens possuem somente um cromossomo X, que \u00e9 invariavelmente herdado por todas suas filhas, pode trazer vantagens neste tipo de per\u00edcia onde o indiv\u00edduo requerente \u00e9 do sexo feminino e a transmiss\u00e3o do cromossomo X entre os periciandos pode ser inferida.<\/p><p>A MedGen realiza genotipagens apenas para cromossomo X, consulte nossos valores.<\/p><h4>Como Solicitar e Realizar o Exame<\/h4><p>Escolha o Kit de Coleta:<\/p><p><a class=\"maxbutton-2 maxbutton maxbutton-swab-bucal-saliva external-css botao-kit-exame\" href=\"http:\/\/medgen.com.br\/portal\/kit-swab-bucal\/\"><span class='mb-text'>SWAB BUCAL\/SALIVA<\/span><\/a> <a class=\"maxbutton-3 maxbutton maxbutton-tubo-edta external-css botao-kit-exame\" href=\"\/portal\/kit-tubo-edta\/\"><span class='mb-text'>TUBO EDTA<\/span><\/a><\/p><p><button class=\"caldera-forms-modal\" data-form=\"CF5f0e2845c4731\"data-remodal-target=\"cf-modal-CF5f0e2845c473169ea4ad686460\" title=\"Click to open the form Fale Conosco in a modal\">Fale conosco<\/button><\/p><p>O prazo de entrega do laudo ser\u00e1 de no m\u00e1ximo 07 dias \u00fateis.<\/p>                                    <\/div>\n                                <\/div>\n\n                            <\/div>\n\n                                                    <div class=\"single_accourdion htmega-icon-align-left\">\n\n                                <div class=\"htmega-accourdion-title\">\n                                    <h2 data-toggle=\"htbcollapse\" data-target=\"#htmega-collapse72bdd40a\" class=\"htb-collapsed htmega-items-hedding\">Cromossomo Y <span class=\"accourdion-icon close-accourdion\"><i class=\"fas fa-minus\"><\/i><\/span><span class=\"accourdion-icon open-accourdion\"><i class=\"fas fa-plus\"><\/i><\/span><\/h2>                                <\/div>\n\n                                <div id=\"htmega-collapse72bdd40a\" class=\"htb-collapse \" data-parent=\"#accordionExample2bdd40a\" >\n                                    <div class=\"accordion-content\">\n                                        <p><img decoding=\"async\" class=\"size-full wp-image-1139 alignleft\" src=\"http:\/\/medgen.com.br\/portal\/wp-content\/uploads\/2020\/07\/Cromossomo-y.png\" alt=\"\" width=\"125\" height=\"152\" \/>O cromossomo Y \u00e9 herdado de uma maneira patrilinear, o que significa que todo indiv\u00edduo masculino em todas as gera\u00e7\u00f5es de uma fam\u00edlia possui o mesmo cromossomo Y. A equival\u00eancia entre<\/p><p>dois cromossomos Y pode ser estabelecida analisando-se um conjunto de marcadores polim\u00f3rficos ao longo deles, denominado de hapl\u00f3tipo.<\/p><p>O protocolo seguido pela MedGen analisa, a princ\u00edpio, 8 marcadores gen\u00e9ticos (STRs) que j\u00e1 fazem parte de uma normatiza\u00e7\u00e3o europ\u00e9ia.<\/p><p>Se dois homens tiverem hapl\u00f3tipos do cromossomo Y diferentes, isso indica que as origens patril\u00edneas s\u00e3o diferentes nesses indiv\u00edduos, o que exclui o v\u00ednculo gen\u00e9tico paterno entre eles.<\/p><p>A MedGen aceita genotipagens para cromossomo Y, consulte nossos valores.<\/p><h4>Como Solicitar e Realizar o Exame<\/h4><p>Escolha o Kit de Coleta:<\/p><p><a class=\"maxbutton-2 maxbutton maxbutton-swab-bucal-saliva external-css botao-kit-exame\" href=\"http:\/\/medgen.com.br\/portal\/kit-swab-bucal\/\"><span class='mb-text'>SWAB BUCAL\/SALIVA<\/span><\/a> <a class=\"maxbutton-3 maxbutton maxbutton-tubo-edta external-css botao-kit-exame\" href=\"\/portal\/kit-tubo-edta\/\"><span class='mb-text'>TUBO EDTA<\/span><\/a><\/p><p><button class=\"caldera-forms-modal\" data-form=\"CF5f0e2845c4731\"data-remodal-target=\"cf-modal-CF5f0e2845c473169ea4ad68771a\" title=\"Click to open the form Fale Conosco in a modal\">Fale conosco<\/button><\/p>                                    <\/div>\n                                <\/div>\n\n                            <\/div>\n\n                                                    <div class=\"single_accourdion htmega-icon-align-left\">\n\n                                <div class=\"htmega-accourdion-title\">\n                                    <h2 data-toggle=\"htbcollapse\" data-target=\"#htmega-collapse82bdd40a\" class=\"htb-collapsed htmega-items-hedding\">SNPs e DIPs <span class=\"accourdion-icon close-accourdion\"><i class=\"fas fa-minus\"><\/i><\/span><span class=\"accourdion-icon open-accourdion\"><i class=\"fas fa-plus\"><\/i><\/span><\/h2>                                <\/div>\n\n                                <div id=\"htmega-collapse82bdd40a\" class=\"htb-collapse \" data-parent=\"#accordionExample2bdd40a\" >\n                                    <div class=\"accordion-content\">\n                                        <p>Marcadores gen\u00e9ticos s\u00e3o definidos como elementos no DNA capazes de distinguir e caracterizar um indiv\u00edduo e que s\u00e3o transmitidos aos descendentes. Os\u00a0STRs\u00a0(do ingl\u00eas,\u00a0Short Tandem Repeats) s\u00e3o os marcadores mais comumente utilizados em exames de v\u00ednculo gen\u00e9tico. Entretanto, em casos cujas amostras apresentam alto grau de decomposi\u00e7\u00e3o faz-se necess\u00e1rio o uso de marcadores alternativos como\u00a0SNPs\u00a0e\u00a0INDELs.<\/p><p>Os\u00a0SNPs\u00a0(do ingl\u00eas,\u00a0Single Nucleotide Polymorphism) s\u00e3o varia\u00e7\u00f5es pontuais encontradas ao longo do DNA, isto \u00e9, s\u00e3o diferen\u00e7as num \u00fanico nucleot\u00eddeo. J\u00e1 os polimorfismos de inser\u00e7\u00e3o e dele\u00e7\u00e3o (INDEL: de INser\u00e7\u00f5es e DELe\u00e7\u00f5es) s\u00e3o trechos de dois ou mais nucleot\u00eddeos que podem estar presentes (inser\u00e7\u00e3o) ou ausentes (dele\u00e7\u00e3o) nas fitas de DNA de um indiv\u00edduo. Ambos s\u00e3o frequentes no genoma humano e apresentam distintas vantagens em estudos forenses e populacionais.<\/p><h4>Como Solicitar e Realizar o Exame<\/h4><p>Escolha o Kit de Coleta:<\/p><p><a class=\"maxbutton-2 maxbutton maxbutton-swab-bucal-saliva external-css botao-kit-exame\" href=\"http:\/\/medgen.com.br\/portal\/kit-swab-bucal\/\"><span class='mb-text'>SWAB BUCAL\/SALIVA<\/span><\/a> <a class=\"maxbutton-3 maxbutton maxbutton-tubo-edta external-css botao-kit-exame\" href=\"\/portal\/kit-tubo-edta\/\"><span class='mb-text'>TUBO EDTA<\/span><\/a><\/p><p><button class=\"caldera-forms-modal\" data-form=\"CF5f0e2845c4731\"data-remodal-target=\"cf-modal-CF5f0e2845c473169ea4ad68872e\" title=\"Click to open the form Fale Conosco in a modal\">Fale conosco<\/button><\/p><p>A MedGen disp\u00f5e de pain\u00e9is de 70 SNPs e de 40 INDELs para a resolu\u00e7\u00e3o de casos forenses ou em situa\u00e7\u00f5es cujos marcadores tradicionais suscitem d\u00favidas no resultado final.<\/p>                                    <\/div>\n                                <\/div>\n\n                            <\/div>\n\n                        <\/div>\t\t\t\t<\/div>\n\t\t\t\t<\/div>\n\t\t\t\t\t<\/div>\n\t\t<\/div>\n\t\t\t\t\t<\/div>\n\t\t<\/section>\n\t\t\t\t<\/div>\n\t\t","protected":false},"excerpt":{"rendered":"<p>LISTA DE EXAMES Sequenciamento de DNA O sequenciamento de DNA \u00e9 um processo que determina a ordem dos nucleot\u00eddeos em uma amostra. A MedGen recebe: Produtos de PCR purificados e dilu\u00eddos em \u00e1gua (na concentra\u00e7\u00e3o m\u00ednima de 20 ng em at\u00e9 5 ul de H2O). Para cada amostra enviada, a concentra\u00e7\u00e3o deve estar devidamente especificada &#8230; <a title=\"Outros Servi\u00e7os\" class=\"read-more\" href=\"https:\/\/medgen.com.br\/portal\/outros-servicos\/\" aria-label=\"More on Outros Servi\u00e7os\">Ler mais<\/a><\/p>\n","protected":false},"author":1,"featured_media":0,"parent":0,"menu_order":0,"comment_status":"closed","ping_status":"closed","template":"","meta":{"footnotes":""},"class_list":["post-429","page","type-page","status-publish"],"_links":{"self":[{"href":"https:\/\/medgen.com.br\/portal\/wp-json\/wp\/v2\/pages\/429","targetHints":{"allow":["GET"]}}],"collection":[{"href":"https:\/\/medgen.com.br\/portal\/wp-json\/wp\/v2\/pages"}],"about":[{"href":"https:\/\/medgen.com.br\/portal\/wp-json\/wp\/v2\/types\/page"}],"author":[{"embeddable":true,"href":"https:\/\/medgen.com.br\/portal\/wp-json\/wp\/v2\/users\/1"}],"replies":[{"embeddable":true,"href":"https:\/\/medgen.com.br\/portal\/wp-json\/wp\/v2\/comments?post=429"}],"version-history":[{"count":40,"href":"https:\/\/medgen.com.br\/portal\/wp-json\/wp\/v2\/pages\/429\/revisions"}],"predecessor-version":[{"id":2233,"href":"https:\/\/medgen.com.br\/portal\/wp-json\/wp\/v2\/pages\/429\/revisions\/2233"}],"wp:attachment":[{"href":"https:\/\/medgen.com.br\/portal\/wp-json\/wp\/v2\/media?parent=429"}],"curies":[{"name":"wp","href":"https:\/\/api.w.org\/{rel}","templated":true}]}}