{"id":431,"date":"2020-07-16T10:03:36","date_gmt":"2020-07-16T13:03:36","guid":{"rendered":"http:\/\/medgen.com.br\/portal\/?page_id=431"},"modified":"2021-05-21T19:23:53","modified_gmt":"2021-05-21T22:23:53","slug":"pd","status":"publish","type":"page","link":"https:\/\/medgen.com.br\/portal\/pd\/","title":{"rendered":"P&#038;D"},"content":{"rendered":"\t\t<div data-elementor-type=\"wp-page\" data-elementor-id=\"431\" class=\"elementor elementor-431\">\n\t\t\t\t\t\t<section class=\"elementor-section elementor-top-section elementor-element elementor-element-5463c449 elementor-section-boxed elementor-section-height-default elementor-section-height-default\" data-id=\"5463c449\" data-element_type=\"section\">\n\t\t\t\t\t\t<div class=\"elementor-container elementor-column-gap-default\">\n\t\t\t\t\t<div class=\"elementor-column elementor-col-100 elementor-top-column elementor-element elementor-element-71f4efb4\" data-id=\"71f4efb4\" data-element_type=\"column\">\n\t\t\t<div class=\"elementor-widget-wrap elementor-element-populated\">\n\t\t\t\t\t\t<div class=\"elementor-element elementor-element-b7b079d elementor-widget elementor-widget-heading\" data-id=\"b7b079d\" data-element_type=\"widget\" data-widget_type=\"heading.default\">\n\t\t\t\t<div class=\"elementor-widget-container\">\n\t\t\t\t\t<h4 class=\"elementor-heading-title elementor-size-default\">LISTA DE EXAMES<\/h4>\t\t\t\t<\/div>\n\t\t\t\t<\/div>\n\t\t\t\t<div class=\"elementor-element elementor-element-42806d54 elementor-widget elementor-widget-htmega-accordion-addons\" data-id=\"42806d54\" data-element_type=\"widget\" data-widget_type=\"htmega-accordion-addons.default\">\n\t\t\t\t<div class=\"elementor-widget-container\">\n\t\t\t\t\t<div class=\"accordion\" id=\"accordionExample42806d54\">                            <div class=\"single_accourdion htmega-icon-align-left\">\n\n                                <div class=\"htmega-accourdion-title\">\n                                    <h2 data-toggle=\"htbcollapse\" data-target=\"#htmega-collapse142806d54\" class=\"htb-collapsed htmega-items-hedding\">Athos-512_v2 <span class=\"accourdion-icon close-accourdion\"><i class=\"fas fa-minus\"><\/i><\/span><span class=\"accourdion-icon open-accourdion\"><i class=\"fas fa-plus\"><\/i><\/span><\/h2>                                <\/div>\n\n                                <div id=\"htmega-collapse142806d54\" class=\"htb-collapse \" data-parent=\"#accordionExample42806d54\" >\n                                    <div class=\"accordion-content\">\n                                        <p>Fa\u00e7a\u00a0aqui\u00a0o download\u00a0do manual.<\/p><p><a href=\"http:\/\/medgen.com.br\/portal\/wp-content\/uploads\/2020\/07\/Manual-kit-Athos_v2.pdf\">Manual-kit-Athos_v2<\/a><\/p><p>\u00a0<\/p>                                    <\/div>\n                                <\/div>\n\n                            <\/div>\n\n                                                    <div class=\"single_accourdion htmega-icon-align-left\">\n\n                                <div class=\"htmega-accourdion-title\">\n                                    <h2 data-toggle=\"htbcollapse\" data-target=\"#htmega-collapse242806d54\" class=\"htb-collapsed htmega-items-hedding\">GEMPLEX CGG \u2013 Determina\u00e7\u00e3o do numero de repeti\u00e7\u00f5es CGG da regi\u00e3o 5\u2032 n\u00e3o traduzida do gene FMR1 (Fragile X Mental Retardation I) <span class=\"accourdion-icon close-accourdion\"><i class=\"fas fa-minus\"><\/i><\/span><span class=\"accourdion-icon open-accourdion\"><i class=\"fas fa-plus\"><\/i><\/span><\/h2>                                <\/div>\n\n                                <div id=\"htmega-collapse242806d54\" class=\"htb-collapse \" data-parent=\"#accordionExample42806d54\" >\n                                    <div class=\"accordion-content\">\n                                        <p>A MedGen oferece um ensaio molecular que precisamente quantifica o n\u00famero de repeti\u00e7\u00f5es CGG (at\u00e9 200) no gene <em>FMR1<\/em>\u00a0em\u00a0mulheres\u00a0\u00a0 e\u00a0\u00a0 homens e que permite definir a posi\u00e7\u00e3o de cada repeti\u00e7\u00e3o AGG nos dois genes anormais de paciente femininos. O ensaio \u00e9\u00a0baseado em PCR fluorescente que permite a visualiza\u00e7\u00e3o dos produtos por eletroforese capilar. Com aux\u00edlio de um software o n\u00famero de repeti\u00e7\u00f5es \u00e9 determinado frente a uma curva utilizando amostras com o n\u00famero de repeti\u00e7\u00f5es conhecidas que fornece os fatores de corre\u00e7\u00e3o (tamanho e mobilidade) a serem empregados. Devido \u00e0 especificidade do\u00a0<em>primer<\/em>\u00a0com rela\u00e7\u00e3o \u00e0s repeti\u00e7\u00f5es CGG, n\u00e3o ocorrer\u00e1 liga\u00e7\u00e3o deste reagente quando ocorrer uma repeti\u00e7\u00e3o AGG, determinando a presen\u00e7a\/posi\u00e7\u00e3o da mesma.<\/p><p>* Amplifica\u00e7\u00e3o das repeti\u00e7\u00f5es CGG por PCR<\/p><p>* Sistema completo com todos os reagentes necess\u00e1rios para an\u00e1lise<\/p><p><img fetchpriority=\"high\" decoding=\"async\" class=\"alignnone size-full wp-image-1168\" src=\"http:\/\/medgen.com.br\/portal\/wp-content\/uploads\/2020\/07\/Tabela-gemplex-cgg.jpg\" alt=\"\" width=\"479\" height=\"422\" \/><\/p><p>* Detec\u00e7\u00e3o dos alelos atrav\u00e9s de eletroforese capilar<\/p><p><img decoding=\"async\" class=\"size-medium wp-image-1169 aligncenter\" src=\"http:\/\/medgen.com.br\/portal\/wp-content\/uploads\/2020\/07\/grafico-1-gemplex-300x116.jpg\" alt=\"\" width=\"300\" height=\"116\" srcset=\"https:\/\/medgen.com.br\/portal\/wp-content\/uploads\/2020\/07\/grafico-1-gemplex-300x116.jpg 300w, https:\/\/medgen.com.br\/portal\/wp-content\/uploads\/2020\/07\/grafico-1-gemplex-1024x396.jpg 1024w, https:\/\/medgen.com.br\/portal\/wp-content\/uploads\/2020\/07\/grafico-1-gemplex-768x297.jpg 768w, https:\/\/medgen.com.br\/portal\/wp-content\/uploads\/2020\/07\/grafico-1-gemplex.jpg 1271w\" sizes=\"(max-width: 300px) 100vw, 300px\" \/><\/p><p>N: normal;\u00a0\u00a0\u00a0 PM: pr\u00e9-muta\u00e7\u00e3o<\/p><p>* Identifica\u00e7\u00e3o do n\u00famero exato de repeti\u00e7\u00f5es<\/p><p><img decoding=\"async\" class=\"size-medium wp-image-1170 aligncenter\" src=\"http:\/\/medgen.com.br\/portal\/wp-content\/uploads\/2020\/07\/grafico-2-gemplex-300x117.jpg\" alt=\"\" width=\"300\" height=\"117\" srcset=\"https:\/\/medgen.com.br\/portal\/wp-content\/uploads\/2020\/07\/grafico-2-gemplex-300x117.jpg 300w, https:\/\/medgen.com.br\/portal\/wp-content\/uploads\/2020\/07\/grafico-2-gemplex-1024x401.jpg 1024w, https:\/\/medgen.com.br\/portal\/wp-content\/uploads\/2020\/07\/grafico-2-gemplex-768x301.jpg 768w, https:\/\/medgen.com.br\/portal\/wp-content\/uploads\/2020\/07\/grafico-2-gemplex.jpg 1265w\" sizes=\"(max-width: 300px) 100vw, 300px\" \/><\/p><p>\u00a0a\u00a0e\u00a0b:\u00a0 Trincas AGG presentes nos alelos com 30 e 39 repeti\u00e7\u00f5es CGG<\/p>                                    <\/div>\n                                <\/div>\n\n                            <\/div>\n\n                                                    <div class=\"single_accourdion htmega-icon-align-left\">\n\n                                <div class=\"htmega-accourdion-title\">\n                                    <h2 data-toggle=\"htbcollapse\" data-target=\"#htmega-collapse342806d54\" class=\"htb-collapsed htmega-items-hedding\">Gemrox - 511 <span class=\"accourdion-icon close-accourdion\"><i class=\"fas fa-minus\"><\/i><\/span><span class=\"accourdion-icon open-accourdion\"><i class=\"fas fa-plus\"><\/i><\/span><\/h2>                                <\/div>\n\n                                <div id=\"htmega-collapse342806d54\" class=\"htb-collapse \" data-parent=\"#accordionExample42806d54\" >\n                                    <div class=\"accordion-content\">\n                                        <p>GemRox-511 \u00e9 um padr\u00e3o interno de peso molecular exigido durante a eletroforese de mol\u00e9culas fluorescentes de DNA, cuja finalidade \u00e9 indicar os diferentes tamanhos fragmentos. Ideal para uso em an\u00e1lises de microssat\u00e9lites, n\u00e3o apresentando qualquer desvio na indica\u00e7\u00e3o do tamanho do fragmento quando comparado a outros padr\u00f5es internos e pode ser empregado nos sequenciadores autom\u00e1ticos.<\/p><p>GemRox-511 \u00e9 uma solu\u00e7\u00e3o estoque que, quando usado em condi\u00e7\u00f5es desnaturantes, resulta em 16 picos de DNA marcados, com tamanhos distintos variando de 73 a 511 pares de base (vide figura abaixo). O DNA empregado \u00e9 uma dupla fita assimetricamente marcada com ROX (carboxi-X-rodamina). A fluoresc\u00eancia \u00e9 detectada automaticamente tendo como finalidade a determina\u00e7\u00e3o do tamanho do fragmento refer\u00eancia misturado com os fragmentos presentes na amostra. Seu emprego \u00e9 essencial para obten\u00e7\u00e3o de alta precis\u00e3o na classifica\u00e7\u00e3o por tamanho dos fragmentos analisados.<\/p><p><img loading=\"lazy\" decoding=\"async\" class=\"alignnone size-full wp-image-1175\" src=\"http:\/\/medgen.com.br\/portal\/wp-content\/uploads\/2020\/07\/Rox-551.jpg\" alt=\"\" width=\"1177\" height=\"258\" \/><\/p><p>Cada 250 \u00b5L do padr\u00e3o GemRox-511 \u00e9 suficiente para 800 rea\u00e7\u00f5es. Deve ser estocado a -20\u00baC. \u00c9 sens\u00edvel a luz.<\/p><p>\u00a0<\/p>                                    <\/div>\n                                <\/div>\n\n                            <\/div>\n\n                                                    <div class=\"single_accourdion htmega-icon-align-left\">\n\n                                <div class=\"htmega-accourdion-title\">\n                                    <h2 data-toggle=\"htbcollapse\" data-target=\"#htmega-collapse442806d54\" class=\"htb-collapsed htmega-items-hedding\">Gemdyc - 512 <span class=\"accourdion-icon close-accourdion\"><i class=\"fas fa-minus\"><\/i><\/span><span class=\"accourdion-icon open-accourdion\"><i class=\"fas fa-plus\"><\/i><\/span><\/h2>                                <\/div>\n\n                                <div id=\"htmega-collapse442806d54\" class=\"htb-collapse \" data-parent=\"#accordionExample42806d54\" >\n                                    <div class=\"accordion-content\">\n                                        <p>GemDyc-512 \u00e9 um padr\u00e3o interno de peso molecular exigido durante a eletroforese de mol\u00e9culas fluorescentes de DNA, cuja finalidade \u00e9 indicar os diferentes tamanhos fragmentos. Ideal para uso em an\u00e1lises de microssat\u00e9lites, n\u00e3o apresentando qualquer desvio na indica\u00e7\u00e3o do tamanho do fragmento quando comparado a outros padr\u00f5es internos e pode ser empregado nos sequenciadores autom\u00e1ticos.<\/p><p>GemDyc-512 \u00e9 uma solu\u00e7\u00e3o estoque que cont\u00e9m uma multiplicidade de 17 fragmentos de DNA com tamanhos distintos variando de 75 a 512 pares de base (vide figura abaixo). O DNA empregado \u00e9 uma dupla fita assimetricamente marcada com um fluor\u00f3foro que substitui o LIZ. A fluoresc\u00eancia \u00e9 detectada automaticamente tendo como finalidade a determina\u00e7\u00e3o do tamanho do fragmento refer\u00eancia misturado com os fragmentos presentes na amostra. Seu emprego \u00e9 essencial para obten\u00e7\u00e3o de alta precis\u00e3o na classifica\u00e7\u00e3o por tamanho dos fragmentos analisados.<\/p><p><img loading=\"lazy\" decoding=\"async\" class=\"alignnone size-medium wp-image-1179\" src=\"http:\/\/medgen.com.br\/portal\/wp-content\/uploads\/2020\/07\/Grafico-gemdyc-1-1-300x63.jpg\" alt=\"\" width=\"300\" height=\"63\" srcset=\"https:\/\/medgen.com.br\/portal\/wp-content\/uploads\/2020\/07\/Grafico-gemdyc-1-1-300x63.jpg 300w, https:\/\/medgen.com.br\/portal\/wp-content\/uploads\/2020\/07\/Grafico-gemdyc-1-1-1024x215.jpg 1024w, https:\/\/medgen.com.br\/portal\/wp-content\/uploads\/2020\/07\/Grafico-gemdyc-1-1-768x161.jpg 768w, https:\/\/medgen.com.br\/portal\/wp-content\/uploads\/2020\/07\/Grafico-gemdyc-1-1.jpg 1223w\" sizes=\"(max-width: 300px) 100vw, 300px\" \/><\/p><p>Cada 250 \u00b5L do padr\u00e3o GemRox-511 \u00e9 suficiente para 800 rea\u00e7\u00f5es. Deve ser estocado a -20\u00baC. \u00c9 sens\u00edvel a luz.<\/p><p>\u00a0<\/p>                                    <\/div>\n                                <\/div>\n\n                            <\/div>\n\n                                                    <div class=\"single_accourdion htmega-icon-align-left\">\n\n                                <div class=\"htmega-accourdion-title\">\n                                    <h2 data-toggle=\"htbcollapse\" data-target=\"#htmega-collapse542806d54\" class=\"htb-collapsed htmega-items-hedding\">Sistema de Quantifica\u00e7\u00e3o de DNA Humano <span class=\"accourdion-icon close-accourdion\"><i class=\"fas fa-minus\"><\/i><\/span><span class=\"accourdion-icon open-accourdion\"><i class=\"fas fa-plus\"><\/i><\/span><\/h2>                                <\/div>\n\n                                <div id=\"htmega-collapse542806d54\" class=\"htb-collapse \" data-parent=\"#accordionExample42806d54\" >\n                                    <div class=\"accordion-content\">\n                                        <p>Amostras\u00a0 submetidas \u00a0 a\u00a0\u00a0 an\u00e1lises\u00a0\u00a0 forenses\u00a0\u00a0 \u00a0geralmente \u00a0\u00a0 se \u00a0\u00a0 encontram\u00a0\u00a0 com\u00a0 alto\u00a0 \u00a0grau \u00a0de decomposi\u00e7\u00e3o e \u00a0contaminadas\u00a0 por \u00a0microorganismos. Dessa\u00a0 forma, o \u00a0DNA\u00a0 purificado\u00a0 \u00a0de\u00a0 ossos, dentes e mand\u00edbulas\u00a0 \u00e9 \u00a0uma mistura\u00a0\u00a0 \u00a0de\u00a0\u00a0 \u00a0material\u00a0\u00a0 humano\u00a0\u00a0 e\u00a0\u00a0 bacteriano.\u00a0\u00a0 Para\u00a0\u00a0 contornar\u00a0 \u00a0esse\u00a0 \u00a0problema, a MedGen\u00a0 desenvolveu um\u00a0 sistema de\u00a0 \u00a0quantifica\u00e7\u00e3o\u00a0\u00a0 espec\u00edfico\u00a0\u00a0 para\u00a0 DNA humano atrav\u00e9s de PCR em tempo real.<\/p><p>*\u00a0 Qu\u00edmica baseada na utiliza\u00e7\u00e3o de anti-primers ligados a \u201cquenchers\u201d BHQs<\/p><p><img loading=\"lazy\" decoding=\"async\" class=\"alignnone size-medium wp-image-1181\" src=\"http:\/\/medgen.com.br\/portal\/wp-content\/uploads\/2020\/07\/Quantificacao2020Figura1-300x214.jpg\" alt=\"\" width=\"300\" height=\"214\" srcset=\"https:\/\/medgen.com.br\/portal\/wp-content\/uploads\/2020\/07\/Quantificacao2020Figura1-300x214.jpg 300w, https:\/\/medgen.com.br\/portal\/wp-content\/uploads\/2020\/07\/Quantificacao2020Figura1.jpg 598w\" sizes=\"(max-width: 300px) 100vw, 300px\" \/><\/p><p>*\u00a0 Quantifica no mesmo tubo material autoss\u00f4mico e espec\u00edfico para o Cromossomo Y<\/p><p><img loading=\"lazy\" decoding=\"async\" class=\"alignnone size-medium wp-image-1182\" src=\"http:\/\/medgen.com.br\/portal\/wp-content\/uploads\/2020\/07\/Quantificacao2020Figura2a-300x267.jpg\" alt=\"\" width=\"300\" height=\"267\" srcset=\"https:\/\/medgen.com.br\/portal\/wp-content\/uploads\/2020\/07\/Quantificacao2020Figura2a-300x267.jpg 300w, https:\/\/medgen.com.br\/portal\/wp-content\/uploads\/2020\/07\/Quantificacao2020Figura2a.jpg 725w\" sizes=\"(max-width: 300px) 100vw, 300px\" \/><\/p><p>*\u00a0 Controle interno que permite a detec\u00e7\u00e3o de inibidores na rea\u00e7\u00e3o<\/p><p><img loading=\"lazy\" decoding=\"async\" class=\"alignnone size-medium wp-image-1183\" src=\"http:\/\/medgen.com.br\/portal\/wp-content\/uploads\/2020\/07\/Quantificacao2020Figura3-300x232.jpg\" alt=\"\" width=\"300\" height=\"232\" srcset=\"https:\/\/medgen.com.br\/portal\/wp-content\/uploads\/2020\/07\/Quantificacao2020Figura3-300x232.jpg 300w, https:\/\/medgen.com.br\/portal\/wp-content\/uploads\/2020\/07\/Quantificacao2020Figura3.jpg 484w\" sizes=\"(max-width: 300px) 100vw, 300px\" \/><\/p><p>Interpreta\u00e7\u00e3o:<\/p><p><img loading=\"lazy\" decoding=\"async\" class=\"alignnone size-medium wp-image-1184\" src=\"http:\/\/medgen.com.br\/portal\/wp-content\/uploads\/2020\/07\/Quantificacao20Figura4-300x106.jpg\" alt=\"\" width=\"300\" height=\"106\" srcset=\"https:\/\/medgen.com.br\/portal\/wp-content\/uploads\/2020\/07\/Quantificacao20Figura4-300x106.jpg 300w, https:\/\/medgen.com.br\/portal\/wp-content\/uploads\/2020\/07\/Quantificacao20Figura4.jpg 616w\" sizes=\"(max-width: 300px) 100vw, 300px\" \/><\/p><p>*\u00a0 Controle interno na presen\u00e7a do inibidor Hematina<\/p><p><img loading=\"lazy\" decoding=\"async\" class=\"alignnone size-medium wp-image-1185\" src=\"http:\/\/medgen.com.br\/portal\/wp-content\/uploads\/2020\/07\/Quantificacao20Figura5-300x180.jpg\" alt=\"\" width=\"300\" height=\"180\" srcset=\"https:\/\/medgen.com.br\/portal\/wp-content\/uploads\/2020\/07\/Quantificacao20Figura5-300x180.jpg 300w, https:\/\/medgen.com.br\/portal\/wp-content\/uploads\/2020\/07\/Quantificacao20Figura5-768x460.jpg 768w, https:\/\/medgen.com.br\/portal\/wp-content\/uploads\/2020\/07\/Quantificacao20Figura5.jpg 860w\" sizes=\"(max-width: 300px) 100vw, 300px\" \/><\/p><p>*\u00a0 Controle interno na presen\u00e7a do inibidor \u00c1cido H\u00famico<\/p><p><img loading=\"lazy\" decoding=\"async\" class=\"alignnone size-medium wp-image-1186\" src=\"http:\/\/medgen.com.br\/portal\/wp-content\/uploads\/2020\/07\/Quantificacao2020Figura6-300x158.jpg\" alt=\"\" width=\"300\" height=\"158\" srcset=\"https:\/\/medgen.com.br\/portal\/wp-content\/uploads\/2020\/07\/Quantificacao2020Figura6-300x158.jpg 300w, https:\/\/medgen.com.br\/portal\/wp-content\/uploads\/2020\/07\/Quantificacao2020Figura6-768x405.jpg 768w, https:\/\/medgen.com.br\/portal\/wp-content\/uploads\/2020\/07\/Quantificacao2020Figura6.jpg 865w\" sizes=\"(max-width: 300px) 100vw, 300px\" \/><\/p>                                    <\/div>\n                                <\/div>\n\n                            <\/div>\n\n                        <\/div>\t\t\t\t<\/div>\n\t\t\t\t<\/div>\n\t\t\t\t\t<\/div>\n\t\t<\/div>\n\t\t\t\t\t<\/div>\n\t\t<\/section>\n\t\t\t\t<\/div>\n\t\t","protected":false},"excerpt":{"rendered":"<p>LISTA DE EXAMES Athos-512_v2 Fa\u00e7a\u00a0aqui\u00a0o download\u00a0do manual. Manual-kit-Athos_v2 \u00a0 GEMPLEX CGG \u2013 Determina\u00e7\u00e3o do numero de repeti\u00e7\u00f5es CGG da regi\u00e3o 5\u2032 n\u00e3o traduzida do gene FMR1 (Fragile X Mental Retardation I) A MedGen oferece um ensaio molecular que precisamente quantifica o n\u00famero de repeti\u00e7\u00f5es CGG (at\u00e9 200) no gene FMR1\u00a0em\u00a0mulheres\u00a0\u00a0 e\u00a0\u00a0 homens e que permite &#8230; <a title=\"P&#038;D\" class=\"read-more\" href=\"https:\/\/medgen.com.br\/portal\/pd\/\" aria-label=\"More on P&#038;D\">Ler mais<\/a><\/p>\n","protected":false},"author":1,"featured_media":0,"parent":0,"menu_order":0,"comment_status":"closed","ping_status":"closed","template":"","meta":{"footnotes":""},"class_list":["post-431","page","type-page","status-publish"],"_links":{"self":[{"href":"https:\/\/medgen.com.br\/portal\/wp-json\/wp\/v2\/pages\/431","targetHints":{"allow":["GET"]}}],"collection":[{"href":"https:\/\/medgen.com.br\/portal\/wp-json\/wp\/v2\/pages"}],"about":[{"href":"https:\/\/medgen.com.br\/portal\/wp-json\/wp\/v2\/types\/page"}],"author":[{"embeddable":true,"href":"https:\/\/medgen.com.br\/portal\/wp-json\/wp\/v2\/users\/1"}],"replies":[{"embeddable":true,"href":"https:\/\/medgen.com.br\/portal\/wp-json\/wp\/v2\/comments?post=431"}],"version-history":[{"count":23,"href":"https:\/\/medgen.com.br\/portal\/wp-json\/wp\/v2\/pages\/431\/revisions"}],"predecessor-version":[{"id":2235,"href":"https:\/\/medgen.com.br\/portal\/wp-json\/wp\/v2\/pages\/431\/revisions\/2235"}],"wp:attachment":[{"href":"https:\/\/medgen.com.br\/portal\/wp-json\/wp\/v2\/media?parent=431"}],"curies":[{"name":"wp","href":"https:\/\/api.w.org\/{rel}","templated":true}]}}