{"id":443,"date":"2020-07-16T10:06:23","date_gmt":"2020-07-16T13:06:23","guid":{"rendered":"http:\/\/medgen.com.br\/portal\/?page_id=443"},"modified":"2020-08-03T08:09:59","modified_gmt":"2020-08-03T11:09:59","slug":"otorrinolaringologia","status":"publish","type":"page","link":"https:\/\/medgen.com.br\/portal\/otorrinolaringologia\/","title":{"rendered":"Otorrinolaringologia"},"content":{"rendered":"\t\t<div data-elementor-type=\"wp-page\" data-elementor-id=\"443\" class=\"elementor elementor-443\">\n\t\t\t\t\t\t<section class=\"elementor-section elementor-top-section elementor-element elementor-element-6180b515 elementor-section-boxed elementor-section-height-default elementor-section-height-default\" data-id=\"6180b515\" data-element_type=\"section\">\n\t\t\t\t\t\t<div class=\"elementor-container elementor-column-gap-default\">\n\t\t\t\t\t<div class=\"elementor-column elementor-col-100 elementor-top-column elementor-element elementor-element-adfd9e4\" data-id=\"adfd9e4\" data-element_type=\"column\">\n\t\t\t<div class=\"elementor-widget-wrap elementor-element-populated\">\n\t\t\t\t\t\t<div class=\"elementor-element elementor-element-58278eea elementor-widget elementor-widget-text-editor\" data-id=\"58278eea\" data-element_type=\"widget\" data-widget_type=\"text-editor.default\">\n\t\t\t\t<div class=\"elementor-widget-container\">\n\t\t\t\t\t\t\t\t\t<p>Perda auditiva na crian\u00e7a e no adulto podem ser causadas por muta\u00e7\u00f5es gen\u00e9ticas. Existem diversos exames que permitem a elucida\u00e7\u00e3o da causa gen\u00e9tica dessas doen\u00e7as de maneira r\u00e1pida, precisa e acess\u00edvel.<\/p>\t\t\t\t\t\t\t\t<\/div>\n\t\t\t\t<\/div>\n\t\t\t\t<div class=\"elementor-element elementor-element-3a834c99 elementor-widget elementor-widget-heading\" data-id=\"3a834c99\" data-element_type=\"widget\" data-widget_type=\"heading.default\">\n\t\t\t\t<div class=\"elementor-widget-container\">\n\t\t\t\t\t<h4 class=\"elementor-heading-title elementor-size-default\">LISTA DE EXAMES<\/h4>\t\t\t\t<\/div>\n\t\t\t\t<\/div>\n\t\t\t\t<div class=\"elementor-element elementor-element-681f15fe elementor-widget elementor-widget-htmega-accordion-addons\" data-id=\"681f15fe\" data-element_type=\"widget\" data-widget_type=\"htmega-accordion-addons.default\">\n\t\t\t\t<div class=\"elementor-widget-container\">\n\t\t\t\t\t<div class=\"accordion\" id=\"accordionExample681f15fe\">                            <div class=\"single_accourdion htmega-icon-align-left\">\n\n                                <div class=\"htmega-accourdion-title\">\n                                    <h2 data-toggle=\"htbcollapse\" data-target=\"#htmega-collapse1681f15fe\" class=\"htb-collapsed htmega-items-hedding\">Exoma Completo <span class=\"accourdion-icon close-accourdion\"><i class=\"fas fa-minus\"><\/i><\/span><span class=\"accourdion-icon open-accourdion\"><i class=\"fas fa-plus\"><\/i><\/span><\/h2>                                <\/div>\n\n                                <div id=\"htmega-collapse1681f15fe\" class=\"htb-collapse \" data-parent=\"#accordionExample681f15fe\" >\n                                    <div class=\"accordion-content\">\n                                        <div id=\"headingOne\" class=\"panel-heading\" role=\"tab\"><p class=\"panel-title\" data-name=\"Exoma Completo\">O sequenciamento completo do exoma permite a identifica\u00e7\u00e3o da causa de doen\u00e7as gen\u00e9ticas de origem desconhecida ou causadas por um entre centenas de genes, como Defici\u00eancia Intelectual, Malforma\u00e7\u00f5es e Dist\u00farbios da Diferencia\u00e7\u00e3o Sexual.<\/p><\/div><div id=\"124\" class=\"panel-collapse collapse\" role=\"tabpanel\" aria-labelledby=\"headingOne\" data-name=\"Exoma Completo\"><div class=\"panel-body\"><div class=\"row\"><div class=\"col-lg-10\"><div class=\"gene-list\"><h4 class=\"text-otorrinolaringologia\">Tempo estimado de entrega do resultado<\/h4><ul class=\"list-inline\"><li>45 dias<\/li><\/ul><\/div><div class=\"row-to-do\"><h4>Como Solicitar e Realizar o Exame<\/h4><p>Escolha o Kit de Coleta:<\/p><p><a class=\"maxbutton-2 maxbutton maxbutton-swab-bucal-saliva external-css botao-kit-exame\" href=\"http:\/\/medgen.com.br\/portal\/kit-swab-bucal\/\"><span class='mb-text'>SWAB BUCAL\/SALIVA<\/span><\/a> <a class=\"maxbutton-3 maxbutton maxbutton-tubo-edta external-css botao-kit-exame\" href=\"\/portal\/kit-tubo-edta\/\"><span class='mb-text'>TUBO EDTA<\/span><\/a><\/p><p><button class=\"caldera-forms-modal\" data-form=\"CF5f0e2845c4731\"data-remodal-target=\"cf-modal-CF5f0e2845c473169ea5f9a2c99e\" title=\"Click to open the form Fale Conosco in a modal\">Fale conosco<\/button><\/p><\/div><\/div><\/div><\/div><\/div>                                    <\/div>\n                                <\/div>\n\n                            <\/div>\n\n                                                    <div class=\"single_accourdion htmega-icon-align-left\">\n\n                                <div class=\"htmega-accourdion-title\">\n                                    <h2 data-toggle=\"htbcollapse\" data-target=\"#htmega-collapse2681f15fe\" class=\"htb-collapsed htmega-items-hedding\">Painel de Surdez (GJB2\/GJB6) <span class=\"accourdion-icon close-accourdion\"><i class=\"fas fa-minus\"><\/i><\/span><span class=\"accourdion-icon open-accourdion\"><i class=\"fas fa-plus\"><\/i><\/span><\/h2>                                <\/div>\n\n                                <div id=\"htmega-collapse2681f15fe\" class=\"htb-collapse \" data-parent=\"#accordionExample681f15fe\" >\n                                    <div class=\"accordion-content\">\n                                        <div id=\"headingOne\" class=\"panel-heading\" role=\"tab\"><p class=\"panel-title\" data-name=\"Painel de Surdez (GJB2\/GJB6)\">O Painel de Surdez analisa os genes GJB2 (Conexina 26 ou Cx26) e GJB6, que juntos s\u00e3o a causa mais frequente de surdez gen\u00e9tica.<\/p><\/div><div id=\"125\" class=\"panel-collapse collapse\" role=\"tabpanel\" aria-labelledby=\"headingOne\" data-name=\"Painel de Surdez (GJB2\/GJB6)\"><div class=\"panel-body\"><div class=\"row\"><div class=\"col-lg-10\"><div class=\"gene-list\"><h4 class=\"text-otorrinolaringologia\">Genes Analisados<\/h4><ul class=\"list-inline\"><li>GJB2<\/li><li>GJB6<\/li><\/ul><\/div><div class=\"gene-list\"><h4 class=\"text-otorrinolaringologia\">Tempo estimado de entrega do resultado<\/h4><ul class=\"list-inline\"><li>45 dias<\/li><\/ul><\/div><div class=\"row-to-do\"><h4>Como Solicitar e Realizar o Exame<\/h4><p>Escolha o Kit de Coleta:<\/p><p><a class=\"maxbutton-2 maxbutton maxbutton-swab-bucal-saliva external-css botao-kit-exame\" href=\"http:\/\/medgen.com.br\/portal\/kit-swab-bucal\/\"><span class='mb-text'>SWAB BUCAL\/SALIVA<\/span><\/a> <a class=\"maxbutton-3 maxbutton maxbutton-tubo-edta external-css botao-kit-exame\" href=\"\/portal\/kit-tubo-edta\/\"><span class='mb-text'>TUBO EDTA<\/span><\/a><\/p><p><button class=\"caldera-forms-modal\" data-form=\"CF5f0e2845c4731\"data-remodal-target=\"cf-modal-CF5f0e2845c473169ea5f9a303ec\" title=\"Click to open the form Fale Conosco in a modal\">Fale conosco<\/button><\/p><\/div><\/div><\/div><\/div><\/div>                                    <\/div>\n                                <\/div>\n\n                            <\/div>\n\n                                                    <div class=\"single_accourdion htmega-icon-align-left\">\n\n                                <div class=\"htmega-accourdion-title\">\n                                    <h2 data-toggle=\"htbcollapse\" data-target=\"#htmega-collapse3681f15fe\" class=\"htb-collapsed htmega-items-hedding\">Painel de Surdez Heredit\u00e1ria (Expandido) <span class=\"accourdion-icon close-accourdion\"><i class=\"fas fa-minus\"><\/i><\/span><span class=\"accourdion-icon open-accourdion\"><i class=\"fas fa-plus\"><\/i><\/span><\/h2>                                <\/div>\n\n                                <div id=\"htmega-collapse3681f15fe\" class=\"htb-collapse \" data-parent=\"#accordionExample681f15fe\" >\n                                    <div class=\"accordion-content\">\n                                        <div id=\"headingOne\" class=\"panel-heading\" role=\"tab\"><p class=\"panel-title\" data-name=\"Painel de Surdez Heredit\u00e1ria (Expandido)\">O Painel de Surdez Heredit\u00e1ria (Expandido) sequencia 107 genes relacionados a Surdez sindr\u00f4mica e n\u00e3o-sindr\u00f4mica de etiologia gen\u00e9tica.<\/p><\/div><div id=\"126\" class=\"panel-collapse collapse\" role=\"tabpanel\" aria-labelledby=\"headingOne\" data-name=\"Painel de Surdez Heredit\u00e1ria (Expandido)\"><div class=\"panel-body\"><div class=\"row\"><div class=\"col-lg-10\"><div class=\"gene-list\"><h4 class=\"text-otorrinolaringologia\">Genes Analisados<\/h4><ul class=\"list-inline\"><li>ACTB<\/li><li>ACTG1<\/li><li>ADGRV1<\/li><li>ATP6V0A4<\/li><li>ATP6V1B1<\/li><li>BCS1L<\/li><li>BSND<\/li><li>CATSPER2<\/li><li>CCDC50<\/li><li>CDH23<\/li><li>CEACAM16<\/li><li>CEMIP<\/li><li>CLDN14<\/li><li>CLRN1<\/li><li>COCH<\/li><li>COL11A2<\/li><li>COL9A2<\/li><li>COL9A3<\/li><li>CRYM<\/li><li>DIAPH1<\/li><li>DSPP<\/li><li>ECE1<\/li><li>EDNRA<\/li><li>EDNRB<\/li><li>ERCC2<\/li><li>ERCC3<\/li><li>ESPN<\/li><li>ESRRB<\/li><li>EYA4<\/li><li>FAS<\/li><li>FGF3<\/li><li>FGFR3<\/li><li>GATA3<\/li><li>GIPC3<\/li><li>GJA1<\/li><li>GJB1<\/li><li>GJB2<\/li><li>GJB3<\/li><li>GJB4<\/li><li>GJB6<\/li><li>GPSM2<\/li><li>GRHL2<\/li><li>GRXCR1<\/li><li>GSDME<\/li><li>HGF<\/li><li>ILDR1<\/li><li>JAG1<\/li><li>KCNE1<\/li><li>KCNJ10<\/li><li>KCNQ1<\/li><li>KCNQ4<\/li><li>LHFPL5<\/li><li>LHX3<\/li><li>LOXHD1<\/li><li>LRTOMT<\/li><li>MARVELD2<\/li><li>MITF<\/li><li>MSRB3<\/li><li>MTAP<\/li><li>MYH14<\/li><li>MYH9<\/li><li>MYO15A<\/li><li>MYO3A<\/li><li>MYO6<\/li><li>MYO7A<\/li><li>MYOC<\/li><li>NDP<\/li><li>NR2F1<\/li><li>OTOA<\/li><li>OTOF<\/li><li>PAX3<\/li><li>PCDH15<\/li><li>PDZD7<\/li><li>PJVK<\/li><li>PMP22<\/li><li>POU3F4<\/li><li>POU4F3<\/li><li>PRPS1<\/li><li>PTPRQ<\/li><li>RDX<\/li><li>SERPINB6<\/li><li>SIX1<\/li><li>SIX5<\/li><li>SLC17A8<\/li><li>SLC26A4<\/li><li>SLC26A5<\/li><li>SLC4A11<\/li><li>SMPX<\/li><li>SNAI2<\/li><li>SOX2<\/li><li>SPINK5<\/li><li>STRC<\/li><li>TBL1X<\/li><li>TECTA<\/li><li>TIMM8A<\/li><li>TJP2<\/li><li>TMC1<\/li><li>TMIE<\/li><li>TMPRSS3<\/li><li>TPRN<\/li><li>TRIOBP<\/li><li>USH1C<\/li><li>USH1G<\/li><li>USH2A<\/li><li>WFS1<\/li><li>WHRN<\/li><li>WHRN<\/li><\/ul><\/div><div class=\"gene-list\"><h4 class=\"text-otorrinolaringologia\">Tempo estimado de entrega do resultado<\/h4><ul class=\"list-inline\"><li>45 dias<\/li><\/ul><\/div><div class=\"row-to-do\"><h4>Como Solicitar e Realizar o Exame<\/h4><p>Escolha o Kit de Coleta:<\/p><p><a class=\"maxbutton-2 maxbutton maxbutton-swab-bucal-saliva external-css botao-kit-exame\" href=\"http:\/\/medgen.com.br\/portal\/kit-swab-bucal\/\"><span class='mb-text'>SWAB BUCAL\/SALIVA<\/span><\/a> <a class=\"maxbutton-3 maxbutton maxbutton-tubo-edta external-css botao-kit-exame\" href=\"\/portal\/kit-tubo-edta\/\"><span class='mb-text'>TUBO EDTA<\/span><\/a><\/p><p><button class=\"caldera-forms-modal\" data-form=\"CF5f0e2845c4731\"data-remodal-target=\"cf-modal-CF5f0e2845c473169ea5f9a314ea\" title=\"Click to open the form Fale Conosco in a modal\">Fale conosco<\/button><\/p><\/div><\/div><\/div><\/div><\/div>                                    <\/div>\n                                <\/div>\n\n                            <\/div>\n\n                                                    <div class=\"single_accourdion htmega-icon-align-left\">\n\n                                <div class=\"htmega-accourdion-title\">\n                                    <h2 data-toggle=\"htbcollapse\" data-target=\"#htmega-collapse4681f15fe\" class=\"htb-collapsed htmega-items-hedding\">Sequenciamento Customizado <span class=\"accourdion-icon close-accourdion\"><i class=\"fas fa-minus\"><\/i><\/span><span class=\"accourdion-icon open-accourdion\"><i class=\"fas fa-plus\"><\/i><\/span><\/h2>                                <\/div>\n\n                                <div id=\"htmega-collapse4681f15fe\" class=\"htb-collapse \" data-parent=\"#accordionExample681f15fe\" >\n                                    <div class=\"accordion-content\">\n                                        <div id=\"headingOne\" class=\"panel-heading\" role=\"tab\"><p class=\"panel-title\" data-name=\"Sequenciamento Customizado\">Para doen\u00e7as mendelianas que n\u00e3o s\u00e3o cobertas pelos exames listados, a DNA Medic pode realizar o sequenciamento de genes espec\u00edficos de maneira customizada.<\/p><\/div><div id=\"127\" class=\"panel-collapse collapse\" role=\"tabpanel\" aria-labelledby=\"headingOne\" data-name=\"Sequenciamento Customizado\"><div class=\"panel-body\"><div class=\"row\"><div class=\"col-lg-10\"><div class=\"gene-list\"><h4 class=\"text-otorrinolaringologia\">Tempo estimado de entrega do resultado<\/h4><ul class=\"list-inline\"><li>45 dias<\/li><\/ul><\/div><div class=\"row-to-do\"><h4>Como Solicitar e Realizar o Exame<\/h4><p>Escolha o Kit de Coleta:<\/p><p><a class=\"maxbutton-2 maxbutton maxbutton-swab-bucal-saliva external-css botao-kit-exame\" href=\"http:\/\/medgen.com.br\/portal\/kit-swab-bucal\/\"><span class='mb-text'>SWAB BUCAL\/SALIVA<\/span><\/a> <a class=\"maxbutton-3 maxbutton maxbutton-tubo-edta external-css botao-kit-exame\" href=\"\/portal\/kit-tubo-edta\/\"><span class='mb-text'>TUBO EDTA<\/span><\/a><\/p><p><button class=\"caldera-forms-modal\" data-form=\"CF5f0e2845c4731\"data-remodal-target=\"cf-modal-CF5f0e2845c473169ea5f9a325ef\" title=\"Click to open the form Fale Conosco in a modal\">Fale conosco<\/button><\/p><\/div><\/div><\/div><\/div><\/div>                                    <\/div>\n                                <\/div>\n\n                            <\/div>\n\n                        <\/div>\t\t\t\t<\/div>\n\t\t\t\t<\/div>\n\t\t\t\t\t<\/div>\n\t\t<\/div>\n\t\t\t\t\t<\/div>\n\t\t<\/section>\n\t\t\t\t<\/div>\n\t\t","protected":false},"excerpt":{"rendered":"<p>Perda auditiva na crian\u00e7a e no adulto podem ser causadas por muta\u00e7\u00f5es gen\u00e9ticas. Existem diversos exames que permitem a elucida\u00e7\u00e3o da causa gen\u00e9tica dessas doen\u00e7as de maneira r\u00e1pida, precisa e acess\u00edvel. LISTA DE EXAMES Exoma Completo O sequenciamento completo do exoma permite a identifica\u00e7\u00e3o da causa de doen\u00e7as gen\u00e9ticas de origem desconhecida ou causadas por &#8230; <a title=\"Otorrinolaringologia\" class=\"read-more\" href=\"https:\/\/medgen.com.br\/portal\/otorrinolaringologia\/\" aria-label=\"More on Otorrinolaringologia\">Ler mais<\/a><\/p>\n","protected":false},"author":1,"featured_media":0,"parent":0,"menu_order":0,"comment_status":"closed","ping_status":"closed","template":"","meta":{"footnotes":""},"class_list":["post-443","page","type-page","status-publish"],"_links":{"self":[{"href":"https:\/\/medgen.com.br\/portal\/wp-json\/wp\/v2\/pages\/443","targetHints":{"allow":["GET"]}}],"collection":[{"href":"https:\/\/medgen.com.br\/portal\/wp-json\/wp\/v2\/pages"}],"about":[{"href":"https:\/\/medgen.com.br\/portal\/wp-json\/wp\/v2\/types\/page"}],"author":[{"embeddable":true,"href":"https:\/\/medgen.com.br\/portal\/wp-json\/wp\/v2\/users\/1"}],"replies":[{"embeddable":true,"href":"https:\/\/medgen.com.br\/portal\/wp-json\/wp\/v2\/comments?post=443"}],"version-history":[{"count":12,"href":"https:\/\/medgen.com.br\/portal\/wp-json\/wp\/v2\/pages\/443\/revisions"}],"predecessor-version":[{"id":1645,"href":"https:\/\/medgen.com.br\/portal\/wp-json\/wp\/v2\/pages\/443\/revisions\/1645"}],"wp:attachment":[{"href":"https:\/\/medgen.com.br\/portal\/wp-json\/wp\/v2\/media?parent=443"}],"curies":[{"name":"wp","href":"https:\/\/api.w.org\/{rel}","templated":true}]}}