{"id":445,"date":"2020-07-16T10:06:52","date_gmt":"2020-07-16T13:06:52","guid":{"rendered":"http:\/\/medgen.com.br\/portal\/?page_id=445"},"modified":"2020-09-24T21:52:25","modified_gmt":"2020-09-25T00:52:25","slug":"oftalmologia","status":"publish","type":"page","link":"https:\/\/medgen.com.br\/portal\/oftalmologia\/","title":{"rendered":"Oftalmologia"},"content":{"rendered":"\t\t<div data-elementor-type=\"wp-page\" data-elementor-id=\"445\" class=\"elementor elementor-445\">\n\t\t\t\t\t\t<section class=\"elementor-section elementor-top-section elementor-element elementor-element-606c688c elementor-section-boxed elementor-section-height-default elementor-section-height-default\" data-id=\"606c688c\" data-element_type=\"section\">\n\t\t\t\t\t\t<div class=\"elementor-container elementor-column-gap-default\">\n\t\t\t\t\t<div class=\"elementor-column elementor-col-100 elementor-top-column elementor-element elementor-element-33ba13b3\" data-id=\"33ba13b3\" data-element_type=\"column\">\n\t\t\t<div class=\"elementor-widget-wrap elementor-element-populated\">\n\t\t\t\t\t\t<div class=\"elementor-element elementor-element-7480b0c8 elementor-widget elementor-widget-text-editor\" data-id=\"7480b0c8\" data-element_type=\"widget\" data-widget_type=\"text-editor.default\">\n\t\t\t\t<div class=\"elementor-widget-container\">\n\t\t\t\t\t\t\t\t\t<p>Doen\u00e7as do sistema visual, como retinopatias, catarata, glaucoma cong\u00eanito e muitas outras, podem ser causadas por muta\u00e7\u00f5es gen\u00e9ticas. O MedGen oferece diversos exames que permitem a elucida\u00e7\u00e3o da causa gen\u00e9tica dessas doen\u00e7as.<\/p>\t\t\t\t\t\t\t\t<\/div>\n\t\t\t\t<\/div>\n\t\t\t\t<div class=\"elementor-element elementor-element-33428125 elementor-widget elementor-widget-heading\" data-id=\"33428125\" data-element_type=\"widget\" data-widget_type=\"heading.default\">\n\t\t\t\t<div class=\"elementor-widget-container\">\n\t\t\t\t\t<h4 class=\"elementor-heading-title elementor-size-default\">LISTA DE EXAMES<\/h4>\t\t\t\t<\/div>\n\t\t\t\t<\/div>\n\t\t\t\t<div class=\"elementor-element elementor-element-413bb9e3 elementor-widget elementor-widget-htmega-accordion-addons\" data-id=\"413bb9e3\" data-element_type=\"widget\" data-widget_type=\"htmega-accordion-addons.default\">\n\t\t\t\t<div class=\"elementor-widget-container\">\n\t\t\t\t\t<div class=\"accordion\" id=\"accordionExample413bb9e3\">                            <div class=\"single_accourdion htmega-icon-align-left\">\n\n                                <div class=\"htmega-accourdion-title\">\n                                    <h2 data-toggle=\"htbcollapse\" data-target=\"#htmega-collapse1413bb9e3\" class=\"htb-collapsed htmega-items-hedding\">Exoma Completo <span class=\"accourdion-icon close-accourdion\"><i class=\"fas fa-minus\"><\/i><\/span><span class=\"accourdion-icon open-accourdion\"><i class=\"fas fa-plus\"><\/i><\/span><\/h2>                                <\/div>\n\n                                <div id=\"htmega-collapse1413bb9e3\" class=\"htb-collapse \" data-parent=\"#accordionExample413bb9e3\" >\n                                    <div class=\"accordion-content\">\n                                        <div id=\"headingOne\" class=\"panel-heading\" role=\"tab\"><p class=\"panel-title\" data-name=\"Exoma Completo\">O sequenciamento completo do exoma permite a identifica\u00e7\u00e3o da causa de doen\u00e7as gen\u00e9ticas de origem desconhecida ou causadas por um entre centenas de genes, como Defici\u00eancia Intelectual, Malforma\u00e7\u00f5es e Dist\u00farbios da Diferencia\u00e7\u00e3o Sexual.<\/p><\/div><div id=\"128\" class=\"panel-collapse collapse\" role=\"tabpanel\" aria-labelledby=\"headingOne\" data-name=\"Exoma Completo\"><div class=\"panel-body\"><div class=\"row\"><div class=\"col-lg-10\"><div class=\"gene-list\"><h4 class=\"text-oftalmologia\">Tempo estimado de entrega do resultado<\/h4><ul class=\"list-inline\"><li>45 dias<\/li><\/ul><\/div><div class=\"row-to-do\"><h4>Como Solicitar e Realizar o Exame<\/h4><p>Escolha o Kit de Coleta:<\/p><p><a class=\"maxbutton-2 maxbutton maxbutton-swab-bucal-saliva external-css botao-kit-exame\" href=\"http:\/\/medgen.com.br\/portal\/kit-swab-bucal\/\"><span class='mb-text'>SWAB BUCAL\/SALIVA<\/span><\/a> <a class=\"maxbutton-3 maxbutton maxbutton-tubo-edta external-css botao-kit-exame\" href=\"\/portal\/kit-tubo-edta\/\"><span class='mb-text'>TUBO EDTA<\/span><\/a><\/p><p><button class=\"caldera-forms-modal\" data-form=\"CF5f0e2845c4731\"data-remodal-target=\"cf-modal-CF5f0e2845c473169ea5c2cef9f7\" title=\"Click to open the form Fale Conosco in a modal\">Fale conosco<\/button><\/p><\/div><\/div><\/div><\/div><\/div>                                    <\/div>\n                                <\/div>\n\n                            <\/div>\n\n                                                    <div class=\"single_accourdion htmega-icon-align-left\">\n\n                                <div class=\"htmega-accourdion-title\">\n                                    <h2 data-toggle=\"htbcollapse\" data-target=\"#htmega-collapse2413bb9e3\" class=\"htb-collapsed htmega-items-hedding\">Painel de Retinopatias Heredit\u00e1rias <span class=\"accourdion-icon close-accourdion\"><i class=\"fas fa-minus\"><\/i><\/span><span class=\"accourdion-icon open-accourdion\"><i class=\"fas fa-plus\"><\/i><\/span><\/h2>                                <\/div>\n\n                                <div id=\"htmega-collapse2413bb9e3\" class=\"htb-collapse \" data-parent=\"#accordionExample413bb9e3\" >\n                                    <div class=\"accordion-content\">\n                                        <div id=\"headingOne\" class=\"panel-heading\" role=\"tab\"><p class=\"panel-title\" data-name=\"Painel de Retinopatias Heredit\u00e1rias\">O Painel de Retinopatias Heredit\u00e1rias sequencia 238 genes relacionados a Retinopatias de etiologia gen\u00e9tica. Inclui doen\u00e7as como Retinose Pigmentar, S\u00edndrome de Bardet Biedl, Doen\u00e7a de Stargardt, Distrofia de Cones e Bastonetes, Lipofuscinose Cer\u00f3ide Neuronal, S\u00edndrome de Usher e outras.<\/p><\/div><div id=\"130\" class=\"panel-collapse collapse\" role=\"tabpanel\" aria-labelledby=\"headingOne\" data-name=\"Painel de Retinopatias Heredit\u00e1rias\"><div class=\"panel-body\"><div class=\"row\"><div class=\"col-lg-10\"><div class=\"gene-list\"><h4 class=\"text-oftalmologia\">Genes Analisados<\/h4><ul class=\"list-inline\"><li>ABCA4<\/li><li>ABCC6<\/li><li>ABCD1<\/li><li>ABHD12<\/li><li>ACO2<\/li><li>ADAM9<\/li><li>ADGRV1<\/li><li>AHI1<\/li><li>AHR<\/li><li>AIPL1<\/li><li>ALMS1<\/li><li>AMACR<\/li><li>ARL13B<\/li><li>ARL6<\/li><li>ATF6<\/li><li>B9D1<\/li><li>B9D2<\/li><li>BBIP1<\/li><li>BBS1<\/li><li>BBS10<\/li><li>BBS12<\/li><li>BBS2<\/li><li>BBS4<\/li><li>BBS5<\/li><li>BBS7<\/li><li>BBS9<\/li><li>BEST1<\/li><li>C12ORF65<\/li><li>C1QTNF5<\/li><li>C8ORF37<\/li><li>CA4<\/li><li>CABP4<\/li><li>CACNA1F<\/li><li>CACNA2D4<\/li><li>CASK<\/li><li>CC2D2A<\/li><li>CDH23<\/li><li>CDH3<\/li><li>CDHR1<\/li><li>CEP250<\/li><li>CEP290<\/li><li>CEP41<\/li><li>CEP78<\/li><li>CERKL<\/li><li>CFH<\/li><li>CHM<\/li><li>CIB2<\/li><li>CISD2<\/li><li>CLN3<\/li><li>CLN5<\/li><li>CLN6<\/li><li>CLN8<\/li><li>CLRN1<\/li><li>CNGA1<\/li><li>CNGA3<\/li><li>CNGB1<\/li><li>CNGB3<\/li><li>CNNM4<\/li><li>CPLANE1<\/li><li>CRB1<\/li><li>CRX<\/li><li>CTNNA1<\/li><li>CTSD<\/li><li>CYP4V2<\/li><li>DHDDS<\/li><li>DHX38<\/li><li>DNAJC5<\/li><li>EFEMP1<\/li><li>ELOVL4<\/li><li>EYS<\/li><li>FAM161A<\/li><li>FLVCR1<\/li><li>FRMD7<\/li><li>FSCN2<\/li><li>FZD4<\/li><li>GDF6<\/li><li>GJB2<\/li><li>GJB6<\/li><li>GNAT1<\/li><li>GNAT2<\/li><li>GNPTG<\/li><li>GPR143<\/li><li>GPR179<\/li><li>GRK1<\/li><li>GRM6<\/li><li>GRN<\/li><li>GUCA1A<\/li><li>GUCA1B<\/li><li>GUCY2D<\/li><li>HARS1<\/li><li>HGSNAT<\/li><li>HK1<\/li><li>HMCN1<\/li><li>HMX1<\/li><li>IDH3B<\/li><li>IFT140<\/li><li>IFT27<\/li><li>IMPDH1<\/li><li>IMPG1<\/li><li>IMPG2<\/li><li>INPP5E<\/li><li>IQCB1<\/li><li>ITM2B<\/li><li>KCNJ13<\/li><li>KCNV2<\/li><li>KCTD7<\/li><li>KIF7<\/li><li>KLHL7<\/li><li>LAMA1<\/li><li>LCA5<\/li><li>LRAT<\/li><li>LRIT3<\/li><li>LRP5<\/li><li>LZTFL1<\/li><li>MAK<\/li><li>MERTK<\/li><li>MFN2<\/li><li>MFRP<\/li><li>MFSD8<\/li><li>MKKS<\/li><li>MKS1<\/li><li>MMACHC<\/li><li>MVK<\/li><li>MYO7A<\/li><li>NDP<\/li><li>NEUROD1<\/li><li>NMNAT1<\/li><li>NPHP1<\/li><li>NPHP3<\/li><li>NPHP4<\/li><li>NR2F1<\/li><li>NRL<\/li><li>NYX<\/li><li>OAT<\/li><li>OFD1<\/li><li>OPA1<\/li><li>OPA3<\/li><li>OPN1LW<\/li><li>OTX2<\/li><li>PAX6<\/li><li>PCARE<\/li><li>PCDH15<\/li><li>PDE6A<\/li><li>PDE6B<\/li><li>PDE6C<\/li><li>PDE6G<\/li><li>PDE6H<\/li><li>PDZD7<\/li><li>PEX1<\/li><li>PEX10<\/li><li>PEX11B<\/li><li>PEX12<\/li><li>PEX13<\/li><li>PEX14<\/li><li>PEX16<\/li><li>PEX19<\/li><li>PEX2<\/li><li>PEX26<\/li><li>PEX3<\/li><li>PEX5<\/li><li>PEX6<\/li><li>PEX7<\/li><li>PHYH<\/li><li>PITPNM3<\/li><li>PNPLA6<\/li><li>POC5<\/li><li>PPT1<\/li><li>PRCD<\/li><li>PROM1<\/li><li>PRPF3<\/li><li>PRPF31<\/li><li>PRPF6<\/li><li>PRPF8<\/li><li>PRPH2<\/li><li>PRPS1<\/li><li>RAB28<\/li><li>RAX2<\/li><li>RBP3<\/li><li>RBP4<\/li><li>RD3<\/li><li>RDH12<\/li><li>RDH5<\/li><li>RGR<\/li><li>RGS9<\/li><li>RGS9BP<\/li><li>RHO<\/li><li>RIMS1<\/li><li>RLBP1<\/li><li>ROM1<\/li><li>RP1<\/li><li>RP1L1<\/li><li>RP2<\/li><li>RP9<\/li><li>RPE65<\/li><li>RPGR<\/li><li>RPGRIP1<\/li><li>RPGRIP1L<\/li><li>RS1<\/li><li>SAG<\/li><li>SDCCAG8<\/li><li>SEMA4A<\/li><li>SLC24A1<\/li><li>SNRNP200<\/li><li>SPATA7<\/li><li>TCTN1<\/li><li>TCTN2<\/li><li>TEAD1<\/li><li>TIMM8A<\/li><li>TIMP3<\/li><li>TMEM126A<\/li><li>TMEM138<\/li><li>TMEM216<\/li><li>TMEM237<\/li><li>TMEM67<\/li><li>TOPORS<\/li><li>TPP1<\/li><li>TRAPPC3<\/li><li>TRIM32<\/li><li>TRPM1<\/li><li>TSPAN12<\/li><li>TTC21B<\/li><li>TTC8<\/li><li>TUBGCP4<\/li><li>TUBGCP6<\/li><li>TULP1<\/li><li>TYR<\/li><li>UNC119<\/li><li>USH1C<\/li><li>USH1G<\/li><li>USH2A<\/li><li>VPS13B<\/li><li>WDPCP<\/li><li>WDR19<\/li><li>WFS1<\/li><li>WHRN<\/li><li>WHRN<\/li><li>ZNF408<\/li><li>ZNF513<\/li><\/ul><\/div><div class=\"gene-list\"><h4 class=\"text-oftalmologia\">Tempo estimado de entrega do resultado<\/h4><ul class=\"list-inline\"><li>45 dias<\/li><\/ul><\/div><div class=\"row-to-do\"><h4>Como Solicitar e Realizar o Exame<\/h4><p>Escolha o Kit de Coleta:<\/p><p><a class=\"maxbutton-2 maxbutton maxbutton-swab-bucal-saliva external-css botao-kit-exame\" href=\"http:\/\/medgen.com.br\/portal\/kit-swab-bucal\/\"><span class='mb-text'>SWAB BUCAL\/SALIVA<\/span><\/a> <a class=\"maxbutton-3 maxbutton maxbutton-tubo-edta external-css botao-kit-exame\" href=\"\/portal\/kit-tubo-edta\/\"><span class='mb-text'>TUBO EDTA<\/span><\/a><\/p><p><button class=\"caldera-forms-modal\" data-form=\"CF5f0e2845c4731\"data-remodal-target=\"cf-modal-CF5f0e2845c473169ea5c2d0376a\" title=\"Click to open the form Fale Conosco in a modal\">Fale conosco<\/button><\/p><\/div><\/div><\/div><\/div><\/div>                                    <\/div>\n                                <\/div>\n\n                            <\/div>\n\n                                                    <div class=\"single_accourdion htmega-icon-align-left\">\n\n                                <div class=\"htmega-accourdion-title\">\n                                    <h2 data-toggle=\"htbcollapse\" data-target=\"#htmega-collapse3413bb9e3\" class=\"htb-collapsed htmega-items-hedding\">Painel para S\u00edndrome de Marfan e Doen\u00e7as Correlatas <span class=\"accourdion-icon close-accourdion\"><i class=\"fas fa-minus\"><\/i><\/span><span class=\"accourdion-icon open-accourdion\"><i class=\"fas fa-plus\"><\/i><\/span><\/h2>                                <\/div>\n\n                                <div id=\"htmega-collapse3413bb9e3\" class=\"htb-collapse \" data-parent=\"#accordionExample413bb9e3\" >\n                                    <div class=\"accordion-content\">\n                                        <div id=\"headingOne\" class=\"panel-heading\" role=\"tab\"><p class=\"panel-title\" data-name=\"Painel para S\u00edndrome de Marfan e Doen\u00e7as Correlatas\">Painel para S\u00edndrome de Marfan e Doen\u00e7as Correlatas sequencia o gene FBN1, associado \u00e0 s\u00edndrome de Marfan, e outros genes associados a condi\u00e7\u00f5es que fazem diagn\u00f3stico diferencial, tais como: S\u00edndrome de Loeys-Dietz, Homocistin\u00faria, Aneurisma de aorta, S\u00edndrome de Stickler, S\u00edndrome de Ehlers-Danlos, entre outros<\/p><\/div><div id=\"132\" class=\"panel-collapse collapse\" role=\"tabpanel\" aria-labelledby=\"headingOne\" data-name=\"Painel para S\u00edndrome de Marfan e Doen\u00e7as Correlatas\"><div class=\"panel-body\"><div class=\"row\"><div class=\"col-lg-10\"><div class=\"gene-list\"><h4 class=\"text-oftalmologia\">Genes Analisados<\/h4><ul class=\"list-inline\"><li>ACTA2<\/li><li>ADAMTS2<\/li><li>ADAMTSL4<\/li><li>AEBP1<\/li><li>ALDH18A1<\/li><li>ATP6V0A2<\/li><li>ATP6V1A<\/li><li>ATP6V1E1<\/li><li>ATP7A<\/li><li>B3GALT6<\/li><li>B3GAT3<\/li><li>B4GALT7<\/li><li>BGN<\/li><li>CBS<\/li><li>CHST14<\/li><li>COL11A1<\/li><li>COL11A2<\/li><li>COL1A1<\/li><li>COL1A2<\/li><li>COL2A1<\/li><li>COL3A1<\/li><li>COL5A1<\/li><li>COL5A2<\/li><li>COL9A1<\/li><li>COL9A2<\/li><li>EFEMP2<\/li><li>ELN<\/li><li>FBLN5<\/li><li>FBN1<\/li><li>FBN2<\/li><li>FKBP14<\/li><li>FLNA<\/li><li>FOXE3<\/li><li>GORAB<\/li><li>GZF1<\/li><li>HRAS<\/li><li>KIF22<\/li><li>LOX<\/li><li>LTBP2<\/li><li>LTBP3<\/li><li>LTBP4<\/li><li>MFAP5<\/li><li>MYH11<\/li><li>MYLK<\/li><li>PIK3R1<\/li><li>PLOD1<\/li><li>PPP1CB<\/li><li>PRKG1<\/li><li>PYCR1<\/li><li>RIN2<\/li><li>ROBO4<\/li><li>SKI<\/li><li>SLC2A10<\/li><li>SLC39A13<\/li><li>SMAD3<\/li><li>SMAD6<\/li><li>TGFB2<\/li><li>TGFB3<\/li><li>TGFBR1<\/li><li>TGFBR2<\/li><li>TNXB<\/li><\/ul><\/div><div class=\"gene-list\"><h4 class=\"text-oftalmologia\">Tempo estimado de entrega do resultado<\/h4><ul class=\"list-inline\"><li>45 dias<\/li><\/ul><\/div><div class=\"row-to-do\"><h4>Como Solicitar e Realizar o Exame<\/h4><p>Escolha o Kit de Coleta:<\/p><p><a class=\"maxbutton-2 maxbutton maxbutton-swab-bucal-saliva external-css botao-kit-exame\" href=\"http:\/\/medgen.com.br\/portal\/kit-swab-bucal\/\"><span class='mb-text'>SWAB BUCAL\/SALIVA<\/span><\/a> <a class=\"maxbutton-3 maxbutton maxbutton-tubo-edta external-css botao-kit-exame\" href=\"\/portal\/kit-tubo-edta\/\"><span class='mb-text'>TUBO EDTA<\/span><\/a><\/p><p><button class=\"caldera-forms-modal\" data-form=\"CF5f0e2845c4731\"data-remodal-target=\"cf-modal-CF5f0e2845c473169ea5c2d049b3\" title=\"Click to open the form Fale Conosco in a modal\">Fale conosco<\/button><\/p><\/div><\/div><\/div><\/div><\/div>                                    <\/div>\n                                <\/div>\n\n                            <\/div>\n\n                                                    <div class=\"single_accourdion htmega-icon-align-left\">\n\n                                <div class=\"htmega-accourdion-title\">\n                                    <h2 data-toggle=\"htbcollapse\" data-target=\"#htmega-collapse4413bb9e3\" class=\"htb-collapsed htmega-items-hedding\">Retinoblastoma (sequenciamento do gene RB1) <span class=\"accourdion-icon close-accourdion\"><i class=\"fas fa-minus\"><\/i><\/span><span class=\"accourdion-icon open-accourdion\"><i class=\"fas fa-plus\"><\/i><\/span><\/h2>                                <\/div>\n\n                                <div id=\"htmega-collapse4413bb9e3\" class=\"htb-collapse \" data-parent=\"#accordionExample413bb9e3\" >\n                                    <div class=\"accordion-content\">\n                                        <div id=\"headingOne\" class=\"panel-heading\" role=\"tab\"><p class=\"panel-title\" data-name=\"Retinoblastoma (sequenciamento do gene RB1)\">O exame realiza o sequenciamento de todos os exons codificantes do gene RB1. Muta\u00e7\u00f5es em RB1 causam Retinoblastoma.<\/p><\/div><div id=\"129\" class=\"panel-collapse collapse\" role=\"tabpanel\" aria-labelledby=\"headingOne\" data-name=\"Retinoblastoma (sequenciamento do gene RB1)\"><div class=\"panel-body\"><div class=\"row\"><div class=\"col-lg-10\"><div class=\"gene-list\"><h4 class=\"text-oftalmologia\">Genes Analisados<\/h4><ul class=\"list-inline\"><li>RB1<\/li><\/ul><\/div><div class=\"gene-list\"><h4 class=\"text-oftalmologia\">Tempo estimado de entrega do resultado<\/h4><ul class=\"list-inline\"><li>30 dias<\/li><\/ul><\/div><div class=\"row-to-do\"><h4>Como Solicitar e Realizar o Exame<\/h4><p>Escolha o Kit de Coleta:<\/p><p><a class=\"maxbutton-2 maxbutton maxbutton-swab-bucal-saliva external-css botao-kit-exame\" href=\"http:\/\/medgen.com.br\/portal\/kit-swab-bucal\/\"><span class='mb-text'>SWAB BUCAL\/SALIVA<\/span><\/a> <a class=\"maxbutton-3 maxbutton maxbutton-tubo-edta external-css botao-kit-exame\" href=\"\/portal\/kit-tubo-edta\/\"><span class='mb-text'>TUBO EDTA<\/span><\/a><\/p><p><button class=\"caldera-forms-modal\" data-form=\"CF5f0e2845c4731\"data-remodal-target=\"cf-modal-CF5f0e2845c473169ea5c2d05aef\" title=\"Click to open the form Fale Conosco in a modal\">Fale conosco<\/button><\/p><\/div><\/div><\/div><\/div><\/div>                                    <\/div>\n                                <\/div>\n\n                            <\/div>\n\n                                                    <div class=\"single_accourdion htmega-icon-align-left\">\n\n                                <div class=\"htmega-accourdion-title\">\n                                    <h2 data-toggle=\"htbcollapse\" data-target=\"#htmega-collapse5413bb9e3\" class=\"htb-collapsed htmega-items-hedding\">Sequenciamento Customizado <span class=\"accourdion-icon close-accourdion\"><i class=\"fas fa-minus\"><\/i><\/span><span class=\"accourdion-icon open-accourdion\"><i class=\"fas fa-plus\"><\/i><\/span><\/h2>                                <\/div>\n\n                                <div id=\"htmega-collapse5413bb9e3\" class=\"htb-collapse \" data-parent=\"#accordionExample413bb9e3\" >\n                                    <div class=\"accordion-content\">\n                                        <div id=\"headingOne\" class=\"panel-heading\" role=\"tab\"><p class=\"panel-title\" data-name=\"Sequenciamento Customizado\">Para doen\u00e7as mendelianas que n\u00e3o s\u00e3o cobertas pelos exames listados, a MedGen pode realizar o sequenciamento de genes espec\u00edficos de maneira customizada.<\/p><\/div><div id=\"131\" class=\"panel-collapse collapse\" role=\"tabpanel\" aria-labelledby=\"headingOne\" data-name=\"Sequenciamento Customizado\"><div class=\"panel-body\"><div class=\"row\"><div class=\"col-lg-10\"><div class=\"gene-list\"><h4 class=\"text-oftalmologia\">Tempo estimado de entrega do resultado<\/h4><ul class=\"list-inline\"><li>45 dias<\/li><\/ul><\/div><div class=\"row-to-do\"><h4>Como Solicitar e Realizar o Exame<\/h4><p>Escolha o Kit de Coleta:<\/p><p><a class=\"maxbutton-2 maxbutton maxbutton-swab-bucal-saliva external-css botao-kit-exame\" href=\"http:\/\/medgen.com.br\/portal\/kit-swab-bucal\/\"><span class='mb-text'>SWAB BUCAL\/SALIVA<\/span><\/a> <a class=\"maxbutton-3 maxbutton maxbutton-tubo-edta external-css botao-kit-exame\" href=\"\/portal\/kit-tubo-edta\/\"><span class='mb-text'>TUBO EDTA<\/span><\/a><\/p><p><button class=\"caldera-forms-modal\" data-form=\"CF5f0e2845c4731\"data-remodal-target=\"cf-modal-CF5f0e2845c473169ea5c2d06bd3\" title=\"Click to open the form Fale Conosco in a modal\">Fale conosco<\/button><\/p><\/div><\/div><\/div><\/div><\/div>                                    <\/div>\n                                <\/div>\n\n                            <\/div>\n\n                        <\/div>\t\t\t\t<\/div>\n\t\t\t\t<\/div>\n\t\t\t\t\t<\/div>\n\t\t<\/div>\n\t\t\t\t\t<\/div>\n\t\t<\/section>\n\t\t\t\t<\/div>\n\t\t","protected":false},"excerpt":{"rendered":"<p>Doen\u00e7as do sistema visual, como retinopatias, catarata, glaucoma cong\u00eanito e muitas outras, podem ser causadas por muta\u00e7\u00f5es gen\u00e9ticas. O MedGen oferece diversos exames que permitem a elucida\u00e7\u00e3o da causa gen\u00e9tica dessas doen\u00e7as. LISTA DE EXAMES Exoma Completo O sequenciamento completo do exoma permite a identifica\u00e7\u00e3o da causa de doen\u00e7as gen\u00e9ticas de origem desconhecida ou causadas &#8230; <a title=\"Oftalmologia\" class=\"read-more\" href=\"https:\/\/medgen.com.br\/portal\/oftalmologia\/\" aria-label=\"More on Oftalmologia\">Ler mais<\/a><\/p>\n","protected":false},"author":1,"featured_media":0,"parent":0,"menu_order":0,"comment_status":"closed","ping_status":"closed","template":"","meta":{"footnotes":""},"class_list":["post-445","page","type-page","status-publish"],"_links":{"self":[{"href":"https:\/\/medgen.com.br\/portal\/wp-json\/wp\/v2\/pages\/445","targetHints":{"allow":["GET"]}}],"collection":[{"href":"https:\/\/medgen.com.br\/portal\/wp-json\/wp\/v2\/pages"}],"about":[{"href":"https:\/\/medgen.com.br\/portal\/wp-json\/wp\/v2\/types\/page"}],"author":[{"embeddable":true,"href":"https:\/\/medgen.com.br\/portal\/wp-json\/wp\/v2\/users\/1"}],"replies":[{"embeddable":true,"href":"https:\/\/medgen.com.br\/portal\/wp-json\/wp\/v2\/comments?post=445"}],"version-history":[{"count":13,"href":"https:\/\/medgen.com.br\/portal\/wp-json\/wp\/v2\/pages\/445\/revisions"}],"predecessor-version":[{"id":2159,"href":"https:\/\/medgen.com.br\/portal\/wp-json\/wp\/v2\/pages\/445\/revisions\/2159"}],"wp:attachment":[{"href":"https:\/\/medgen.com.br\/portal\/wp-json\/wp\/v2\/media?parent=445"}],"curies":[{"name":"wp","href":"https:\/\/api.w.org\/{rel}","templated":true}]}}