{"id":458,"date":"2020-07-16T10:09:47","date_gmt":"2020-07-16T13:09:47","guid":{"rendered":"http:\/\/medgen.com.br\/portal\/?page_id=458"},"modified":"2020-07-28T20:31:00","modified_gmt":"2020-07-28T23:31:00","slug":"dermatologia","status":"publish","type":"page","link":"https:\/\/medgen.com.br\/portal\/dermatologia\/","title":{"rendered":"Dermatologia"},"content":{"rendered":"\t\t<div data-elementor-type=\"wp-page\" data-elementor-id=\"458\" class=\"elementor elementor-458\">\n\t\t\t\t\t\t<section class=\"elementor-section elementor-top-section elementor-element elementor-element-42ecd471 elementor-section-boxed elementor-section-height-default elementor-section-height-default\" data-id=\"42ecd471\" data-element_type=\"section\">\n\t\t\t\t\t\t<div class=\"elementor-container elementor-column-gap-default\">\n\t\t\t\t\t<div class=\"elementor-column elementor-col-100 elementor-top-column elementor-element elementor-element-2e893c21\" data-id=\"2e893c21\" data-element_type=\"column\">\n\t\t\t<div class=\"elementor-widget-wrap elementor-element-populated\">\n\t\t\t\t\t\t<div class=\"elementor-element elementor-element-28909e7d elementor-widget elementor-widget-text-editor\" data-id=\"28909e7d\" data-element_type=\"widget\" data-widget_type=\"text-editor.default\">\n\t\t\t\t<div class=\"elementor-widget-container\">\n\t\t\t\t\t\t\t\t\t<p>Doen\u00e7as da pele podem ser causadas por muta\u00e7\u00f5es gen\u00e9ticas. A DNA Medic oferece diversos exames que permitem a elucida\u00e7\u00e3o da causa gen\u00e9tica dessas doen\u00e7as de maneira r\u00e1pida, precisa e acess\u00edvel.<\/p>\t\t\t\t\t\t\t\t<\/div>\n\t\t\t\t<\/div>\n\t\t\t\t<div class=\"elementor-element elementor-element-552bd4c0 elementor-widget elementor-widget-heading\" data-id=\"552bd4c0\" data-element_type=\"widget\" data-widget_type=\"heading.default\">\n\t\t\t\t<div class=\"elementor-widget-container\">\n\t\t\t\t\t<h4 class=\"elementor-heading-title elementor-size-default\">LISTA DE EXAMES<\/h4>\t\t\t\t<\/div>\n\t\t\t\t<\/div>\n\t\t\t\t<div class=\"elementor-element elementor-element-55374060 elementor-widget elementor-widget-htmega-accordion-addons\" data-id=\"55374060\" data-element_type=\"widget\" data-widget_type=\"htmega-accordion-addons.default\">\n\t\t\t\t<div class=\"elementor-widget-container\">\n\t\t\t\t\t<div class=\"accordion\" id=\"accordionExample55374060\">                            <div class=\"single_accourdion htmega-icon-align-left\">\n\n                                <div class=\"htmega-accourdion-title\">\n                                    <h2 data-toggle=\"htbcollapse\" data-target=\"#htmega-collapse155374060\" class=\"htb-collapsed htmega-items-hedding\">Exoma Completo <span class=\"accourdion-icon close-accourdion\"><i class=\"fas fa-minus\"><\/i><\/span><span class=\"accourdion-icon open-accourdion\"><i class=\"fas fa-plus\"><\/i><\/span><\/h2>                                <\/div>\n\n                                <div id=\"htmega-collapse155374060\" class=\"htb-collapse \" data-parent=\"#accordionExample55374060\" >\n                                    <div class=\"accordion-content\">\n                                        <div id=\"headingOne\" class=\"panel-heading\" role=\"tab\"><p class=\"panel-title\" data-name=\"Exoma Completo\">O sequenciamento completo do exoma permite a identifica\u00e7\u00e3o da causa de doen\u00e7as gen\u00e9ticas de origem desconhecida ou causadas por um entre centenas de genes, como Defici\u00eancia Intelectual, Malforma\u00e7\u00f5es e Dist\u00farbios da Diferencia\u00e7\u00e3o Sexual.<\/p><\/div><div id=\"171\" class=\"panel-collapse collapse\" role=\"tabpanel\" aria-labelledby=\"headingOne\" data-name=\"Exoma Completo\"><div class=\"panel-body\"><div class=\"row\"><div class=\"col-lg-10\"><div class=\"gene-list\"><h4 class=\"text-dermatologia\">Tempo estimado de entrega do resultado<\/h4><ul class=\"list-inline\"><li>45 dias<\/li><\/ul><\/div><div class=\"row-to-do\"><h4>Como Solicitar e Realizar o Exame<\/h4><p>Escolha o Kit de Coleta:<\/p><p><a class=\"maxbutton-2 maxbutton maxbutton-swab-bucal-saliva external-css botao-kit-exame\" href=\"http:\/\/medgen.com.br\/portal\/kit-swab-bucal\/\"><span class='mb-text'>SWAB BUCAL\/SALIVA<\/span><\/a> <a class=\"maxbutton-3 maxbutton maxbutton-tubo-edta external-css botao-kit-exame\" href=\"\/portal\/kit-tubo-edta\/\"><span class='mb-text'>TUBO EDTA<\/span><\/a><\/p><p><button class=\"caldera-forms-modal\" data-form=\"CF5f0e2845c4731\"data-remodal-target=\"cf-modal-CF5f0e2845c473169ea4acc44ab0\" title=\"Click to open the form Fale Conosco in a modal\">Fale conosco<\/button><\/p><\/div><\/div><\/div><\/div><\/div>                                    <\/div>\n                                <\/div>\n\n                            <\/div>\n\n                                                    <div class=\"single_accourdion htmega-icon-align-left\">\n\n                                <div class=\"htmega-accourdion-title\">\n                                    <h2 data-toggle=\"htbcollapse\" data-target=\"#htmega-collapse255374060\" class=\"htb-collapsed htmega-items-hedding\">Painel Expandido de Melanoma e C\u00e2ncer de Pele <span class=\"accourdion-icon close-accourdion\"><i class=\"fas fa-minus\"><\/i><\/span><span class=\"accourdion-icon open-accourdion\"><i class=\"fas fa-plus\"><\/i><\/span><\/h2>                                <\/div>\n\n                                <div id=\"htmega-collapse255374060\" class=\"htb-collapse \" data-parent=\"#accordionExample55374060\" >\n                                    <div class=\"accordion-content\">\n                                        <div id=\"headingOne\" class=\"panel-heading\" role=\"tab\"><p class=\"panel-title\" data-name=\"Painel Expandido de Melanoma e C\u00e2ncer de Pele\">O Painel de Melanoma e C\u00e2ncer de Pele analisa os genes associados \u00e0s formas heredit\u00e1rias de melanoma e outros tipos de c\u00e2ncer de pele e anexos.<\/p><\/div><div id=\"175\" class=\"panel-collapse collapse\" role=\"tabpanel\" aria-labelledby=\"headingOne\" data-name=\"Painel Expandido de Melanoma e C\u00e2ncer de Pele\"><div class=\"panel-body\"><div class=\"row\"><div class=\"col-lg-10\"><div class=\"gene-list\"><h4 class=\"text-dermatologia\">Genes Analisados<\/h4><ul class=\"list-inline\"><li>ACD<\/li><li>ATM<\/li><li>BAP1<\/li><li>BARD1<\/li><li>BLM<\/li><li>BRCA1<\/li><li>BRCA2<\/li><li>BRIP1<\/li><li>CDK4<\/li><li>CDKN2A<\/li><li>CHEK2<\/li><li>CYLD<\/li><li>DDB2<\/li><li>EPCAM<\/li><li>ERCC2<\/li><li>ERCC3<\/li><li>ERCC4<\/li><li>ERCC5<\/li><li>ERCC6<\/li><li>FH<\/li><li>FLCN<\/li><li>GLMN<\/li><li>MLH1<\/li><li>MSH2<\/li><li>MSH6<\/li><li>PALB2<\/li><li>PMS2<\/li><li>POLD1<\/li><li>POLE<\/li><li>POLH<\/li><li>POT1<\/li><li>PTCH1<\/li><li>RAD51C<\/li><li>RAD51D<\/li><li>RECQL<\/li><li>RSPO1<\/li><li>TERF2IP<\/li><li>TGFBR1<\/li><li>TMC6<\/li><li>TMC8<\/li><li>TP53<\/li><li>XPA<\/li><li>XPC<\/li><\/ul><\/div><div class=\"gene-list\"><h4 class=\"text-dermatologia\">Tempo estimado de entrega do resultado<\/h4><ul class=\"list-inline\"><li>45 dias<\/li><\/ul><\/div><div class=\"row-to-do\"><h4>Como Solicitar e Realizar o Exame<\/h4><p>Escolha o Kit de Coleta:<\/p><p><a class=\"maxbutton-2 maxbutton maxbutton-swab-bucal-saliva external-css botao-kit-exame\" href=\"http:\/\/medgen.com.br\/portal\/kit-swab-bucal\/\"><span class='mb-text'>SWAB BUCAL\/SALIVA<\/span><\/a> <a class=\"maxbutton-3 maxbutton maxbutton-tubo-edta external-css botao-kit-exame\" href=\"\/portal\/kit-tubo-edta\/\"><span class='mb-text'>TUBO EDTA<\/span><\/a><\/p><p><button class=\"caldera-forms-modal\" data-form=\"CF5f0e2845c4731\"data-remodal-target=\"cf-modal-CF5f0e2845c473169ea4acc461c0\" title=\"Click to open the form Fale Conosco in a modal\">Fale conosco<\/button><\/p><\/div><\/div><\/div><\/div><\/div>                                    <\/div>\n                                <\/div>\n\n                            <\/div>\n\n                                                    <div class=\"single_accourdion htmega-icon-align-left\">\n\n                                <div class=\"htmega-accourdion-title\">\n                                    <h2 data-toggle=\"htbcollapse\" data-target=\"#htmega-collapse355374060\" class=\"htb-collapsed htmega-items-hedding\">Painel de Epiderm\u00f3lise Bolhosa <span class=\"accourdion-icon close-accourdion\"><i class=\"fas fa-minus\"><\/i><\/span><span class=\"accourdion-icon open-accourdion\"><i class=\"fas fa-plus\"><\/i><\/span><\/h2>                                <\/div>\n\n                                <div id=\"htmega-collapse355374060\" class=\"htb-collapse \" data-parent=\"#accordionExample55374060\" >\n                                    <div class=\"accordion-content\">\n                                        <div id=\"headingOne\" class=\"panel-heading\" role=\"tab\"><p class=\"panel-title\" data-name=\"Painel de Epiderm\u00f3lise Bolhosa\">O Painel de Epiderm\u00f3lise Bolhosa sequencia 17 genes envolvidos na etiologia desta doen\u00e7a.<\/p><\/div><div id=\"172\" class=\"panel-collapse collapse\" role=\"tabpanel\" aria-labelledby=\"headingOne\" data-name=\"Painel de Epiderm\u00f3lise Bolhosa\"><div class=\"panel-body\"><div class=\"row\"><div class=\"col-lg-10\"><div class=\"gene-list\"><h4 class=\"text-dermatologia\">Genes Analisados<\/h4><ul class=\"list-inline\"><li>CAST<\/li><li>CD151<\/li><li>COL17A1<\/li><li>COL7A1<\/li><li>DSP<\/li><li>DST<\/li><li>FERMT1<\/li><li>ITGA3<\/li><li>ITGA6<\/li><li>ITGB4<\/li><li>KRT14<\/li><li>KRT5<\/li><li>LAMA3<\/li><li>LAMB3<\/li><li>LAMC2<\/li><li>PLEC<\/li><li>TGM5<\/li><\/ul><\/div><div class=\"gene-list\"><h4 class=\"text-dermatologia\">Tempo estimado de entrega do resultado<\/h4><ul class=\"list-inline\"><li>45 dias<\/li><\/ul><\/div><div class=\"row-to-do\"><h4>Como Solicitar e Realizar o Exame<\/h4><p>Escolha o Kit de Coleta:<\/p><p><a class=\"maxbutton-2 maxbutton maxbutton-swab-bucal-saliva external-css botao-kit-exame\" href=\"http:\/\/medgen.com.br\/portal\/kit-swab-bucal\/\"><span class='mb-text'>SWAB BUCAL\/SALIVA<\/span><\/a> <a class=\"maxbutton-3 maxbutton maxbutton-tubo-edta external-css botao-kit-exame\" href=\"\/portal\/kit-tubo-edta\/\"><span class='mb-text'>TUBO EDTA<\/span><\/a><\/p><p><button class=\"caldera-forms-modal\" data-form=\"CF5f0e2845c4731\"data-remodal-target=\"cf-modal-CF5f0e2845c473169ea4acc47516\" title=\"Click to open the form Fale Conosco in a modal\">Fale conosco<\/button><\/p><\/div><\/div><\/div><\/div><\/div>                                    <\/div>\n                                <\/div>\n\n                            <\/div>\n\n                                                    <div class=\"single_accourdion htmega-icon-align-left\">\n\n                                <div class=\"htmega-accourdion-title\">\n                                    <h2 data-toggle=\"htbcollapse\" data-target=\"#htmega-collapse455374060\" class=\"htb-collapsed htmega-items-hedding\">Painel de Ictiose e Displasia Ectod\u00e9rmica <span class=\"accourdion-icon close-accourdion\"><i class=\"fas fa-minus\"><\/i><\/span><span class=\"accourdion-icon open-accourdion\"><i class=\"fas fa-plus\"><\/i><\/span><\/h2>                                <\/div>\n\n                                <div id=\"htmega-collapse455374060\" class=\"htb-collapse \" data-parent=\"#accordionExample55374060\" >\n                                    <div class=\"accordion-content\">\n                                        <div id=\"headingOne\" class=\"panel-heading\" role=\"tab\"><p class=\"panel-title\" data-name=\"Painel de Ictiose e Displasia Ectod\u00e9rmica\">O Painel de Ictiose e Displasia Ectod\u00e9rmica sequencia 59 genes relacionados a Ictiose e Displasia Ectod\u00e9rmica, incluindo a S\u00edndrome de Sj\u00f6gren-Larsson.<\/p><\/div><div id=\"173\" class=\"panel-collapse collapse\" role=\"tabpanel\" aria-labelledby=\"headingOne\" data-name=\"Painel de Ictiose e Displasia Ectod\u00e9rmica\"><div class=\"panel-body\"><div class=\"row\"><div class=\"col-lg-10\"><div class=\"gene-list\"><h4 class=\"text-dermatologia\">Genes Analisados<\/h4><ul class=\"list-inline\"><li>ABCA12<\/li><li>ABHD5<\/li><li>ALDH3A2<\/li><li>ALOX12B<\/li><li>ALOXE3<\/li><li>AP1S1<\/li><li>CDH1<\/li><li>CDH3<\/li><li>CLDN1<\/li><li>COG6<\/li><li>CSTA<\/li><li>CYP4F22<\/li><li>DLX3<\/li><li>EDA<\/li><li>EDAR<\/li><li>EDARADD<\/li><li>ELOVL4<\/li><li>ERCC2<\/li><li>FLG<\/li><li>GJA1<\/li><li>GJB2<\/li><li>GJB6<\/li><li>GRHL2<\/li><li>HOXC13<\/li><li>HR<\/li><li>IFT122<\/li><li>IKBKG<\/li><li>ITPR2<\/li><li>JUP<\/li><li>KDF1<\/li><li>KREMEN1<\/li><li>KRT1<\/li><li>KRT10<\/li><li>KRT14<\/li><li>KRT2<\/li><li>KRT74<\/li><li>KRT85<\/li><li>LIPN<\/li><li>LOR<\/li><li>MBTPS2<\/li><li>MSX1<\/li><li>NECTIN1<\/li><li>NECTIN4<\/li><li>NFKBIA<\/li><li>NIPAL4<\/li><li>NLRP1<\/li><li>PKP1<\/li><li>PNPLA1<\/li><li>POMP<\/li><li>PRKD1<\/li><li>SLC27A4<\/li><li>SMARCAD1<\/li><li>SNAP29<\/li><li>ST14<\/li><li>STS<\/li><li>TGM1<\/li><li>TP63<\/li><li>TWIST2<\/li><li>WNT10A<\/li><\/ul><\/div><div class=\"gene-list\"><h4 class=\"text-dermatologia\">Tempo estimado de entrega do resultado<\/h4><ul class=\"list-inline\"><li>45 dias<\/li><\/ul><\/div><div class=\"row-to-do\"><h4>Como Solicitar e Realizar o Exame<\/h4><p>Escolha o Kit de Coleta:<\/p><p><a class=\"maxbutton-2 maxbutton maxbutton-swab-bucal-saliva external-css botao-kit-exame\" href=\"http:\/\/medgen.com.br\/portal\/kit-swab-bucal\/\"><span class='mb-text'>SWAB BUCAL\/SALIVA<\/span><\/a> <a class=\"maxbutton-3 maxbutton maxbutton-tubo-edta external-css botao-kit-exame\" href=\"\/portal\/kit-tubo-edta\/\"><span class='mb-text'>TUBO EDTA<\/span><\/a><\/p><p><button class=\"caldera-forms-modal\" data-form=\"CF5f0e2845c4731\"data-remodal-target=\"cf-modal-CF5f0e2845c473169ea4acc48b5a\" title=\"Click to open the form Fale Conosco in a modal\">Fale conosco<\/button><\/p><\/div><\/div><\/div><\/div><\/div>                                    <\/div>\n                                <\/div>\n\n                            <\/div>\n\n                                                    <div class=\"single_accourdion htmega-icon-align-left\">\n\n                                <div class=\"htmega-accourdion-title\">\n                                    <h2 data-toggle=\"htbcollapse\" data-target=\"#htmega-collapse555374060\" class=\"htb-collapsed htmega-items-hedding\">Painel de Porfirias <span class=\"accourdion-icon close-accourdion\"><i class=\"fas fa-minus\"><\/i><\/span><span class=\"accourdion-icon open-accourdion\"><i class=\"fas fa-plus\"><\/i><\/span><\/h2>                                <\/div>\n\n                                <div id=\"htmega-collapse555374060\" class=\"htb-collapse \" data-parent=\"#accordionExample55374060\" >\n                                    <div class=\"accordion-content\">\n                                        <div id=\"headingOne\" class=\"panel-heading\" role=\"tab\"><p class=\"panel-title\" data-name=\"Painel de Porfirias\">O Painel de Porfirias analisa os 8 genes associados com as diversas formas de porfirias.<\/p><\/div><div id=\"176\" class=\"panel-collapse collapse\" role=\"tabpanel\" aria-labelledby=\"headingOne\" data-name=\"Painel de Porfirias\"><div class=\"panel-body\"><div class=\"row\"><div class=\"col-lg-10\"><div class=\"gene-list\"><h4 class=\"text-dermatologia\">Genes Analisados<\/h4><ul class=\"list-inline\"><li>ALAD<\/li><li>ALAS2<\/li><li>CPOX<\/li><li>FECH<\/li><li>HMBS<\/li><li>PPOX<\/li><li>UROD<\/li><li>UROS<\/li><\/ul><\/div><div class=\"gene-list\"><h4 class=\"text-dermatologia\">Tempo estimado de entrega do resultado<\/h4><ul class=\"list-inline\"><li>45 dias<\/li><\/ul><\/div><div class=\"row-to-do\"><h4>Como Solicitar e Realizar o Exame<\/h4><p>Escolha o Kit de Coleta:<\/p><p><a class=\"maxbutton-2 maxbutton maxbutton-swab-bucal-saliva external-css botao-kit-exame\" href=\"http:\/\/medgen.com.br\/portal\/kit-swab-bucal\/\"><span class='mb-text'>SWAB BUCAL\/SALIVA<\/span><\/a> <a class=\"maxbutton-3 maxbutton maxbutton-tubo-edta external-css botao-kit-exame\" href=\"\/portal\/kit-tubo-edta\/\"><span class='mb-text'>TUBO EDTA<\/span><\/a><\/p><p><button class=\"caldera-forms-modal\" data-form=\"CF5f0e2845c4731\"data-remodal-target=\"cf-modal-CF5f0e2845c473169ea4acc4a4fe\" title=\"Click to open the form Fale Conosco in a modal\">Fale conosco<\/button><\/p><\/div><\/div><\/div><\/div><\/div>                                    <\/div>\n                                <\/div>\n\n                            <\/div>\n\n                                                    <div class=\"single_accourdion htmega-icon-align-left\">\n\n                                <div class=\"htmega-accourdion-title\">\n                                    <h2 data-toggle=\"htbcollapse\" data-target=\"#htmega-collapse655374060\" class=\"htb-collapsed htmega-items-hedding\">Sequenciamento Customizado <span class=\"accourdion-icon close-accourdion\"><i class=\"fas fa-minus\"><\/i><\/span><span class=\"accourdion-icon open-accourdion\"><i class=\"fas fa-plus\"><\/i><\/span><\/h2>                                <\/div>\n\n                                <div id=\"htmega-collapse655374060\" class=\"htb-collapse \" data-parent=\"#accordionExample55374060\" >\n                                    <div class=\"accordion-content\">\n                                        <div id=\"headingOne\" class=\"panel-heading\" role=\"tab\"><p class=\"panel-title\" data-name=\"Sequenciamento Customizado\">Para doen\u00e7as mendelianas que n\u00e3o s\u00e3o cobertas pelos exames listados, a DNA Medic pode realizar o sequenciamento de genes espec\u00edficos de maneira customizada.<\/p><\/div><div id=\"174\" class=\"panel-collapse collapse\" role=\"tabpanel\" aria-labelledby=\"headingOne\" data-name=\"Sequenciamento Customizado\"><div class=\"panel-body\"><div class=\"row\"><div class=\"col-lg-10\"><div class=\"gene-list\"><h4 class=\"text-dermatologia\">Tempo estimado de entrega do resultado<\/h4><ul class=\"list-inline\"><li>45 dias<\/li><\/ul><\/div><div class=\"row-to-do\"><h4>Como Solicitar e Realizar o Exame<\/h4><p>Escolha o Kit de Coleta:<\/p><p><a class=\"maxbutton-2 maxbutton maxbutton-swab-bucal-saliva external-css botao-kit-exame\" href=\"http:\/\/medgen.com.br\/portal\/kit-swab-bucal\/\"><span class='mb-text'>SWAB BUCAL\/SALIVA<\/span><\/a> <a class=\"maxbutton-3 maxbutton maxbutton-tubo-edta external-css botao-kit-exame\" href=\"\/portal\/kit-tubo-edta\/\"><span class='mb-text'>TUBO EDTA<\/span><\/a><\/p><p><button class=\"caldera-forms-modal\" data-form=\"CF5f0e2845c4731\"data-remodal-target=\"cf-modal-CF5f0e2845c473169ea4acc4d8b1\" title=\"Click to open the form Fale Conosco in a modal\">Fale conosco<\/button><\/p><\/div><\/div><\/div><\/div><\/div>                                    <\/div>\n                                <\/div>\n\n                            <\/div>\n\n                        <\/div>\t\t\t\t<\/div>\n\t\t\t\t<\/div>\n\t\t\t\t\t<\/div>\n\t\t<\/div>\n\t\t\t\t\t<\/div>\n\t\t<\/section>\n\t\t\t\t<\/div>\n\t\t","protected":false},"excerpt":{"rendered":"<p>Doen\u00e7as da pele podem ser causadas por muta\u00e7\u00f5es gen\u00e9ticas. A MedGen oferece diversos exames que permitem a elucida\u00e7\u00e3o da causa gen\u00e9tica dessas doen\u00e7as de maneira r\u00e1pida, precisa e acess\u00edvel. LISTA DE EXAMES Exoma Completo O sequenciamento completo do exoma permite a identifica\u00e7\u00e3o da causa de doen\u00e7as gen\u00e9ticas de origem desconhecida ou causadas por um entre &#8230; <a title=\"Dermatologia\" class=\"read-more\" href=\"https:\/\/medgen.com.br\/portal\/dermatologia\/\" aria-label=\"More on Dermatologia\">Ler mais<\/a><\/p>\n","protected":false},"author":1,"featured_media":0,"parent":0,"menu_order":0,"comment_status":"closed","ping_status":"closed","template":"","meta":{"footnotes":""},"class_list":["post-458","page","type-page","status-publish"],"_links":{"self":[{"href":"https:\/\/medgen.com.br\/portal\/wp-json\/wp\/v2\/pages\/458","targetHints":{"allow":["GET"]}}],"collection":[{"href":"https:\/\/medgen.com.br\/portal\/wp-json\/wp\/v2\/pages"}],"about":[{"href":"https:\/\/medgen.com.br\/portal\/wp-json\/wp\/v2\/types\/page"}],"author":[{"embeddable":true,"href":"https:\/\/medgen.com.br\/portal\/wp-json\/wp\/v2\/users\/1"}],"replies":[{"embeddable":true,"href":"https:\/\/medgen.com.br\/portal\/wp-json\/wp\/v2\/comments?post=458"}],"version-history":[{"count":15,"href":"https:\/\/medgen.com.br\/portal\/wp-json\/wp\/v2\/pages\/458\/revisions"}],"predecessor-version":[{"id":1556,"href":"https:\/\/medgen.com.br\/portal\/wp-json\/wp\/v2\/pages\/458\/revisions\/1556"}],"wp:attachment":[{"href":"https:\/\/medgen.com.br\/portal\/wp-json\/wp\/v2\/media?parent=458"}],"curies":[{"name":"wp","href":"https:\/\/api.w.org\/{rel}","templated":true}]}}