{"id":460,"date":"2020-07-16T10:10:14","date_gmt":"2020-07-16T13:10:14","guid":{"rendered":"http:\/\/medgen.com.br\/portal\/?page_id=460"},"modified":"2020-09-24T21:27:28","modified_gmt":"2020-09-25T00:27:28","slug":"saude-da-mulher","status":"publish","type":"page","link":"https:\/\/medgen.com.br\/portal\/saude-da-mulher\/","title":{"rendered":"Sa\u00fade da Mulher"},"content":{"rendered":"\t\t<div data-elementor-type=\"wp-page\" data-elementor-id=\"460\" class=\"elementor elementor-460\">\n\t\t\t\t\t\t<section class=\"elementor-section elementor-top-section elementor-element elementor-element-63771def elementor-section-boxed elementor-section-height-default elementor-section-height-default\" data-id=\"63771def\" data-element_type=\"section\">\n\t\t\t\t\t\t<div class=\"elementor-container elementor-column-gap-default\">\n\t\t\t\t\t<div class=\"elementor-column elementor-col-100 elementor-top-column elementor-element elementor-element-dca04d9\" data-id=\"dca04d9\" data-element_type=\"column\">\n\t\t\t<div class=\"elementor-widget-wrap elementor-element-populated\">\n\t\t\t\t\t\t<div class=\"elementor-element elementor-element-3773fa5d elementor-widget elementor-widget-text-editor\" data-id=\"3773fa5d\" data-element_type=\"widget\" data-widget_type=\"text-editor.default\">\n\t\t\t\t<div class=\"elementor-widget-container\">\n\t\t\t\t\t\t\t\t\t<p>A MedGen oferece exames que permitem mais cuidado e aten\u00e7\u00e3o \u00e0 sa\u00fade da mulher e do beb\u00ea.<\/p>\t\t\t\t\t\t\t\t<\/div>\n\t\t\t\t<\/div>\n\t\t\t\t<div class=\"elementor-element elementor-element-5e80576a elementor-widget elementor-widget-heading\" data-id=\"5e80576a\" data-element_type=\"widget\" data-widget_type=\"heading.default\">\n\t\t\t\t<div class=\"elementor-widget-container\">\n\t\t\t\t\t<h4 class=\"elementor-heading-title elementor-size-default\">LISTA DE EXAMES<\/h4>\t\t\t\t<\/div>\n\t\t\t\t<\/div>\n\t\t\t\t<div class=\"elementor-element elementor-element-41790511 elementor-widget elementor-widget-htmega-accordion-addons\" data-id=\"41790511\" data-element_type=\"widget\" data-widget_type=\"htmega-accordion-addons.default\">\n\t\t\t\t<div class=\"elementor-widget-container\">\n\t\t\t\t\t<div class=\"accordion\" id=\"accordionExample41790511\">                            <div class=\"single_accourdion htmega-icon-align-left\">\n\n                                <div class=\"htmega-accourdion-title\">\n                                    <h2 data-toggle=\"htbcollapse\" data-target=\"#htmega-collapse141790511\" class=\"htb-collapsed htmega-items-hedding\">Painel de C\u00e2ncer de Mama e Ov\u00e1rio Heredit\u00e1rios <span class=\"accourdion-icon close-accourdion\"><i class=\"fas fa-minus\"><\/i><\/span><span class=\"accourdion-icon open-accourdion\"><i class=\"fas fa-plus\"><\/i><\/span><\/h2>                                <\/div>\n\n                                <div id=\"htmega-collapse141790511\" class=\"htb-collapse \" data-parent=\"#accordionExample41790511\" >\n                                    <div class=\"accordion-content\">\n                                        <div id=\"headingOne\" class=\"panel-heading\" role=\"tab\"><p class=\"panel-title\" data-name=\"Painel de C\u00e2ncer de Mama e Ov\u00e1rio Heredit\u00e1rios\">Os genes mais frequentemente relacionados com c\u00e2ncer de mama e ov\u00e1rio heredit\u00e1rios est\u00e3o inclu\u00eddos no Painel de C\u00e2ncer Heredit\u00e1rio, que permite o diagn\u00f3stico de muta\u00e7\u00f5es em 37 genes.<\/p><\/div><div id=\"178\" class=\"panel-collapse collapse\" role=\"tabpanel\" aria-labelledby=\"headingOne\" data-name=\"Painel de C\u00e2ncer de Mama e Ov\u00e1rio Heredit\u00e1rios\"><div class=\"panel-body\"><div class=\"row\"><div class=\"col-lg-10\"><div class=\"gene-list\"><h4 class=\"text-saude-da-mulher\">Genes Analisados<\/h4><ul class=\"list-inline\"><li>APC<\/li><li>ATM<\/li><li>BARD1<\/li><li>BLM<\/li><li>BRCA1<\/li><li>BRCA2<\/li><li>BRIP1<\/li><li>CDH1<\/li><li>CDK4<\/li><li>CDKN2A<\/li><li>CHEK2<\/li><li>EGFR<\/li><li>EPCAM<\/li><li>FANCC<\/li><li>MEN1<\/li><li>MET<\/li><li>MLH1<\/li><li>MSH2<\/li><li>MSH6<\/li><li>MUTYH<\/li><li>NBN<\/li><li>NF1<\/li><li>NF2<\/li><li>PALB2<\/li><li>PIK3CA<\/li><li>PMS2<\/li><li>POLD1<\/li><li>POLE<\/li><li>PTEN<\/li><li>RAD51C<\/li><li>RAD51D<\/li><li>RB1<\/li><li>RECQL<\/li><li>RET<\/li><li>STK11<\/li><li>TP53<\/li><li>WT1<\/li><\/ul><\/div><div class=\"gene-list\"><h4 class=\"text-saude-da-mulher\">Tempo estimado de entrega do resultado<\/h4><ul class=\"list-inline\"><li>30 dias<\/li><\/ul><\/div><div class=\"row-to-do\"><h4>Como Solicitar e Realizar o Exame<\/h4><p>Escolha o Kit de Coleta:<\/p><p><a class=\"maxbutton-2 maxbutton maxbutton-swab-bucal-saliva external-css botao-kit-exame\" href=\"http:\/\/medgen.com.br\/portal\/kit-swab-bucal\/\"><span class='mb-text'>SWAB BUCAL\/SALIVA<\/span><\/a> <a class=\"maxbutton-3 maxbutton maxbutton-tubo-edta external-css botao-kit-exame\" href=\"\/portal\/kit-tubo-edta\/\"><span class='mb-text'>TUBO EDTA<\/span><\/a><\/p><p><button class=\"caldera-forms-modal\" data-form=\"CF5f0e2845c4731\"data-remodal-target=\"cf-modal-CF5f0e2845c473169ea4ad68361f\" title=\"Click to open the form Fale Conosco in a modal\">Fale conosco<\/button><\/p><\/div><\/div><\/div><\/div><\/div>                                    <\/div>\n                                <\/div>\n\n                            <\/div>\n\n                                                    <div class=\"single_accourdion htmega-icon-align-left\">\n\n                                <div class=\"htmega-accourdion-title\">\n                                    <h2 data-toggle=\"htbcollapse\" data-target=\"#htmega-collapse241790511\" class=\"htb-collapsed htmega-items-hedding\">Pr\u00e9-natal N\u00e3o-invasivo (NIPT) <span class=\"accourdion-icon close-accourdion\"><i class=\"fas fa-minus\"><\/i><\/span><span class=\"accourdion-icon open-accourdion\"><i class=\"fas fa-plus\"><\/i><\/span><\/h2>                                <\/div>\n\n                                <div id=\"htmega-collapse241790511\" class=\"htb-collapse \" data-parent=\"#accordionExample41790511\" >\n                                    <div class=\"accordion-content\">\n                                        <div id=\"headingOne\" class=\"panel-heading\" role=\"tab\"><p class=\"panel-title\" data-name=\"Pr\u00e9-natal N\u00e3o-invasivo (NIPT)\">Logo ap\u00f3s a d\u00e9cima semana gestacional, \u00e9 poss\u00edvel realizar o exame. O teste \u00e9 feito com uma amostra de sangue da m\u00e3e, ou seja, n\u00e3o apresenta nenhum risco para a gesta\u00e7\u00e3o, e pode ser feito em gesta\u00e7\u00f5es gemelares. O pr\u00e9-natal n\u00e3o-invasivo \u00e9 um exame de triagem. Ele aponta probabilidades, n\u00e3o fazendo diagn\u00f3sticos definitivos. Isto significa que, no caso de resultado positivo, est\u00e1 indicada confirma\u00e7\u00e3o diagn\u00f3stica por outros m\u00e9todos, a serem avaliados com seu obstetra. O exame analisa as poss\u00edveis altera\u00e7\u00f5es no n\u00famero dos cromossomos 13, 18, 21, X e Y. Tamb\u00e9m \u00e9 poss\u00edvel a identifica\u00e7\u00e3o do sexo do beb\u00ea. Os resultados saem em vinte dias corridos. A coleta para realiza\u00e7\u00e3o do exame NIPT \u00e9 realizada somente no Laborat\u00f3rio MedGen.<\/p><\/div><div id=\"177\" class=\"panel-collapse collapse\" role=\"tabpanel\" aria-labelledby=\"headingOne\" data-name=\"Pr\u00e9-natal N\u00e3o-invasivo (NIPT)\"><div class=\"panel-body\"><div class=\"row\"><div class=\"col-lg-10\"><div class=\"gene-list\"><h4 class=\"text-saude-da-mulher\">Tempo estimado de entrega do resultado<\/h4><ul class=\"list-inline\"><li>20 dias<\/li><\/ul><\/div><div class=\"row-to-do\"><h4>Como Solicitar e Realizar o Exame<\/h4><p>Escolha o Kit de Coleta:<\/p><p><a class=\"maxbutton-2 maxbutton maxbutton-swab-bucal-saliva external-css botao-kit-exame\" href=\"http:\/\/medgen.com.br\/portal\/kit-swab-bucal\/\"><span class='mb-text'>SWAB BUCAL\/SALIVA<\/span><\/a> <a class=\"maxbutton-3 maxbutton maxbutton-tubo-edta external-css botao-kit-exame\" href=\"\/portal\/kit-tubo-edta\/\"><span class='mb-text'>TUBO EDTA<\/span><\/a><\/p><p><button class=\"caldera-forms-modal\" data-form=\"CF5f0e2845c4731\"data-remodal-target=\"cf-modal-CF5f0e2845c473169ea4ad6854f8\" title=\"Click to open the form Fale Conosco in a modal\">Fale conosco<\/button><\/p><\/div><\/div><\/div><\/div><\/div>                                    <\/div>\n                                <\/div>\n\n                            <\/div>\n\n                        <\/div>\t\t\t\t<\/div>\n\t\t\t\t<\/div>\n\t\t\t\t\t<\/div>\n\t\t<\/div>\n\t\t\t\t\t<\/div>\n\t\t<\/section>\n\t\t\t\t<\/div>\n\t\t","protected":false},"excerpt":{"rendered":"<p>A MedGen oferece exames que permitem mais cuidado e aten\u00e7\u00e3o \u00e0 sa\u00fade da mulher e do beb\u00ea. LISTA DE EXAMES Painel de C\u00e2ncer de Mama e Ov\u00e1rio Heredit\u00e1rios Os genes mais frequentemente relacionados com c\u00e2ncer de mama e ov\u00e1rio heredit\u00e1rios est\u00e3o inclu\u00eddos no Painel de C\u00e2ncer Heredit\u00e1rio, que permite o diagn\u00f3stico de muta\u00e7\u00f5es em 37 &#8230; <a title=\"Sa\u00fade da Mulher\" class=\"read-more\" href=\"https:\/\/medgen.com.br\/portal\/saude-da-mulher\/\" aria-label=\"More on Sa\u00fade da Mulher\">Ler mais<\/a><\/p>\n","protected":false},"author":1,"featured_media":0,"parent":0,"menu_order":0,"comment_status":"closed","ping_status":"closed","template":"","meta":{"footnotes":""},"class_list":["post-460","page","type-page","status-publish"],"_links":{"self":[{"href":"https:\/\/medgen.com.br\/portal\/wp-json\/wp\/v2\/pages\/460","targetHints":{"allow":["GET"]}}],"collection":[{"href":"https:\/\/medgen.com.br\/portal\/wp-json\/wp\/v2\/pages"}],"about":[{"href":"https:\/\/medgen.com.br\/portal\/wp-json\/wp\/v2\/types\/page"}],"author":[{"embeddable":true,"href":"https:\/\/medgen.com.br\/portal\/wp-json\/wp\/v2\/users\/1"}],"replies":[{"embeddable":true,"href":"https:\/\/medgen.com.br\/portal\/wp-json\/wp\/v2\/comments?post=460"}],"version-history":[{"count":9,"href":"https:\/\/medgen.com.br\/portal\/wp-json\/wp\/v2\/pages\/460\/revisions"}],"predecessor-version":[{"id":2148,"href":"https:\/\/medgen.com.br\/portal\/wp-json\/wp\/v2\/pages\/460\/revisions\/2148"}],"wp:attachment":[{"href":"https:\/\/medgen.com.br\/portal\/wp-json\/wp\/v2\/media?parent=460"}],"curies":[{"name":"wp","href":"https:\/\/api.w.org\/{rel}","templated":true}]}}