{"id":514,"date":"2020-07-16T14:57:51","date_gmt":"2020-07-16T17:57:51","guid":{"rendered":"http:\/\/medgen.com.br\/portal\/?page_id=514"},"modified":"2020-08-31T17:39:21","modified_gmt":"2020-08-31T20:39:21","slug":"kit-swab-bucal","status":"publish","type":"page","link":"https:\/\/medgen.com.br\/portal\/kit-swab-bucal\/","title":{"rendered":"Kit SWAB Bucal"},"content":{"rendered":"\t\t<div data-elementor-type=\"wp-page\" data-elementor-id=\"514\" class=\"elementor elementor-514\">\n\t\t\t\t\t\t<section class=\"elementor-section elementor-top-section elementor-element elementor-element-720f07f elementor-section-boxed elementor-section-height-default elementor-section-height-default\" data-id=\"720f07f\" data-element_type=\"section\">\n\t\t\t\t\t\t<div class=\"elementor-container elementor-column-gap-default\">\n\t\t\t\t\t<div class=\"elementor-column elementor-col-100 elementor-top-column elementor-element elementor-element-bca0d9a\" data-id=\"bca0d9a\" data-element_type=\"column\">\n\t\t\t<div class=\"elementor-widget-wrap elementor-element-populated\">\n\t\t\t\t\t\t<div class=\"elementor-element elementor-element-1142b0f elementor-widget elementor-widget-shortcode\" data-id=\"1142b0f\" data-element_type=\"widget\" data-widget_type=\"shortcode.default\">\n\t\t\t\t<div class=\"elementor-widget-container\">\n\t\t\t\t\t\t\t<div class=\"elementor-shortcode\">\t\t<div data-elementor-type=\"wp-post\" data-elementor-id=\"2071\" class=\"elementor elementor-2071\">\n\t\t\t\t\t\t<section class=\"elementor-section elementor-top-section elementor-element elementor-element-8a0e4ef elementor-section-boxed elementor-section-height-default elementor-section-height-default\" data-id=\"8a0e4ef\" data-element_type=\"section\">\n\t\t\t\t\t\t<div class=\"elementor-container elementor-column-gap-default\">\n\t\t\t\t\t<div class=\"elementor-column elementor-col-100 elementor-top-column elementor-element elementor-element-57057b1\" data-id=\"57057b1\" data-element_type=\"column\">\n\t\t\t<div class=\"elementor-widget-wrap elementor-element-populated\">\n\t\t\t\t\t\t<div class=\"elementor-element elementor-element-287829e elementor-widget elementor-widget-image\" data-id=\"287829e\" data-element_type=\"widget\" data-widget_type=\"image.default\">\n\t\t\t\t<div class=\"elementor-widget-container\">\n\t\t\t\t\t\t\t\t\t\t\t\t\t\t\t<img fetchpriority=\"high\" decoding=\"async\" width=\"1086\" height=\"296\" src=\"https:\/\/medgen.com.br\/portal\/wp-content\/uploads\/2020\/08\/fundo-telefonista.jpg\" class=\"attachment-full size-full wp-image-2074\" alt=\"\" srcset=\"https:\/\/medgen.com.br\/portal\/wp-content\/uploads\/2020\/08\/fundo-telefonista.jpg 1086w, https:\/\/medgen.com.br\/portal\/wp-content\/uploads\/2020\/08\/fundo-telefonista-300x82.jpg 300w, https:\/\/medgen.com.br\/portal\/wp-content\/uploads\/2020\/08\/fundo-telefonista-1024x279.jpg 1024w, https:\/\/medgen.com.br\/portal\/wp-content\/uploads\/2020\/08\/fundo-telefonista-768x209.jpg 768w\" sizes=\"(max-width: 1086px) 100vw, 1086px\" \/>\t\t\t\t\t\t\t\t\t\t\t\t\t\t\t<\/div>\n\t\t\t\t<\/div>\n\t\t\t\t\t<\/div>\n\t\t<\/div>\n\t\t\t\t\t<\/div>\n\t\t<\/section>\n\t\t\t\t<\/div>\n\t\t<\/div>\n\t\t\t\t\t\t<\/div>\n\t\t\t\t<\/div>\n\t\t\t\t\t<\/div>\n\t\t<\/div>\n\t\t\t\t\t<\/div>\n\t\t<\/section>\n\t\t\t\t<section class=\"elementor-section elementor-top-section elementor-element elementor-element-10ec0c6 elementor-section-boxed elementor-section-height-default elementor-section-height-default\" data-id=\"10ec0c6\" data-element_type=\"section\">\n\t\t\t\t\t\t<div class=\"elementor-container elementor-column-gap-default\">\n\t\t\t\t\t<div class=\"elementor-column elementor-col-100 elementor-top-column elementor-element elementor-element-de47845\" data-id=\"de47845\" data-element_type=\"column\">\n\t\t\t<div class=\"elementor-widget-wrap elementor-element-populated\">\n\t\t\t\t\t\t<div class=\"elementor-element elementor-element-b03fccf elementor-widget elementor-widget-heading\" data-id=\"b03fccf\" data-element_type=\"widget\" data-widget_type=\"heading.default\">\n\t\t\t\t<div class=\"elementor-widget-container\">\n\t\t\t\t\t<h2 class=\"elementor-heading-title elementor-size-default\">Nossos exames podem ser realizados em qualquer lugar do Brasil<\/h2>\t\t\t\t<\/div>\n\t\t\t\t<\/div>\n\t\t\t\t\t<\/div>\n\t\t<\/div>\n\t\t\t\t\t<\/div>\n\t\t<\/section>\n\t\t\t\t<section class=\"elementor-section elementor-top-section elementor-element elementor-element-36d82bd elementor-section-boxed elementor-section-height-default elementor-section-height-default\" data-id=\"36d82bd\" data-element_type=\"section\">\n\t\t\t\t\t\t<div class=\"elementor-container elementor-column-gap-default\">\n\t\t\t\t\t<div class=\"elementor-column elementor-col-50 elementor-top-column elementor-element elementor-element-7feedfd\" data-id=\"7feedfd\" data-element_type=\"column\">\n\t\t\t<div class=\"elementor-widget-wrap elementor-element-populated\">\n\t\t\t\t\t\t<div class=\"elementor-element elementor-element-0fc1975 elementor-widget elementor-widget-video\" data-id=\"0fc1975\" data-element_type=\"widget\" data-settings=\"{&quot;youtube_url&quot;:&quot;https:\\\/\\\/youtu.be\\\/Rbge0cTvSOE&quot;,&quot;video_type&quot;:&quot;youtube&quot;,&quot;controls&quot;:&quot;yes&quot;}\" data-widget_type=\"video.default\">\n\t\t\t\t<div class=\"elementor-widget-container\">\n\t\t\t\t\t\t\t<div class=\"elementor-wrapper elementor-open-inline\">\n\t\t\t<div class=\"elementor-video\"><\/div>\t\t<\/div>\n\t\t\t\t\t\t<\/div>\n\t\t\t\t<\/div>\n\t\t\t\t\t<\/div>\n\t\t<\/div>\n\t\t\t\t<div class=\"elementor-column elementor-col-50 elementor-top-column elementor-element elementor-element-430f63f\" data-id=\"430f63f\" data-element_type=\"column\">\n\t\t\t<div class=\"elementor-widget-wrap elementor-element-populated\">\n\t\t\t\t\t\t<div class=\"elementor-element elementor-element-518cbba elementor-widget elementor-widget-text-editor\" data-id=\"518cbba\" data-element_type=\"widget\" data-widget_type=\"text-editor.default\">\n\t\t\t\t<div class=\"elementor-widget-container\">\n\t\t\t\t\t\t\t\t\t<p><span style=\"color: #333399;\">O Kit de Coleta do MedGen \u00e9 gratuito. Ao agendar seu exame, aproveite para tirar suas d\u00favidas.<\/span><\/p><h3>\u00a0<\/h3><h3><span style=\"color: #333399;\">Gostaria de realizar um exame sigiloso?\u00a0<\/span><\/h3><p><span style=\"color: #333399;\">O MedGen envia o Kit para seu endere\u00e7o.<\/span><\/p><p><span style=\"color: #333399;\">Ligue ou fa\u00e7a contato pelo whatsapp ou e-mail e tire suas d\u00favidas. Endere\u00e7os no rodap\u00e9 desta p\u00e1gina.<\/span><\/p><p><span style=\"color: #333399;\">Os kits de coleta podem ser enviados para todo o Brasil e Am\u00e9rica Latina.\u00a0<\/span><\/p><h3><span style=\"color: #333399;\">Como solicitar o kit?<\/span><\/h3><p><span style=\"color: #333399;\">Entre em contato atrav\u00e9s dos endere\u00e7os citados no rodap\u00e9 e ser\u00e1 orientado.\u00a0<\/span><\/p>\t\t\t\t\t\t\t\t<\/div>\n\t\t\t\t<\/div>\n\t\t\t\t\t<\/div>\n\t\t<\/div>\n\t\t\t\t\t<\/div>\n\t\t<\/section>\n\t\t\t\t<section class=\"elementor-section elementor-top-section elementor-element elementor-element-c3e2fe8 elementor-section-boxed elementor-section-height-default elementor-section-height-default\" data-id=\"c3e2fe8\" data-element_type=\"section\">\n\t\t\t\t\t\t<div class=\"elementor-container elementor-column-gap-default\">\n\t\t\t\t\t<div class=\"elementor-column elementor-col-50 elementor-top-column elementor-element elementor-element-85e7019\" data-id=\"85e7019\" data-element_type=\"column\">\n\t\t\t<div class=\"elementor-widget-wrap elementor-element-populated\">\n\t\t\t\t\t\t<div class=\"elementor-element elementor-element-35edaf7 elementor-widget elementor-widget-text-editor\" data-id=\"35edaf7\" data-element_type=\"widget\" data-widget_type=\"text-editor.default\">\n\t\t\t\t<div class=\"elementor-widget-container\">\n\t\t\t\t\t\t\t\t\t<h3><span style=\"background-color: transparent; color: #333399;\">Kit de Coleta Swab Bucal<\/span><\/h3><p><span style=\"color: #333399;\">A coleta de c\u00e9lulas da mucosa bucal \u00e9 t\u00e3o eficaz quanto \u00e0 coleta de sangue. Atrav\u00e9s de um esfrega\u00e7o no interior da bochecha, s\u00e3o colhidas c\u00e9lulas que cont\u00e9m DNA.\u00a0\u00a0<\/span><\/p><p><span style=\"color: #333399;\">O \u00fanico preparo necess\u00e1rio \u00e9 uma higiene bucal seguida de jejum absoluto nos 30 minutos que antecedem a coleta.<\/span><\/p><p><span style=\"color: #333399;\">A amostra colhida em laborat\u00f3rios parceiros ou pelo pr\u00f3prio interessado em casos de exames sigilosos, deve ser enviada ao MedGen, em temperatura ambiente, no envelope de retorno. Ligue e tire suas d\u00favidas.<\/span><\/p>\t\t\t\t\t\t\t\t<\/div>\n\t\t\t\t<\/div>\n\t\t\t\t\t<\/div>\n\t\t<\/div>\n\t\t\t\t<div class=\"elementor-column elementor-col-50 elementor-top-column elementor-element elementor-element-d637992\" data-id=\"d637992\" data-element_type=\"column\">\n\t\t\t<div class=\"elementor-widget-wrap elementor-element-populated\">\n\t\t\t\t\t\t<div class=\"elementor-element elementor-element-f54ff7f elementor-widget elementor-widget-text-editor\" data-id=\"f54ff7f\" data-element_type=\"widget\" data-widget_type=\"text-editor.default\">\n\t\t\t\t<div class=\"elementor-widget-container\">\n\t\t\t\t\t\t\t\t\t<h3><span style=\"color: #333399;\">Como enviar o kit de volta ao laborat\u00f3rio?<\/span><\/h3><p><span style=\"color: #333399;\">Ap\u00f3s a realiza\u00e7\u00e3o da coleta,\u00a0 insira as amostras, ficha de entrevista e\u00a0 toda documenta\u00e7\u00e3o no envelope de retorno.\u00a0 Lacre-o e envie via sedex para o endere\u00e7o: Av. Get\u00falio Vargas \u2013 1920 \u2013 CEP 38.400-434 \u2013 Uberl\u00e2ndia \u2013 MG<\/span><\/p><p>\u00a0<\/p><h3><span style=\"color: #333399;\">Coleta presencial<\/span><\/h3><p><span style=\"color: #333399;\">Voc\u00ea que se encontra em Uberl\u00e2ndia tamb\u00e9m tem a op\u00e7\u00e3o de realizar a coleta no pr\u00f3prio Laborat\u00f3rio MedGen. Ligue e agende seu exame.<\/span>\u00a0<\/p>\t\t\t\t\t\t\t\t<\/div>\n\t\t\t\t<\/div>\n\t\t\t\t\t<\/div>\n\t\t<\/div>\n\t\t\t\t\t<\/div>\n\t\t<\/section>\n\t\t\t\t<section class=\"elementor-section elementor-top-section elementor-element elementor-element-ed13938 elementor-section-boxed elementor-section-height-default elementor-section-height-default\" data-id=\"ed13938\" data-element_type=\"section\">\n\t\t\t\t\t\t<div class=\"elementor-container elementor-column-gap-default\">\n\t\t\t\t\t<div class=\"elementor-column elementor-col-100 elementor-top-column elementor-element elementor-element-1ecb304\" data-id=\"1ecb304\" data-element_type=\"column\">\n\t\t\t<div class=\"elementor-widget-wrap elementor-element-populated\">\n\t\t\t\t\t\t<div class=\"elementor-element elementor-element-9ec552d elementor-widget elementor-widget-shortcode\" data-id=\"9ec552d\" data-element_type=\"widget\" data-widget_type=\"shortcode.default\">\n\t\t\t\t<div class=\"elementor-widget-container\">\n\t\t\t\t\t\t\t<div class=\"elementor-shortcode\">\t\t<div data-elementor-type=\"wp-post\" data-elementor-id=\"2083\" class=\"elementor elementor-2083\">\n\t\t\t\t\t\t<section class=\"elementor-section elementor-top-section elementor-element elementor-element-81f17ed elementor-section-boxed elementor-section-height-default elementor-section-height-default\" data-id=\"81f17ed\" data-element_type=\"section\">\n\t\t\t\t\t\t<div class=\"elementor-container elementor-column-gap-default\">\n\t\t\t\t\t<div class=\"elementor-column elementor-col-100 elementor-top-column elementor-element elementor-element-b8d65fc\" data-id=\"b8d65fc\" data-element_type=\"column\">\n\t\t\t<div class=\"elementor-widget-wrap elementor-element-populated\">\n\t\t\t\t\t\t<div class=\"elementor-element elementor-element-26554db elementor-widget elementor-widget-heading\" data-id=\"26554db\" data-element_type=\"widget\" data-widget_type=\"heading.default\">\n\t\t\t\t<div class=\"elementor-widget-container\">\n\t\t\t\t\t<h2 class=\"elementor-heading-title elementor-size-default\">Localiza\u00e7\u00e3o<\/h2>\t\t\t\t<\/div>\n\t\t\t\t<\/div>\n\t\t\t\t<div class=\"elementor-element elementor-element-ea57b3a elementor-widget elementor-widget-google_maps\" data-id=\"ea57b3a\" data-element_type=\"widget\" data-widget_type=\"google_maps.default\">\n\t\t\t\t<div class=\"elementor-widget-container\">\n\t\t\t\t\t\t\t<div class=\"elementor-custom-embed\">\n\t\t\t<iframe loading=\"lazy\"\n\t\t\t\t\tsrc=\"https:\/\/maps.google.com\/maps?q=R.%20Goi%C3%A1s%2C%20450%20-%20Centro%20-%20Uberl%C3%A2ndia%20-%20MG&#038;t=m&#038;z=16&#038;output=embed&#038;iwloc=near\"\n\t\t\t\t\ttitle=\"R. Goi\u00e1s, 450 - Centro - Uberl\u00e2ndia - MG\"\n\t\t\t\t\taria-label=\"R. Goi\u00e1s, 450 - Centro - Uberl\u00e2ndia - MG\"\n\t\t\t><\/iframe>\n\t\t<\/div>\n\t\t\t\t\t\t<\/div>\n\t\t\t\t<\/div>\n\t\t\t\t\t<\/div>\n\t\t<\/div>\n\t\t\t\t\t<\/div>\n\t\t<\/section>\n\t\t\t\t<\/div>\n\t\t<\/div>\n\t\t\t\t\t\t<\/div>\n\t\t\t\t<\/div>\n\t\t\t\t\t<\/div>\n\t\t<\/div>\n\t\t\t\t\t<\/div>\n\t\t<\/section>\n\t\t\t\t<\/div>\n\t\t","protected":false},"excerpt":{"rendered":"<p>Nossos exames podem ser realizados em qualquer lugar do Brasil https:\/\/youtu.be\/Rbge0cTvSOE O Kit de Coleta do MedGen \u00e9 gratuito. Ao agendar seu exame, aproveite para tirar suas d\u00favidas. \u00a0 Gostaria de realizar um exame sigiloso?\u00a0 O MedGen envia o Kit para seu endere\u00e7o. Ligue ou fa\u00e7a contato pelo whatsapp ou e-mail e tire suas d\u00favidas. &#8230; <a title=\"Kit SWAB Bucal\" class=\"read-more\" href=\"https:\/\/medgen.com.br\/portal\/kit-swab-bucal\/\" aria-label=\"More on Kit SWAB Bucal\">Ler mais<\/a><\/p>\n","protected":false},"author":1,"featured_media":0,"parent":0,"menu_order":0,"comment_status":"closed","ping_status":"closed","template":"","meta":{"footnotes":""},"class_list":["post-514","page","type-page","status-publish"],"_links":{"self":[{"href":"https:\/\/medgen.com.br\/portal\/wp-json\/wp\/v2\/pages\/514","targetHints":{"allow":["GET"]}}],"collection":[{"href":"https:\/\/medgen.com.br\/portal\/wp-json\/wp\/v2\/pages"}],"about":[{"href":"https:\/\/medgen.com.br\/portal\/wp-json\/wp\/v2\/types\/page"}],"author":[{"embeddable":true,"href":"https:\/\/medgen.com.br\/portal\/wp-json\/wp\/v2\/users\/1"}],"replies":[{"embeddable":true,"href":"https:\/\/medgen.com.br\/portal\/wp-json\/wp\/v2\/comments?post=514"}],"version-history":[{"count":23,"href":"https:\/\/medgen.com.br\/portal\/wp-json\/wp\/v2\/pages\/514\/revisions"}],"predecessor-version":[{"id":2102,"href":"https:\/\/medgen.com.br\/portal\/wp-json\/wp\/v2\/pages\/514\/revisions\/2102"}],"wp:attachment":[{"href":"https:\/\/medgen.com.br\/portal\/wp-json\/wp\/v2\/media?parent=514"}],"curies":[{"name":"wp","href":"https:\/\/api.w.org\/{rel}","templated":true}]}}